{"id":1283,"date":"2021-05-03T21:54:43","date_gmt":"2021-05-03T20:54:43","guid":{"rendered":"https:\/\/plakci.nl\/?post_type=product&#038;p=1283"},"modified":"2026-04-29T14:07:35","modified_gmt":"2026-04-29T12:07:35","slug":"baris-manco-mancoloji-12","status":"publish","type":"product","link":"https:\/\/plakci.nl\/tr\/product\/baris-manco-mancoloji-12\/","title":{"rendered":"[LP] Bar\u0131\u015f Man\u00e7o &#8211; Mancoloji 1&#038;2 SET"},"content":{"rendered":"<p>1A<\/p>\n<ol>\n<li>Da\u011flar Da\u011flar<\/li>\n<li>\u0130\u015fte Hendek \u0130\u015fte Deve<\/li>\n<li>Sar\u0131 \u00c7izmeli Mehmet A\u011fa<\/li>\n<li>Kara Sevda<\/li>\n<li>Hal Hal<\/li>\n<li>Kol D\u00fc\u011fmeleri<\/li>\n<\/ol>\n<p>1B<\/p>\n<ol>\n<li>G\u00fcl Pembe<\/li>\n<li>Unutamad\u0131m<\/li>\n<li>Aynal\u0131 Kemer<\/li>\n<li>Nazar Eyle<\/li>\n<li>Can Bedenden \u00c7\u0131kmay\u0131nca<\/li>\n<\/ol>\n<p>2A<\/p>\n<ol>\n<li>D\u00f6nence<\/li>\n<li>Anl\u0131yorsun De\u011filmi<\/li>\n<li>G\u00fcl Bebe\u011fim<\/li>\n<li>Halil \u0130brahim Sofras\u0131<\/li>\n<li>Hal Hal<\/li>\n<li>Yolla Yarim<\/li>\n<\/ol>\n<p>2B<\/p>\n<ol>\n<li>Nick The Chopper<\/li>\n<li>Alla Beni Pulla Beni<\/li>\n<li>Domates, Biber, Patl\u0131can<\/li>\n<li>Ben Bilirim<\/li>\n<li>Gibi Gibi<\/li>\n<\/ol>\n","protected":false},"excerpt":{"rendered":"<p>1A Da\u011flar Da\u011flar \u0130\u015fte Hendek \u0130\u015fte Deve Sar\u0131 \u00c7izmeli Mehmet A\u011fa Kara Sevda Hal Hal Kol D\u00fc\u011fmeleri 1B G\u00fcl Pembe Unutamad\u0131m Aynal\u0131 Kemer Nazar Eyle Can Bedenden \u00c7\u0131kmay\u0131nca 2A D\u00f6nence Anl\u0131yorsun De\u011filmi G\u00fcl Bebe\u011fim Halil \u0130brahim Sofras\u0131 Hal Hal Yolla Yarim 2B Nick The Chopper Alla Beni Pulla Beni Domates, Biber, Patl\u0131can Ben Bilirim Gibi Gibi<\/p>\n","protected":false},"featured_media":1284,"template":"","meta":{"_joinchat":[]},"product_brand":[],"product_cat":[19,592,664,509],"product_tag":[696],"giftcard-category":[],"class_list":{"0":"post-1283","1":"product","2":"type-product","3":"status-publish","4":"has-post-thumbnail","6":"product_cat-barismanco","7":"product_cat-lps","8":"product_cat-pop","9":"product_cat-set","10":"product_tag-emre","12":"first","13":"instock","14":"sale","15":"taxable","16":"shipping-taxable","17":"purchasable","18":"product-type-yith_bundle","19":"add-to-wishlist-before_image"},"supplier_id":null,"supplier_sku":"","barcode":null,"atum_controlled":true,"out_stock_date":"2022-01-01 22:55:52","out_stock_threshold":null,"inheritable":false,"inbound_stock":0,"stock_on_hold":0,"sold_today":0,"sales_last_days":1,"reserved_stock":0,"customer_returns":0,"warehouse_damage":0,"lost_in_post":0,"other_logs":0,"out_stock_days":1585,"lost_sales":12802,"has_location":false,"update_date":"2026-05-06T00:11:20","atum_locations":[],"atum_stock_status":"instock","restock_status":false,"low_stock_amount":"","sales_update_date":"2026-05-06T00:11:20","calc_backorders":null,"yoast_head":"<!-- This site is optimized with the Yoast SEO plugin v27.5 - https:\/\/yoast.com\/product\/yoast-seo-wordpress\/ -->\n<title>Bar\u0131\u015f Man\u00e7o - Mancoloji 1&amp;2 SET - Plakci.nl<\/title>\n<meta name=\"robots\" content=\"index, follow, max-snippet:-1, max-image-preview:large, max-video-preview:-1\" \/>\n<link rel=\"canonical\" href=\"https:\/\/plakci.nl\/tr\/product\/baris-manco-mancoloji-12\/\" \/>\n<meta property=\"og:locale\" content=\"tr_TR\" \/>\n<meta property=\"og:type\" content=\"article\" \/>\n<meta property=\"og:title\" content=\"Bar\u0131\u015f Man\u00e7o - Mancoloji 1&amp;2 SET - Plakci.nl\" \/>\n<meta property=\"og:description\" content=\"1A Da\u011flar Da\u011flar \u0130\u015fte Hendek \u0130\u015fte Deve Sar\u0131 \u00c7izmeli Mehmet A\u011fa Kara Sevda Hal Hal Kol D\u00fc\u011fmeleri 1B G\u00fcl Pembe Unutamad\u0131m Aynal\u0131 Kemer Nazar Eyle Can Bedenden \u00c7\u0131kmay\u0131nca 2A D\u00f6nence Anl\u0131yorsun De\u011filmi G\u00fcl Bebe\u011fim Halil \u0130brahim Sofras\u0131 Hal Hal Yolla Yarim 2B Nick The Chopper Alla Beni Pulla Beni Domates, Biber, Patl\u0131can Ben Bilirim Gibi Gibi\" \/>\n<meta property=\"og:url\" content=\"https:\/\/plakci.nl\/product\/baris-manco-mancoloji-12\/\" \/>\n<meta property=\"og:site_name\" content=\"Plakci.nl\" \/>\n<meta property=\"article:publisher\" content=\"https:\/\/www.facebook.com\/Plakci.nl\" \/>\n<meta property=\"article:modified_time\" content=\"2026-04-29T12:07:35+00:00\" \/>\n<meta property=\"og:image\" content=\"https:\/\/plakci.nl\/wp-content\/uploads\/2021\/05\/Mancoloji-12-set.jpg\" \/>\n\t<meta property=\"og:image:width\" content=\"550\" \/>\n\t<meta property=\"og:image:height\" content=\"550\" \/>\n\t<meta property=\"og:image:type\" content=\"image\/jpeg\" \/>\n<meta name=\"twitter:card\" content=\"summary_large_image\" \/>\n<meta name=\"twitter:label1\" content=\"Tahmini okuma s\u00fcresi\" \/>\n\t<meta name=\"twitter:data1\" content=\"1 dakika\" \/>\n<script type=\"application\/ld+json\" class=\"yoast-schema-graph\">{\"@context\":\"https:\\\/\\\/schema.org\",\"@graph\":[{\"@type\":\"WebPage\",\"@id\":\"https:\\\/\\\/plakci.nl\\\/product\\\/baris-manco-mancoloji-12\\\/\",\"url\":\"https:\\\/\\\/plakci.nl\\\/product\\\/baris-manco-mancoloji-12\\\/\",\"name\":\"Bar\u0131\u015f Man\u00e7o - Mancoloji 1&2 SET - Plakci.nl\",\"isPartOf\":{\"@id\":\"https:\\\/\\\/plakci.nl\\\/#website\"},\"primaryImageOfPage\":{\"@id\":\"https:\\\/\\\/plakci.nl\\\/product\\\/baris-manco-mancoloji-12\\\/#primaryimage\"},\"image\":{\"@id\":\"https:\\\/\\\/plakci.nl\\\/product\\\/baris-manco-mancoloji-12\\\/#primaryimage\"},\"thumbnailUrl\":\"https:\\\/\\\/plakci.nl\\\/wp-content\\\/uploads\\\/2021\\\/05\\\/Mancoloji-12-set.jpg\",\"datePublished\":\"2021-05-03T20:54:43+00:00\",\"dateModified\":\"2026-04-29T12:07:35+00:00\",\"breadcrumb\":{\"@id\":\"https:\\\/\\\/plakci.nl\\\/product\\\/baris-manco-mancoloji-12\\\/#breadcrumb\"},\"inLanguage\":\"tr\",\"potentialAction\":[{\"@type\":\"ReadAction\",\"target\":[\"https:\\\/\\\/plakci.nl\\\/product\\\/baris-manco-mancoloji-12\\\/\"]}]},{\"@type\":\"ImageObject\",\"inLanguage\":\"tr\",\"@id\":\"https:\\\/\\\/plakci.nl\\\/product\\\/baris-manco-mancoloji-12\\\/#primaryimage\",\"url\":\"https:\\\/\\\/plakci.nl\\\/wp-content\\\/uploads\\\/2021\\\/05\\\/Mancoloji-12-set.jpg\",\"contentUrl\":\"https:\\\/\\\/plakci.nl\\\/wp-content\\\/uploads\\\/2021\\\/05\\\/Mancoloji-12-set.jpg\",\"width\":550,\"height\":550},{\"@type\":\"BreadcrumbList\",\"@id\":\"https:\\\/\\\/plakci.nl\\\/product\\\/baris-manco-mancoloji-12\\\/#breadcrumb\",\"itemListElement\":[{\"@type\":\"ListItem\",\"position\":1,\"name\":\"Home\",\"item\":\"https:\\\/\\\/plakci.nl\\\/\"},{\"@type\":\"ListItem\",\"position\":2,\"name\":\"Producten\",\"item\":\"https:\\\/\\\/plakci.nl\\\/producten\\\/\"},{\"@type\":\"ListItem\",\"position\":3,\"name\":\"[LP] Bar\u0131\u015f Man\u00e7o &#8211; Mancoloji 1&#038;2 SET\"}]},{\"@type\":\"WebSite\",\"@id\":\"https:\\\/\\\/plakci.nl\\\/#website\",\"url\":\"https:\\\/\\\/plakci.nl\\\/\",\"name\":\"Plakci.nl\",\"description\":\"T\u00fcrk\u00e7e Plak ve CD\",\"publisher\":{\"@id\":\"https:\\\/\\\/plakci.nl\\\/#organization\"},\"potentialAction\":[{\"@type\":\"SearchAction\",\"target\":{\"@type\":\"EntryPoint\",\"urlTemplate\":\"https:\\\/\\\/plakci.nl\\\/?s={search_term_string}\"},\"query-input\":{\"@type\":\"PropertyValueSpecification\",\"valueRequired\":true,\"valueName\":\"search_term_string\"}}],\"inLanguage\":\"tr\"},{\"@type\":\"Organization\",\"@id\":\"https:\\\/\\\/plakci.nl\\\/#organization\",\"name\":\"Plakci\",\"url\":\"https:\\\/\\\/plakci.nl\\\/\",\"logo\":{\"@type\":\"ImageObject\",\"inLanguage\":\"tr\",\"@id\":\"https:\\\/\\\/plakci.nl\\\/#\\\/schema\\\/logo\\\/image\\\/\",\"url\":\"https:\\\/\\\/plakci.nl\\\/wp-content\\\/uploads\\\/2021\\\/08\\\/Logo_Plakci_transparent-1.png\",\"contentUrl\":\"https:\\\/\\\/plakci.nl\\\/wp-content\\\/uploads\\\/2021\\\/08\\\/Logo_Plakci_transparent-1.png\",\"width\":89,\"height\":70,\"caption\":\"Plakci\"},\"image\":{\"@id\":\"https:\\\/\\\/plakci.nl\\\/#\\\/schema\\\/logo\\\/image\\\/\"},\"sameAs\":[\"https:\\\/\\\/www.facebook.com\\\/Plakci.nl\",\"https:\\\/\\\/www.instagram.com\\\/plakci.nl\\\/\",\"https:\\\/\\\/www.tiktok.com\\\/@plakci.nl\"]}]}<\/script>\n<!-- \/ Yoast SEO plugin. -->","yoast_head_json":{"title":"Bar\u0131\u015f Man\u00e7o - Mancoloji 1&2 SET - Plakci.nl","robots":{"index":"index","follow":"follow","max-snippet":"max-snippet:-1","max-image-preview":"max-image-preview:large","max-video-preview":"max-video-preview:-1"},"canonical":"https:\/\/plakci.nl\/tr\/product\/baris-manco-mancoloji-12\/","og_locale":"tr_TR","og_type":"article","og_title":"Bar\u0131\u015f Man\u00e7o - Mancoloji 1&2 SET - Plakci.nl","og_description":"1A Da\u011flar Da\u011flar \u0130\u015fte Hendek \u0130\u015fte Deve Sar\u0131 \u00c7izmeli Mehmet A\u011fa Kara Sevda Hal Hal Kol D\u00fc\u011fmeleri 1B G\u00fcl Pembe Unutamad\u0131m Aynal\u0131 Kemer Nazar Eyle Can Bedenden \u00c7\u0131kmay\u0131nca 2A D\u00f6nence Anl\u0131yorsun De\u011filmi G\u00fcl Bebe\u011fim Halil \u0130brahim Sofras\u0131 Hal Hal Yolla Yarim 2B Nick The Chopper Alla Beni Pulla Beni Domates, Biber, Patl\u0131can Ben Bilirim Gibi Gibi","og_url":"https:\/\/plakci.nl\/product\/baris-manco-mancoloji-12\/","og_site_name":"Plakci.nl","article_publisher":"https:\/\/www.facebook.com\/Plakci.nl","article_modified_time":"2026-04-29T12:07:35+00:00","og_image":[{"width":550,"height":550,"url":"https:\/\/plakci.nl\/wp-content\/uploads\/2021\/05\/Mancoloji-12-set.jpg","type":"image\/jpeg"}],"twitter_card":"summary_large_image","twitter_misc":{"Tahmini okuma s\u00fcresi":"1 dakika"},"schema":{"@context":"https:\/\/schema.org","@graph":[{"@type":"WebPage","@id":"https:\/\/plakci.nl\/product\/baris-manco-mancoloji-12\/","url":"https:\/\/plakci.nl\/product\/baris-manco-mancoloji-12\/","name":"Bar\u0131\u015f Man\u00e7o - Mancoloji 1&2 SET - Plakci.nl","isPartOf":{"@id":"https:\/\/plakci.nl\/#website"},"primaryImageOfPage":{"@id":"https:\/\/plakci.nl\/product\/baris-manco-mancoloji-12\/#primaryimage"},"image":{"@id":"https:\/\/plakci.nl\/product\/baris-manco-mancoloji-12\/#primaryimage"},"thumbnailUrl":"https:\/\/plakci.nl\/wp-content\/uploads\/2021\/05\/Mancoloji-12-set.jpg","datePublished":"2021-05-03T20:54:43+00:00","dateModified":"2026-04-29T12:07:35+00:00","breadcrumb":{"@id":"https:\/\/plakci.nl\/product\/baris-manco-mancoloji-12\/#breadcrumb"},"inLanguage":"tr","potentialAction":[{"@type":"ReadAction","target":["https:\/\/plakci.nl\/product\/baris-manco-mancoloji-12\/"]}]},{"@type":"ImageObject","inLanguage":"tr","@id":"https:\/\/plakci.nl\/product\/baris-manco-mancoloji-12\/#primaryimage","url":"https:\/\/plakci.nl\/wp-content\/uploads\/2021\/05\/Mancoloji-12-set.jpg","contentUrl":"https:\/\/plakci.nl\/wp-content\/uploads\/2021\/05\/Mancoloji-12-set.jpg","width":550,"height":550},{"@type":"BreadcrumbList","@id":"https:\/\/plakci.nl\/product\/baris-manco-mancoloji-12\/#breadcrumb","itemListElement":[{"@type":"ListItem","position":1,"name":"Home","item":"https:\/\/plakci.nl\/"},{"@type":"ListItem","position":2,"name":"Producten","item":"https:\/\/plakci.nl\/producten\/"},{"@type":"ListItem","position":3,"name":"[LP] Bar\u0131\u015f Man\u00e7o &#8211; Mancoloji 1&#038;2 SET"}]},{"@type":"WebSite","@id":"https:\/\/plakci.nl\/#website","url":"https:\/\/plakci.nl\/","name":"Plakci.nl","description":"T\u00fcrk\u00e7e Plak ve CD","publisher":{"@id":"https:\/\/plakci.nl\/#organization"},"potentialAction":[{"@type":"SearchAction","target":{"@type":"EntryPoint","urlTemplate":"https:\/\/plakci.nl\/?s={search_term_string}"},"query-input":{"@type":"PropertyValueSpecification","valueRequired":true,"valueName":"search_term_string"}}],"inLanguage":"tr"},{"@type":"Organization","@id":"https:\/\/plakci.nl\/#organization","name":"Plakci","url":"https:\/\/plakci.nl\/","logo":{"@type":"ImageObject","inLanguage":"tr","@id":"https:\/\/plakci.nl\/#\/schema\/logo\/image\/","url":"https:\/\/plakci.nl\/wp-content\/uploads\/2021\/08\/Logo_Plakci_transparent-1.png","contentUrl":"https:\/\/plakci.nl\/wp-content\/uploads\/2021\/08\/Logo_Plakci_transparent-1.png","width":89,"height":70,"caption":"Plakci"},"image":{"@id":"https:\/\/plakci.nl\/#\/schema\/logo\/image\/"},"sameAs":["https:\/\/www.facebook.com\/Plakci.nl","https:\/\/www.instagram.com\/plakci.nl\/","https:\/\/www.tiktok.com\/@plakci.nl"]}]}},"_links":{"self":[{"href":"https:\/\/plakci.nl\/tr\/wp-json\/wp\/v2\/product\/1283","targetHints":{"allow":["GET"]}}],"collection":[{"href":"https:\/\/plakci.nl\/tr\/wp-json\/wp\/v2\/product"}],"about":[{"href":"https:\/\/plakci.nl\/tr\/wp-json\/wp\/v2\/types\/product"}],"wp:featuredmedia":[{"embeddable":true,"href":"https:\/\/plakci.nl\/tr\/wp-json\/wp\/v2\/media\/1284"}],"wp:attachment":[{"href":"https:\/\/plakci.nl\/tr\/wp-json\/wp\/v2\/media?parent=1283"}],"wp:term":[{"taxonomy":"product_brand","embeddable":true,"href":"https:\/\/plakci.nl\/tr\/wp-json\/wp\/v2\/product_brand?post=1283"},{"taxonomy":"product_cat","embeddable":true,"href":"https:\/\/plakci.nl\/tr\/wp-json\/wp\/v2\/product_cat?post=1283"},{"taxonomy":"product_tag","embeddable":true,"href":"https:\/\/plakci.nl\/tr\/wp-json\/wp\/v2\/product_tag?post=1283"},{"taxonomy":"giftcard-category","embeddable":true,"href":"https:\/\/plakci.nl\/tr\/wp-json\/wp\/v2\/giftcard-category?post=1283"}],"curies":[{"name":"wp","href":"https:\/\/api.w.org\/{rel}","templated":true}]}}