{"id":1347,"date":"2021-05-04T11:58:11","date_gmt":"2021-05-04T09:58:11","guid":{"rendered":"https:\/\/plakci.nl\/?post_type=product&#038;p=1347"},"modified":"2023-09-23T13:32:12","modified_gmt":"2023-09-23T11:32:12","slug":"orhan-gencebay-leyla-ile-mecnun","status":"publish","type":"product","link":"https:\/\/plakci.nl\/tr\/product\/orhan-gencebay-leyla-ile-mecnun\/","title":{"rendered":"[LP] Orhan Gencebay &#8211; Leyla \u0130le Mecnun"},"content":{"rendered":"<p><u>A:<\/u><\/p>\n<ol>\n<li>Leyla \u0130le Mecnun<\/li>\n<li>Al Senin Olsun<\/li>\n<li>Kolay De\u011fil<\/li>\n<li>Allah Bizimledir<\/li>\n<\/ol>\n<p><u>B:<\/u><\/p>\n<ol>\n<li>Ziyankar<\/li>\n<li>\u00d6yle Bir A\u015fk<\/li>\n<li>Haberin Var m\u0131<\/li>\n<li>Bir Yudum Mutluluk<\/li>\n<li>Beklemek \u0130badet Kalmak Zul\u00fcmd\u00fcr<\/li>\n<\/ol>\n","protected":false},"excerpt":{"rendered":"<p>A: Leyla \u0130le Mecnun Al Senin Olsun Kolay De\u011fil Allah Bizimledir B: Ziyankar \u00d6yle Bir A\u015fk Haberin Var m\u0131 Bir Yudum Mutluluk Beklemek \u0130badet Kalmak Zul\u00fcmd\u00fcr<\/p>\n","protected":false},"featured_media":1349,"template":"","meta":{"_joinchat":[]},"product_brand":[],"product_cat":[653,592,67],"product_tag":[689],"giftcard-category":[],"class_list":{"0":"post-1347","1":"product","2":"type-product","3":"status-publish","4":"has-post-thumbnail","6":"product_cat-arabesk","7":"product_cat-lps","8":"product_cat-orhan-gencebay","9":"product_tag-kervan","11":"first","12":"instock","13":"taxable","14":"shipping-taxable","15":"purchasable","16":"product-type-simple","17":"add-to-wishlist-before_image"},"supplier_id":795,"supplier_sku":"8691575026698","barcode":null,"atum_controlled":true,"out_stock_date":null,"out_stock_threshold":null,"inheritable":false,"inbound_stock":0,"stock_on_hold":0,"sold_today":0,"sales_last_days":0,"reserved_stock":0,"customer_returns":0,"warehouse_damage":0,"lost_in_post":0,"other_logs":0,"out_stock_days":0,"lost_sales":0,"has_location":false,"update_date":"2026-05-05T00:09:49","atum_locations":[],"atum_stock_status":"instock","restock_status":false,"low_stock_amount":"","sales_update_date":"2026-05-05T00:09:49","calc_backorders":null,"yoast_head":"<!-- This site is optimized with the Yoast SEO plugin v27.5 - https:\/\/yoast.com\/product\/yoast-seo-wordpress\/ -->\n<title>Orhan Gencebay - Leyla \u0130le Mecnun - Plakci.nl<\/title>\n<meta name=\"robots\" content=\"index, follow, max-snippet:-1, max-image-preview:large, max-video-preview:-1\" \/>\n<link rel=\"canonical\" href=\"https:\/\/plakci.nl\/tr\/product\/orhan-gencebay-leyla-ile-mecnun\/\" \/>\n<meta property=\"og:locale\" content=\"tr_TR\" \/>\n<meta property=\"og:type\" content=\"article\" \/>\n<meta property=\"og:title\" content=\"Orhan Gencebay - Leyla \u0130le Mecnun - Plakci.nl\" \/>\n<meta property=\"og:description\" content=\"A: Leyla \u0130le Mecnun Al Senin Olsun Kolay De\u011fil Allah Bizimledir B: Ziyankar \u00d6yle Bir A\u015fk Haberin Var m\u0131 Bir Yudum Mutluluk Beklemek \u0130badet Kalmak Zul\u00fcmd\u00fcr\" \/>\n<meta property=\"og:url\" content=\"https:\/\/plakci.nl\/product\/orhan-gencebay-leyla-ile-mecnun\/\" \/>\n<meta property=\"og:site_name\" content=\"Plakci.nl\" \/>\n<meta property=\"article:publisher\" content=\"https:\/\/www.facebook.com\/Plakci.nl\" \/>\n<meta property=\"article:modified_time\" content=\"2023-09-23T11:32:12+00:00\" \/>\n<meta property=\"og:image\" content=\"https:\/\/plakci.nl\/wp-content\/uploads\/2021\/05\/8691575026698-orhan-gencebay-leyla-i-4f2a-b.jpg\" \/>\n\t<meta property=\"og:image:width\" content=\"1200\" \/>\n\t<meta property=\"og:image:height\" content=\"1200\" \/>\n\t<meta property=\"og:image:type\" content=\"image\/jpeg\" \/>\n<meta name=\"twitter:card\" content=\"summary_large_image\" \/>\n<meta name=\"twitter:label1\" content=\"Tahmini okuma s\u00fcresi\" \/>\n\t<meta name=\"twitter:data1\" content=\"1 dakika\" \/>\n<script type=\"application\/ld+json\" class=\"yoast-schema-graph\">{\"@context\":\"https:\\\/\\\/schema.org\",\"@graph\":[{\"@type\":\"WebPage\",\"@id\":\"https:\\\/\\\/plakci.nl\\\/product\\\/orhan-gencebay-leyla-ile-mecnun\\\/\",\"url\":\"https:\\\/\\\/plakci.nl\\\/product\\\/orhan-gencebay-leyla-ile-mecnun\\\/\",\"name\":\"Orhan Gencebay - Leyla \u0130le Mecnun - Plakci.nl\",\"isPartOf\":{\"@id\":\"https:\\\/\\\/plakci.nl\\\/#website\"},\"primaryImageOfPage\":{\"@id\":\"https:\\\/\\\/plakci.nl\\\/product\\\/orhan-gencebay-leyla-ile-mecnun\\\/#primaryimage\"},\"image\":{\"@id\":\"https:\\\/\\\/plakci.nl\\\/product\\\/orhan-gencebay-leyla-ile-mecnun\\\/#primaryimage\"},\"thumbnailUrl\":\"https:\\\/\\\/plakci.nl\\\/wp-content\\\/uploads\\\/2021\\\/05\\\/8691575026698-orhan-gencebay-leyla-i-4f2a-b.jpg\",\"datePublished\":\"2021-05-04T09:58:11+00:00\",\"dateModified\":\"2023-09-23T11:32:12+00:00\",\"breadcrumb\":{\"@id\":\"https:\\\/\\\/plakci.nl\\\/product\\\/orhan-gencebay-leyla-ile-mecnun\\\/#breadcrumb\"},\"inLanguage\":\"tr\",\"potentialAction\":[{\"@type\":\"ReadAction\",\"target\":[\"https:\\\/\\\/plakci.nl\\\/product\\\/orhan-gencebay-leyla-ile-mecnun\\\/\"]}]},{\"@type\":\"ImageObject\",\"inLanguage\":\"tr\",\"@id\":\"https:\\\/\\\/plakci.nl\\\/product\\\/orhan-gencebay-leyla-ile-mecnun\\\/#primaryimage\",\"url\":\"https:\\\/\\\/plakci.nl\\\/wp-content\\\/uploads\\\/2021\\\/05\\\/8691575026698-orhan-gencebay-leyla-i-4f2a-b.jpg\",\"contentUrl\":\"https:\\\/\\\/plakci.nl\\\/wp-content\\\/uploads\\\/2021\\\/05\\\/8691575026698-orhan-gencebay-leyla-i-4f2a-b.jpg\",\"width\":1200,\"height\":1200},{\"@type\":\"BreadcrumbList\",\"@id\":\"https:\\\/\\\/plakci.nl\\\/product\\\/orhan-gencebay-leyla-ile-mecnun\\\/#breadcrumb\",\"itemListElement\":[{\"@type\":\"ListItem\",\"position\":1,\"name\":\"Home\",\"item\":\"https:\\\/\\\/plakci.nl\\\/\"},{\"@type\":\"ListItem\",\"position\":2,\"name\":\"Producten\",\"item\":\"https:\\\/\\\/plakci.nl\\\/producten\\\/\"},{\"@type\":\"ListItem\",\"position\":3,\"name\":\"[LP] Orhan Gencebay &#8211; Leyla \u0130le Mecnun\"}]},{\"@type\":\"WebSite\",\"@id\":\"https:\\\/\\\/plakci.nl\\\/#website\",\"url\":\"https:\\\/\\\/plakci.nl\\\/\",\"name\":\"Plakci.nl\",\"description\":\"T\u00fcrk\u00e7e Plak ve CD\",\"publisher\":{\"@id\":\"https:\\\/\\\/plakci.nl\\\/#organization\"},\"potentialAction\":[{\"@type\":\"SearchAction\",\"target\":{\"@type\":\"EntryPoint\",\"urlTemplate\":\"https:\\\/\\\/plakci.nl\\\/?s={search_term_string}\"},\"query-input\":{\"@type\":\"PropertyValueSpecification\",\"valueRequired\":true,\"valueName\":\"search_term_string\"}}],\"inLanguage\":\"tr\"},{\"@type\":\"Organization\",\"@id\":\"https:\\\/\\\/plakci.nl\\\/#organization\",\"name\":\"Plakci\",\"url\":\"https:\\\/\\\/plakci.nl\\\/\",\"logo\":{\"@type\":\"ImageObject\",\"inLanguage\":\"tr\",\"@id\":\"https:\\\/\\\/plakci.nl\\\/#\\\/schema\\\/logo\\\/image\\\/\",\"url\":\"https:\\\/\\\/plakci.nl\\\/wp-content\\\/uploads\\\/2021\\\/08\\\/Logo_Plakci_transparent-1.png\",\"contentUrl\":\"https:\\\/\\\/plakci.nl\\\/wp-content\\\/uploads\\\/2021\\\/08\\\/Logo_Plakci_transparent-1.png\",\"width\":89,\"height\":70,\"caption\":\"Plakci\"},\"image\":{\"@id\":\"https:\\\/\\\/plakci.nl\\\/#\\\/schema\\\/logo\\\/image\\\/\"},\"sameAs\":[\"https:\\\/\\\/www.facebook.com\\\/Plakci.nl\",\"https:\\\/\\\/www.instagram.com\\\/plakci.nl\\\/\",\"https:\\\/\\\/www.tiktok.com\\\/@plakci.nl\"]}]}<\/script>\n<!-- \/ Yoast SEO plugin. -->","yoast_head_json":{"title":"Orhan Gencebay - Leyla \u0130le Mecnun - Plakci.nl","robots":{"index":"index","follow":"follow","max-snippet":"max-snippet:-1","max-image-preview":"max-image-preview:large","max-video-preview":"max-video-preview:-1"},"canonical":"https:\/\/plakci.nl\/tr\/product\/orhan-gencebay-leyla-ile-mecnun\/","og_locale":"tr_TR","og_type":"article","og_title":"Orhan Gencebay - Leyla \u0130le Mecnun - Plakci.nl","og_description":"A: Leyla \u0130le Mecnun Al Senin Olsun Kolay De\u011fil Allah Bizimledir B: Ziyankar \u00d6yle Bir A\u015fk Haberin Var m\u0131 Bir Yudum Mutluluk Beklemek \u0130badet Kalmak Zul\u00fcmd\u00fcr","og_url":"https:\/\/plakci.nl\/product\/orhan-gencebay-leyla-ile-mecnun\/","og_site_name":"Plakci.nl","article_publisher":"https:\/\/www.facebook.com\/Plakci.nl","article_modified_time":"2023-09-23T11:32:12+00:00","og_image":[{"width":1200,"height":1200,"url":"https:\/\/plakci.nl\/wp-content\/uploads\/2021\/05\/8691575026698-orhan-gencebay-leyla-i-4f2a-b.jpg","type":"image\/jpeg"}],"twitter_card":"summary_large_image","twitter_misc":{"Tahmini okuma s\u00fcresi":"1 dakika"},"schema":{"@context":"https:\/\/schema.org","@graph":[{"@type":"WebPage","@id":"https:\/\/plakci.nl\/product\/orhan-gencebay-leyla-ile-mecnun\/","url":"https:\/\/plakci.nl\/product\/orhan-gencebay-leyla-ile-mecnun\/","name":"Orhan Gencebay - Leyla \u0130le Mecnun - Plakci.nl","isPartOf":{"@id":"https:\/\/plakci.nl\/#website"},"primaryImageOfPage":{"@id":"https:\/\/plakci.nl\/product\/orhan-gencebay-leyla-ile-mecnun\/#primaryimage"},"image":{"@id":"https:\/\/plakci.nl\/product\/orhan-gencebay-leyla-ile-mecnun\/#primaryimage"},"thumbnailUrl":"https:\/\/plakci.nl\/wp-content\/uploads\/2021\/05\/8691575026698-orhan-gencebay-leyla-i-4f2a-b.jpg","datePublished":"2021-05-04T09:58:11+00:00","dateModified":"2023-09-23T11:32:12+00:00","breadcrumb":{"@id":"https:\/\/plakci.nl\/product\/orhan-gencebay-leyla-ile-mecnun\/#breadcrumb"},"inLanguage":"tr","potentialAction":[{"@type":"ReadAction","target":["https:\/\/plakci.nl\/product\/orhan-gencebay-leyla-ile-mecnun\/"]}]},{"@type":"ImageObject","inLanguage":"tr","@id":"https:\/\/plakci.nl\/product\/orhan-gencebay-leyla-ile-mecnun\/#primaryimage","url":"https:\/\/plakci.nl\/wp-content\/uploads\/2021\/05\/8691575026698-orhan-gencebay-leyla-i-4f2a-b.jpg","contentUrl":"https:\/\/plakci.nl\/wp-content\/uploads\/2021\/05\/8691575026698-orhan-gencebay-leyla-i-4f2a-b.jpg","width":1200,"height":1200},{"@type":"BreadcrumbList","@id":"https:\/\/plakci.nl\/product\/orhan-gencebay-leyla-ile-mecnun\/#breadcrumb","itemListElement":[{"@type":"ListItem","position":1,"name":"Home","item":"https:\/\/plakci.nl\/"},{"@type":"ListItem","position":2,"name":"Producten","item":"https:\/\/plakci.nl\/producten\/"},{"@type":"ListItem","position":3,"name":"[LP] Orhan Gencebay &#8211; Leyla \u0130le Mecnun"}]},{"@type":"WebSite","@id":"https:\/\/plakci.nl\/#website","url":"https:\/\/plakci.nl\/","name":"Plakci.nl","description":"T\u00fcrk\u00e7e Plak ve CD","publisher":{"@id":"https:\/\/plakci.nl\/#organization"},"potentialAction":[{"@type":"SearchAction","target":{"@type":"EntryPoint","urlTemplate":"https:\/\/plakci.nl\/?s={search_term_string}"},"query-input":{"@type":"PropertyValueSpecification","valueRequired":true,"valueName":"search_term_string"}}],"inLanguage":"tr"},{"@type":"Organization","@id":"https:\/\/plakci.nl\/#organization","name":"Plakci","url":"https:\/\/plakci.nl\/","logo":{"@type":"ImageObject","inLanguage":"tr","@id":"https:\/\/plakci.nl\/#\/schema\/logo\/image\/","url":"https:\/\/plakci.nl\/wp-content\/uploads\/2021\/08\/Logo_Plakci_transparent-1.png","contentUrl":"https:\/\/plakci.nl\/wp-content\/uploads\/2021\/08\/Logo_Plakci_transparent-1.png","width":89,"height":70,"caption":"Plakci"},"image":{"@id":"https:\/\/plakci.nl\/#\/schema\/logo\/image\/"},"sameAs":["https:\/\/www.facebook.com\/Plakci.nl","https:\/\/www.instagram.com\/plakci.nl\/","https:\/\/www.tiktok.com\/@plakci.nl"]}]}},"_links":{"self":[{"href":"https:\/\/plakci.nl\/tr\/wp-json\/wp\/v2\/product\/1347","targetHints":{"allow":["GET"]}}],"collection":[{"href":"https:\/\/plakci.nl\/tr\/wp-json\/wp\/v2\/product"}],"about":[{"href":"https:\/\/plakci.nl\/tr\/wp-json\/wp\/v2\/types\/product"}],"wp:featuredmedia":[{"embeddable":true,"href":"https:\/\/plakci.nl\/tr\/wp-json\/wp\/v2\/media\/1349"}],"wp:attachment":[{"href":"https:\/\/plakci.nl\/tr\/wp-json\/wp\/v2\/media?parent=1347"}],"wp:term":[{"taxonomy":"product_brand","embeddable":true,"href":"https:\/\/plakci.nl\/tr\/wp-json\/wp\/v2\/product_brand?post=1347"},{"taxonomy":"product_cat","embeddable":true,"href":"https:\/\/plakci.nl\/tr\/wp-json\/wp\/v2\/product_cat?post=1347"},{"taxonomy":"product_tag","embeddable":true,"href":"https:\/\/plakci.nl\/tr\/wp-json\/wp\/v2\/product_tag?post=1347"},{"taxonomy":"giftcard-category","embeddable":true,"href":"https:\/\/plakci.nl\/tr\/wp-json\/wp\/v2\/giftcard-category?post=1347"}],"curies":[{"name":"wp","href":"https:\/\/api.w.org\/{rel}","templated":true}]}}