{"id":1759,"date":"2021-09-15T20:24:25","date_gmt":"2021-09-15T18:24:25","guid":{"rendered":"https:\/\/plakci.nl\/?post_type=product&#038;p=1759"},"modified":"2025-01-21T12:17:01","modified_gmt":"2025-01-21T10:17:01","slug":"muslum-gurses-gitme","status":"publish","type":"product","link":"https:\/\/plakci.nl\/tr\/product\/muslum-gurses-gitme\/","title":{"rendered":"[LP] M\u00fcsl\u00fcm G\u00fcrses &#8211; Gitme"},"content":{"rendered":"<p>A:<\/p>\n<ol>\n<li>Haberimiz Yok<\/li>\n<li>Hakk\u0131n\u0131 Helal Eyle<\/li>\n<li>Gitme<\/li>\n<li>D\u00fcnya<\/li>\n<li>Bir Mana Var S\u00f6zlerinde<\/li>\n<\/ol>\n<p>B:<\/p>\n<ol>\n<li>Bir Kad\u0131n Tan\u0131d\u0131m<\/li>\n<li>Can\u0131m Dediklerim<\/li>\n<li>Akl\u0131 Yok<\/li>\n<li>Damla Damla<\/li>\n<li>Silinmiyor Hat\u0131ralar<\/li>\n<\/ol>\n<p><iframe style=\"border-radius:12px\" src=\"https:\/\/open.spotify.com\/embed\/album\/02BKif8JnGTl6F4FrRxJAz?utm_source=generator\" width=\"100%\" height=\"352\" frameBorder=\"0\" allowfullscreen=\"\" allow=\"autoplay; clipboard-write; encrypted-media; fullscreen; picture-in-picture\" loading=\"lazy\"><\/iframe><\/p>\n","protected":false},"excerpt":{"rendered":"<p>A: Haberimiz Yok Hakk\u0131n\u0131 Helal Eyle Gitme D\u00fcnya Bir Mana Var S\u00f6zlerinde B: Bir Kad\u0131n Tan\u0131d\u0131m Can\u0131m Dediklerim Akl\u0131 Yok Damla Damla Silinmiyor Hat\u0131ralar<\/p>\n","protected":false},"featured_media":1760,"template":"","meta":{"_joinchat":[]},"product_brand":[],"product_cat":[653,592,57],"product_tag":[684],"giftcard-category":[],"class_list":{"0":"post-1759","1":"product","2":"type-product","3":"status-publish","4":"has-post-thumbnail","6":"product_cat-arabesk","7":"product_cat-lps","8":"product_cat-muslum-gurses","9":"product_tag-esen","11":"first","12":"instock","13":"taxable","14":"shipping-taxable","15":"purchasable","16":"product-type-simple","17":"add-to-wishlist-before_image"},"supplier_id":null,"supplier_sku":"","barcode":null,"atum_controlled":true,"out_stock_date":null,"out_stock_threshold":null,"inheritable":false,"inbound_stock":null,"stock_on_hold":0,"sold_today":0,"sales_last_days":0,"reserved_stock":null,"customer_returns":null,"warehouse_damage":null,"lost_in_post":null,"other_logs":null,"out_stock_days":0,"lost_sales":0,"has_location":false,"update_date":"2026-05-05T00:09:50","atum_locations":[],"atum_stock_status":"instock","restock_status":false,"low_stock_amount":"","sales_update_date":"2026-05-05T00:09:50","calc_backorders":null,"yoast_head":"<!-- This site is optimized with the Yoast SEO plugin v27.5 - https:\/\/yoast.com\/product\/yoast-seo-wordpress\/ -->\n<title>M\u00fcsl\u00fcm G\u00fcrses - Gitme - Plakci.nl<\/title>\n<meta name=\"robots\" content=\"index, follow, max-snippet:-1, max-image-preview:large, max-video-preview:-1\" \/>\n<link rel=\"canonical\" href=\"https:\/\/plakci.nl\/tr\/product\/muslum-gurses-gitme\/\" \/>\n<meta property=\"og:locale\" content=\"tr_TR\" \/>\n<meta property=\"og:type\" content=\"article\" \/>\n<meta property=\"og:title\" content=\"M\u00fcsl\u00fcm G\u00fcrses - Gitme - Plakci.nl\" \/>\n<meta property=\"og:description\" content=\"A: Haberimiz Yok Hakk\u0131n\u0131 Helal Eyle Gitme D\u00fcnya Bir Mana Var S\u00f6zlerinde B: Bir Kad\u0131n Tan\u0131d\u0131m Can\u0131m Dediklerim Akl\u0131 Yok Damla Damla Silinmiyor Hat\u0131ralar\" \/>\n<meta property=\"og:url\" content=\"https:\/\/plakci.nl\/product\/muslum-gurses-gitme\/\" \/>\n<meta property=\"og:site_name\" content=\"Plakci.nl\" \/>\n<meta property=\"article:publisher\" content=\"https:\/\/www.facebook.com\/Plakci.nl\" \/>\n<meta property=\"article:modified_time\" content=\"2025-01-21T10:17:01+00:00\" \/>\n<meta property=\"og:image\" content=\"https:\/\/plakci.nl\/wp-content\/uploads\/2021\/09\/8698527731327-muslum-gurses-gitme-pl-b6-272.jpg\" \/>\n\t<meta property=\"og:image:width\" content=\"1200\" \/>\n\t<meta property=\"og:image:height\" content=\"1200\" \/>\n\t<meta property=\"og:image:type\" content=\"image\/jpeg\" \/>\n<meta name=\"twitter:card\" content=\"summary_large_image\" \/>\n<meta name=\"twitter:label1\" content=\"Tahmini okuma s\u00fcresi\" \/>\n\t<meta name=\"twitter:data1\" content=\"1 dakika\" \/>\n<script type=\"application\/ld+json\" class=\"yoast-schema-graph\">{\"@context\":\"https:\\\/\\\/schema.org\",\"@graph\":[{\"@type\":\"WebPage\",\"@id\":\"https:\\\/\\\/plakci.nl\\\/product\\\/muslum-gurses-gitme\\\/\",\"url\":\"https:\\\/\\\/plakci.nl\\\/product\\\/muslum-gurses-gitme\\\/\",\"name\":\"M\u00fcsl\u00fcm G\u00fcrses - Gitme - Plakci.nl\",\"isPartOf\":{\"@id\":\"https:\\\/\\\/plakci.nl\\\/#website\"},\"primaryImageOfPage\":{\"@id\":\"https:\\\/\\\/plakci.nl\\\/product\\\/muslum-gurses-gitme\\\/#primaryimage\"},\"image\":{\"@id\":\"https:\\\/\\\/plakci.nl\\\/product\\\/muslum-gurses-gitme\\\/#primaryimage\"},\"thumbnailUrl\":\"https:\\\/\\\/plakci.nl\\\/wp-content\\\/uploads\\\/2021\\\/09\\\/8698527731327-muslum-gurses-gitme-pl-b6-272.jpg\",\"datePublished\":\"2021-09-15T18:24:25+00:00\",\"dateModified\":\"2025-01-21T10:17:01+00:00\",\"breadcrumb\":{\"@id\":\"https:\\\/\\\/plakci.nl\\\/product\\\/muslum-gurses-gitme\\\/#breadcrumb\"},\"inLanguage\":\"tr\",\"potentialAction\":[{\"@type\":\"ReadAction\",\"target\":[\"https:\\\/\\\/plakci.nl\\\/product\\\/muslum-gurses-gitme\\\/\"]}]},{\"@type\":\"ImageObject\",\"inLanguage\":\"tr\",\"@id\":\"https:\\\/\\\/plakci.nl\\\/product\\\/muslum-gurses-gitme\\\/#primaryimage\",\"url\":\"https:\\\/\\\/plakci.nl\\\/wp-content\\\/uploads\\\/2021\\\/09\\\/8698527731327-muslum-gurses-gitme-pl-b6-272.jpg\",\"contentUrl\":\"https:\\\/\\\/plakci.nl\\\/wp-content\\\/uploads\\\/2021\\\/09\\\/8698527731327-muslum-gurses-gitme-pl-b6-272.jpg\",\"width\":1200,\"height\":1200},{\"@type\":\"BreadcrumbList\",\"@id\":\"https:\\\/\\\/plakci.nl\\\/product\\\/muslum-gurses-gitme\\\/#breadcrumb\",\"itemListElement\":[{\"@type\":\"ListItem\",\"position\":1,\"name\":\"Home\",\"item\":\"https:\\\/\\\/plakci.nl\\\/\"},{\"@type\":\"ListItem\",\"position\":2,\"name\":\"Producten\",\"item\":\"https:\\\/\\\/plakci.nl\\\/producten\\\/\"},{\"@type\":\"ListItem\",\"position\":3,\"name\":\"[LP] M\u00fcsl\u00fcm G\u00fcrses &#8211; Gitme\"}]},{\"@type\":\"WebSite\",\"@id\":\"https:\\\/\\\/plakci.nl\\\/#website\",\"url\":\"https:\\\/\\\/plakci.nl\\\/\",\"name\":\"Plakci.nl\",\"description\":\"T\u00fcrk\u00e7e Plak ve CD\",\"publisher\":{\"@id\":\"https:\\\/\\\/plakci.nl\\\/#organization\"},\"potentialAction\":[{\"@type\":\"SearchAction\",\"target\":{\"@type\":\"EntryPoint\",\"urlTemplate\":\"https:\\\/\\\/plakci.nl\\\/?s={search_term_string}\"},\"query-input\":{\"@type\":\"PropertyValueSpecification\",\"valueRequired\":true,\"valueName\":\"search_term_string\"}}],\"inLanguage\":\"tr\"},{\"@type\":\"Organization\",\"@id\":\"https:\\\/\\\/plakci.nl\\\/#organization\",\"name\":\"Plakci\",\"url\":\"https:\\\/\\\/plakci.nl\\\/\",\"logo\":{\"@type\":\"ImageObject\",\"inLanguage\":\"tr\",\"@id\":\"https:\\\/\\\/plakci.nl\\\/#\\\/schema\\\/logo\\\/image\\\/\",\"url\":\"https:\\\/\\\/plakci.nl\\\/wp-content\\\/uploads\\\/2021\\\/08\\\/Logo_Plakci_transparent-1.png\",\"contentUrl\":\"https:\\\/\\\/plakci.nl\\\/wp-content\\\/uploads\\\/2021\\\/08\\\/Logo_Plakci_transparent-1.png\",\"width\":89,\"height\":70,\"caption\":\"Plakci\"},\"image\":{\"@id\":\"https:\\\/\\\/plakci.nl\\\/#\\\/schema\\\/logo\\\/image\\\/\"},\"sameAs\":[\"https:\\\/\\\/www.facebook.com\\\/Plakci.nl\",\"https:\\\/\\\/www.instagram.com\\\/plakci.nl\\\/\",\"https:\\\/\\\/www.tiktok.com\\\/@plakci.nl\"]}]}<\/script>\n<!-- \/ Yoast SEO plugin. -->","yoast_head_json":{"title":"M\u00fcsl\u00fcm G\u00fcrses - Gitme - Plakci.nl","robots":{"index":"index","follow":"follow","max-snippet":"max-snippet:-1","max-image-preview":"max-image-preview:large","max-video-preview":"max-video-preview:-1"},"canonical":"https:\/\/plakci.nl\/tr\/product\/muslum-gurses-gitme\/","og_locale":"tr_TR","og_type":"article","og_title":"M\u00fcsl\u00fcm G\u00fcrses - Gitme - Plakci.nl","og_description":"A: Haberimiz Yok Hakk\u0131n\u0131 Helal Eyle Gitme D\u00fcnya Bir Mana Var S\u00f6zlerinde B: Bir Kad\u0131n Tan\u0131d\u0131m Can\u0131m Dediklerim Akl\u0131 Yok Damla Damla Silinmiyor Hat\u0131ralar","og_url":"https:\/\/plakci.nl\/product\/muslum-gurses-gitme\/","og_site_name":"Plakci.nl","article_publisher":"https:\/\/www.facebook.com\/Plakci.nl","article_modified_time":"2025-01-21T10:17:01+00:00","og_image":[{"width":1200,"height":1200,"url":"https:\/\/plakci.nl\/wp-content\/uploads\/2021\/09\/8698527731327-muslum-gurses-gitme-pl-b6-272.jpg","type":"image\/jpeg"}],"twitter_card":"summary_large_image","twitter_misc":{"Tahmini okuma s\u00fcresi":"1 dakika"},"schema":{"@context":"https:\/\/schema.org","@graph":[{"@type":"WebPage","@id":"https:\/\/plakci.nl\/product\/muslum-gurses-gitme\/","url":"https:\/\/plakci.nl\/product\/muslum-gurses-gitme\/","name":"M\u00fcsl\u00fcm G\u00fcrses - Gitme - Plakci.nl","isPartOf":{"@id":"https:\/\/plakci.nl\/#website"},"primaryImageOfPage":{"@id":"https:\/\/plakci.nl\/product\/muslum-gurses-gitme\/#primaryimage"},"image":{"@id":"https:\/\/plakci.nl\/product\/muslum-gurses-gitme\/#primaryimage"},"thumbnailUrl":"https:\/\/plakci.nl\/wp-content\/uploads\/2021\/09\/8698527731327-muslum-gurses-gitme-pl-b6-272.jpg","datePublished":"2021-09-15T18:24:25+00:00","dateModified":"2025-01-21T10:17:01+00:00","breadcrumb":{"@id":"https:\/\/plakci.nl\/product\/muslum-gurses-gitme\/#breadcrumb"},"inLanguage":"tr","potentialAction":[{"@type":"ReadAction","target":["https:\/\/plakci.nl\/product\/muslum-gurses-gitme\/"]}]},{"@type":"ImageObject","inLanguage":"tr","@id":"https:\/\/plakci.nl\/product\/muslum-gurses-gitme\/#primaryimage","url":"https:\/\/plakci.nl\/wp-content\/uploads\/2021\/09\/8698527731327-muslum-gurses-gitme-pl-b6-272.jpg","contentUrl":"https:\/\/plakci.nl\/wp-content\/uploads\/2021\/09\/8698527731327-muslum-gurses-gitme-pl-b6-272.jpg","width":1200,"height":1200},{"@type":"BreadcrumbList","@id":"https:\/\/plakci.nl\/product\/muslum-gurses-gitme\/#breadcrumb","itemListElement":[{"@type":"ListItem","position":1,"name":"Home","item":"https:\/\/plakci.nl\/"},{"@type":"ListItem","position":2,"name":"Producten","item":"https:\/\/plakci.nl\/producten\/"},{"@type":"ListItem","position":3,"name":"[LP] M\u00fcsl\u00fcm G\u00fcrses &#8211; Gitme"}]},{"@type":"WebSite","@id":"https:\/\/plakci.nl\/#website","url":"https:\/\/plakci.nl\/","name":"Plakci.nl","description":"T\u00fcrk\u00e7e Plak ve CD","publisher":{"@id":"https:\/\/plakci.nl\/#organization"},"potentialAction":[{"@type":"SearchAction","target":{"@type":"EntryPoint","urlTemplate":"https:\/\/plakci.nl\/?s={search_term_string}"},"query-input":{"@type":"PropertyValueSpecification","valueRequired":true,"valueName":"search_term_string"}}],"inLanguage":"tr"},{"@type":"Organization","@id":"https:\/\/plakci.nl\/#organization","name":"Plakci","url":"https:\/\/plakci.nl\/","logo":{"@type":"ImageObject","inLanguage":"tr","@id":"https:\/\/plakci.nl\/#\/schema\/logo\/image\/","url":"https:\/\/plakci.nl\/wp-content\/uploads\/2021\/08\/Logo_Plakci_transparent-1.png","contentUrl":"https:\/\/plakci.nl\/wp-content\/uploads\/2021\/08\/Logo_Plakci_transparent-1.png","width":89,"height":70,"caption":"Plakci"},"image":{"@id":"https:\/\/plakci.nl\/#\/schema\/logo\/image\/"},"sameAs":["https:\/\/www.facebook.com\/Plakci.nl","https:\/\/www.instagram.com\/plakci.nl\/","https:\/\/www.tiktok.com\/@plakci.nl"]}]}},"_links":{"self":[{"href":"https:\/\/plakci.nl\/tr\/wp-json\/wp\/v2\/product\/1759","targetHints":{"allow":["GET"]}}],"collection":[{"href":"https:\/\/plakci.nl\/tr\/wp-json\/wp\/v2\/product"}],"about":[{"href":"https:\/\/plakci.nl\/tr\/wp-json\/wp\/v2\/types\/product"}],"wp:featuredmedia":[{"embeddable":true,"href":"https:\/\/plakci.nl\/tr\/wp-json\/wp\/v2\/media\/1760"}],"wp:attachment":[{"href":"https:\/\/plakci.nl\/tr\/wp-json\/wp\/v2\/media?parent=1759"}],"wp:term":[{"taxonomy":"product_brand","embeddable":true,"href":"https:\/\/plakci.nl\/tr\/wp-json\/wp\/v2\/product_brand?post=1759"},{"taxonomy":"product_cat","embeddable":true,"href":"https:\/\/plakci.nl\/tr\/wp-json\/wp\/v2\/product_cat?post=1759"},{"taxonomy":"product_tag","embeddable":true,"href":"https:\/\/plakci.nl\/tr\/wp-json\/wp\/v2\/product_tag?post=1759"},{"taxonomy":"giftcard-category","embeddable":true,"href":"https:\/\/plakci.nl\/tr\/wp-json\/wp\/v2\/giftcard-category?post=1759"}],"curies":[{"name":"wp","href":"https:\/\/api.w.org\/{rel}","templated":true}]}}