{"id":1949,"date":"2021-11-02T19:15:32","date_gmt":"2021-11-02T17:15:32","guid":{"rendered":"https:\/\/plakci.nl\/?post_type=product&#038;p=1949"},"modified":"2026-04-28T17:21:46","modified_gmt":"2026-04-28T15:21:46","slug":"ibrahim-tatlises-benim-hayatim","status":"publish","type":"product","link":"https:\/\/plakci.nl\/tr\/product\/ibrahim-tatlises-benim-hayatim\/","title":{"rendered":"[LP] \u0130brahim Tatl\u0131ses &#8211; Benim Hayat\u0131m"},"content":{"rendered":"<p>A:<\/p>\n<p>1. Benim Hayat\u0131m<br \/>\n2. Yorgun<br \/>\n3. Ay\u015fem<br \/>\n4. Sevdaland\u0131m<br \/>\n5. Her Sevgide Bin Ah Ettim<\/p>\n<p>B:<\/p>\n<p>1. Yarda Var<br \/>\n2. Ben Yetim<br \/>\n3. A\u011fam A\u011fam<br \/>\n4. Kara \u00dcz\u00fcm Habbesi<br \/>\n5. Tosuno<br \/>\n6. Dom Dom Kur\u015funu<\/p>\n","protected":false},"excerpt":{"rendered":"<p>A: 1. Benim Hayat\u0131m 2. Yorgun 3. Ay\u015fem 4. Sevdaland\u0131m 5. Her Sevgide Bin Ah Ettim B: 1. Yarda Var 2. Ben Yetim 3. A\u011fam A\u011fam 4. Kara \u00dcz\u00fcm Habbesi 5. Tosuno 6. Dom Dom Kur\u015funu<\/p>\n","protected":false},"featured_media":1950,"template":"","meta":{"_joinchat":[]},"product_brand":[],"product_cat":[653,109,592],"product_tag":[752],"giftcard-category":[],"class_list":{"0":"post-1949","1":"product","2":"type-product","3":"status-publish","4":"has-post-thumbnail","6":"product_cat-arabesk","7":"product_cat-ibrahim-tatlises","8":"product_cat-lps","9":"product_tag-sembol","11":"first","12":"instock","13":"taxable","14":"shipping-taxable","15":"purchasable","16":"product-type-simple","17":"add-to-wishlist-before_image"},"supplier_id":null,"supplier_sku":"","barcode":null,"atum_controlled":true,"out_stock_date":null,"out_stock_threshold":null,"inheritable":false,"inbound_stock":null,"stock_on_hold":0,"sold_today":0,"sales_last_days":0,"reserved_stock":null,"customer_returns":null,"warehouse_damage":null,"lost_in_post":null,"other_logs":null,"out_stock_days":0,"lost_sales":0,"has_location":false,"update_date":"2026-05-05T00:10:14","atum_locations":[],"atum_stock_status":"instock","restock_status":false,"low_stock_amount":"","sales_update_date":"2026-05-05T00:10:13","calc_backorders":null,"yoast_head":"<!-- This site is optimized with the Yoast SEO plugin v27.5 - https:\/\/yoast.com\/product\/yoast-seo-wordpress\/ -->\n<title>\u0130brahim Tatl\u0131ses - Benim Hayat\u0131m - Plakci.nl<\/title>\n<meta name=\"robots\" content=\"index, follow, max-snippet:-1, max-image-preview:large, max-video-preview:-1\" \/>\n<link rel=\"canonical\" href=\"https:\/\/plakci.nl\/tr\/product\/ibrahim-tatlises-benim-hayatim\/\" \/>\n<meta property=\"og:locale\" content=\"tr_TR\" \/>\n<meta property=\"og:type\" content=\"article\" \/>\n<meta property=\"og:title\" content=\"\u0130brahim Tatl\u0131ses - Benim Hayat\u0131m - Plakci.nl\" \/>\n<meta property=\"og:description\" content=\"A: 1. Benim Hayat\u0131m 2. Yorgun 3. Ay\u015fem 4. Sevdaland\u0131m 5. Her Sevgide Bin Ah Ettim B: 1. Yarda Var 2. Ben Yetim 3. A\u011fam A\u011fam 4. Kara \u00dcz\u00fcm Habbesi 5. Tosuno 6. Dom Dom Kur\u015funu\" \/>\n<meta property=\"og:url\" content=\"https:\/\/plakci.nl\/product\/ibrahim-tatlises-benim-hayatim\/\" \/>\n<meta property=\"og:site_name\" content=\"Plakci.nl\" \/>\n<meta property=\"article:publisher\" content=\"https:\/\/www.facebook.com\/Plakci.nl\" \/>\n<meta property=\"article:modified_time\" content=\"2026-04-28T15:21:46+00:00\" \/>\n<meta property=\"og:image\" content=\"https:\/\/plakci.nl\/wp-content\/uploads\/2021\/11\/8697420792688-ibrahim-tatlises-benim-h-4-9947.jpg\" \/>\n\t<meta property=\"og:image:width\" content=\"1200\" \/>\n\t<meta property=\"og:image:height\" content=\"1200\" \/>\n\t<meta property=\"og:image:type\" content=\"image\/jpeg\" \/>\n<meta name=\"twitter:card\" content=\"summary_large_image\" \/>\n<meta name=\"twitter:label1\" content=\"Tahmini okuma s\u00fcresi\" \/>\n\t<meta name=\"twitter:data1\" content=\"1 dakika\" \/>\n<script type=\"application\/ld+json\" class=\"yoast-schema-graph\">{\"@context\":\"https:\\\/\\\/schema.org\",\"@graph\":[{\"@type\":\"WebPage\",\"@id\":\"https:\\\/\\\/plakci.nl\\\/product\\\/ibrahim-tatlises-benim-hayatim\\\/\",\"url\":\"https:\\\/\\\/plakci.nl\\\/product\\\/ibrahim-tatlises-benim-hayatim\\\/\",\"name\":\"\u0130brahim Tatl\u0131ses - Benim Hayat\u0131m - Plakci.nl\",\"isPartOf\":{\"@id\":\"https:\\\/\\\/plakci.nl\\\/#website\"},\"primaryImageOfPage\":{\"@id\":\"https:\\\/\\\/plakci.nl\\\/product\\\/ibrahim-tatlises-benim-hayatim\\\/#primaryimage\"},\"image\":{\"@id\":\"https:\\\/\\\/plakci.nl\\\/product\\\/ibrahim-tatlises-benim-hayatim\\\/#primaryimage\"},\"thumbnailUrl\":\"https:\\\/\\\/plakci.nl\\\/wp-content\\\/uploads\\\/2021\\\/11\\\/8697420792688-ibrahim-tatlises-benim-h-4-9947.jpg\",\"datePublished\":\"2021-11-02T17:15:32+00:00\",\"dateModified\":\"2026-04-28T15:21:46+00:00\",\"breadcrumb\":{\"@id\":\"https:\\\/\\\/plakci.nl\\\/product\\\/ibrahim-tatlises-benim-hayatim\\\/#breadcrumb\"},\"inLanguage\":\"tr\",\"potentialAction\":[{\"@type\":\"ReadAction\",\"target\":[\"https:\\\/\\\/plakci.nl\\\/product\\\/ibrahim-tatlises-benim-hayatim\\\/\"]}]},{\"@type\":\"ImageObject\",\"inLanguage\":\"tr\",\"@id\":\"https:\\\/\\\/plakci.nl\\\/product\\\/ibrahim-tatlises-benim-hayatim\\\/#primaryimage\",\"url\":\"https:\\\/\\\/plakci.nl\\\/wp-content\\\/uploads\\\/2021\\\/11\\\/8697420792688-ibrahim-tatlises-benim-h-4-9947.jpg\",\"contentUrl\":\"https:\\\/\\\/plakci.nl\\\/wp-content\\\/uploads\\\/2021\\\/11\\\/8697420792688-ibrahim-tatlises-benim-h-4-9947.jpg\",\"width\":1200,\"height\":1200},{\"@type\":\"BreadcrumbList\",\"@id\":\"https:\\\/\\\/plakci.nl\\\/product\\\/ibrahim-tatlises-benim-hayatim\\\/#breadcrumb\",\"itemListElement\":[{\"@type\":\"ListItem\",\"position\":1,\"name\":\"Home\",\"item\":\"https:\\\/\\\/plakci.nl\\\/\"},{\"@type\":\"ListItem\",\"position\":2,\"name\":\"Producten\",\"item\":\"https:\\\/\\\/plakci.nl\\\/producten\\\/\"},{\"@type\":\"ListItem\",\"position\":3,\"name\":\"[LP] \u0130brahim Tatl\u0131ses &#8211; Benim Hayat\u0131m\"}]},{\"@type\":\"WebSite\",\"@id\":\"https:\\\/\\\/plakci.nl\\\/#website\",\"url\":\"https:\\\/\\\/plakci.nl\\\/\",\"name\":\"Plakci.nl\",\"description\":\"T\u00fcrk\u00e7e Plak ve CD\",\"publisher\":{\"@id\":\"https:\\\/\\\/plakci.nl\\\/#organization\"},\"potentialAction\":[{\"@type\":\"SearchAction\",\"target\":{\"@type\":\"EntryPoint\",\"urlTemplate\":\"https:\\\/\\\/plakci.nl\\\/?s={search_term_string}\"},\"query-input\":{\"@type\":\"PropertyValueSpecification\",\"valueRequired\":true,\"valueName\":\"search_term_string\"}}],\"inLanguage\":\"tr\"},{\"@type\":\"Organization\",\"@id\":\"https:\\\/\\\/plakci.nl\\\/#organization\",\"name\":\"Plakci\",\"url\":\"https:\\\/\\\/plakci.nl\\\/\",\"logo\":{\"@type\":\"ImageObject\",\"inLanguage\":\"tr\",\"@id\":\"https:\\\/\\\/plakci.nl\\\/#\\\/schema\\\/logo\\\/image\\\/\",\"url\":\"https:\\\/\\\/plakci.nl\\\/wp-content\\\/uploads\\\/2021\\\/08\\\/Logo_Plakci_transparent-1.png\",\"contentUrl\":\"https:\\\/\\\/plakci.nl\\\/wp-content\\\/uploads\\\/2021\\\/08\\\/Logo_Plakci_transparent-1.png\",\"width\":89,\"height\":70,\"caption\":\"Plakci\"},\"image\":{\"@id\":\"https:\\\/\\\/plakci.nl\\\/#\\\/schema\\\/logo\\\/image\\\/\"},\"sameAs\":[\"https:\\\/\\\/www.facebook.com\\\/Plakci.nl\",\"https:\\\/\\\/www.instagram.com\\\/plakci.nl\\\/\",\"https:\\\/\\\/www.tiktok.com\\\/@plakci.nl\"]}]}<\/script>\n<!-- \/ Yoast SEO plugin. -->","yoast_head_json":{"title":"\u0130brahim Tatl\u0131ses - Benim Hayat\u0131m - Plakci.nl","robots":{"index":"index","follow":"follow","max-snippet":"max-snippet:-1","max-image-preview":"max-image-preview:large","max-video-preview":"max-video-preview:-1"},"canonical":"https:\/\/plakci.nl\/tr\/product\/ibrahim-tatlises-benim-hayatim\/","og_locale":"tr_TR","og_type":"article","og_title":"\u0130brahim Tatl\u0131ses - Benim Hayat\u0131m - Plakci.nl","og_description":"A: 1. Benim Hayat\u0131m 2. Yorgun 3. Ay\u015fem 4. Sevdaland\u0131m 5. Her Sevgide Bin Ah Ettim B: 1. Yarda Var 2. Ben Yetim 3. A\u011fam A\u011fam 4. Kara \u00dcz\u00fcm Habbesi 5. Tosuno 6. Dom Dom Kur\u015funu","og_url":"https:\/\/plakci.nl\/product\/ibrahim-tatlises-benim-hayatim\/","og_site_name":"Plakci.nl","article_publisher":"https:\/\/www.facebook.com\/Plakci.nl","article_modified_time":"2026-04-28T15:21:46+00:00","og_image":[{"width":1200,"height":1200,"url":"https:\/\/plakci.nl\/wp-content\/uploads\/2021\/11\/8697420792688-ibrahim-tatlises-benim-h-4-9947.jpg","type":"image\/jpeg"}],"twitter_card":"summary_large_image","twitter_misc":{"Tahmini okuma s\u00fcresi":"1 dakika"},"schema":{"@context":"https:\/\/schema.org","@graph":[{"@type":"WebPage","@id":"https:\/\/plakci.nl\/product\/ibrahim-tatlises-benim-hayatim\/","url":"https:\/\/plakci.nl\/product\/ibrahim-tatlises-benim-hayatim\/","name":"\u0130brahim Tatl\u0131ses - Benim Hayat\u0131m - Plakci.nl","isPartOf":{"@id":"https:\/\/plakci.nl\/#website"},"primaryImageOfPage":{"@id":"https:\/\/plakci.nl\/product\/ibrahim-tatlises-benim-hayatim\/#primaryimage"},"image":{"@id":"https:\/\/plakci.nl\/product\/ibrahim-tatlises-benim-hayatim\/#primaryimage"},"thumbnailUrl":"https:\/\/plakci.nl\/wp-content\/uploads\/2021\/11\/8697420792688-ibrahim-tatlises-benim-h-4-9947.jpg","datePublished":"2021-11-02T17:15:32+00:00","dateModified":"2026-04-28T15:21:46+00:00","breadcrumb":{"@id":"https:\/\/plakci.nl\/product\/ibrahim-tatlises-benim-hayatim\/#breadcrumb"},"inLanguage":"tr","potentialAction":[{"@type":"ReadAction","target":["https:\/\/plakci.nl\/product\/ibrahim-tatlises-benim-hayatim\/"]}]},{"@type":"ImageObject","inLanguage":"tr","@id":"https:\/\/plakci.nl\/product\/ibrahim-tatlises-benim-hayatim\/#primaryimage","url":"https:\/\/plakci.nl\/wp-content\/uploads\/2021\/11\/8697420792688-ibrahim-tatlises-benim-h-4-9947.jpg","contentUrl":"https:\/\/plakci.nl\/wp-content\/uploads\/2021\/11\/8697420792688-ibrahim-tatlises-benim-h-4-9947.jpg","width":1200,"height":1200},{"@type":"BreadcrumbList","@id":"https:\/\/plakci.nl\/product\/ibrahim-tatlises-benim-hayatim\/#breadcrumb","itemListElement":[{"@type":"ListItem","position":1,"name":"Home","item":"https:\/\/plakci.nl\/"},{"@type":"ListItem","position":2,"name":"Producten","item":"https:\/\/plakci.nl\/producten\/"},{"@type":"ListItem","position":3,"name":"[LP] \u0130brahim Tatl\u0131ses &#8211; Benim Hayat\u0131m"}]},{"@type":"WebSite","@id":"https:\/\/plakci.nl\/#website","url":"https:\/\/plakci.nl\/","name":"Plakci.nl","description":"T\u00fcrk\u00e7e Plak ve CD","publisher":{"@id":"https:\/\/plakci.nl\/#organization"},"potentialAction":[{"@type":"SearchAction","target":{"@type":"EntryPoint","urlTemplate":"https:\/\/plakci.nl\/?s={search_term_string}"},"query-input":{"@type":"PropertyValueSpecification","valueRequired":true,"valueName":"search_term_string"}}],"inLanguage":"tr"},{"@type":"Organization","@id":"https:\/\/plakci.nl\/#organization","name":"Plakci","url":"https:\/\/plakci.nl\/","logo":{"@type":"ImageObject","inLanguage":"tr","@id":"https:\/\/plakci.nl\/#\/schema\/logo\/image\/","url":"https:\/\/plakci.nl\/wp-content\/uploads\/2021\/08\/Logo_Plakci_transparent-1.png","contentUrl":"https:\/\/plakci.nl\/wp-content\/uploads\/2021\/08\/Logo_Plakci_transparent-1.png","width":89,"height":70,"caption":"Plakci"},"image":{"@id":"https:\/\/plakci.nl\/#\/schema\/logo\/image\/"},"sameAs":["https:\/\/www.facebook.com\/Plakci.nl","https:\/\/www.instagram.com\/plakci.nl\/","https:\/\/www.tiktok.com\/@plakci.nl"]}]}},"_links":{"self":[{"href":"https:\/\/plakci.nl\/tr\/wp-json\/wp\/v2\/product\/1949","targetHints":{"allow":["GET"]}}],"collection":[{"href":"https:\/\/plakci.nl\/tr\/wp-json\/wp\/v2\/product"}],"about":[{"href":"https:\/\/plakci.nl\/tr\/wp-json\/wp\/v2\/types\/product"}],"wp:featuredmedia":[{"embeddable":true,"href":"https:\/\/plakci.nl\/tr\/wp-json\/wp\/v2\/media\/1950"}],"wp:attachment":[{"href":"https:\/\/plakci.nl\/tr\/wp-json\/wp\/v2\/media?parent=1949"}],"wp:term":[{"taxonomy":"product_brand","embeddable":true,"href":"https:\/\/plakci.nl\/tr\/wp-json\/wp\/v2\/product_brand?post=1949"},{"taxonomy":"product_cat","embeddable":true,"href":"https:\/\/plakci.nl\/tr\/wp-json\/wp\/v2\/product_cat?post=1949"},{"taxonomy":"product_tag","embeddable":true,"href":"https:\/\/plakci.nl\/tr\/wp-json\/wp\/v2\/product_tag?post=1949"},{"taxonomy":"giftcard-category","embeddable":true,"href":"https:\/\/plakci.nl\/tr\/wp-json\/wp\/v2\/giftcard-category?post=1949"}],"curies":[{"name":"wp","href":"https:\/\/api.w.org\/{rel}","templated":true}]}}