{"id":243,"date":"2020-09-23T12:51:28","date_gmt":"2020-09-23T10:51:28","guid":{"rendered":"http:\/\/plakci.nl\/?post_type=product&#038;p=243"},"modified":"2026-04-28T20:08:09","modified_gmt":"2026-04-28T18:08:09","slug":"orhan-gencebay-bir-teselli-ver-lp","status":"publish","type":"product","link":"https:\/\/plakci.nl\/tr\/product\/orhan-gencebay-bir-teselli-ver-lp\/","title":{"rendered":"[LP] Orhan Gencebay &#8211; Bir Teselli Ver"},"content":{"rendered":"<p><strong>A<\/strong><\/p>\n<ol>\n<li>Bir Teselli Ver<\/li>\n<li>Hor G\u00f6rme Garibi<\/li>\n<li>Sevenler Mesut Olmaz<\/li>\n<li>Beni de Allah Yaratt\u0131<\/li>\n<li>Ben Eski Halimle Daha Mesuttum<\/li>\n<li>Ba\u015fa Gelen \u00c7ekilirmi\u015f<\/li>\n<\/ol>\n<p><strong>\u00a0<\/strong><\/p>\n<p><strong>B<\/strong><\/p>\n<ol>\n<li>G\u00f6n\u00fcl F\u0131rt\u0131nas\u0131<\/li>\n<li>Vicdan Azab\u0131<\/li>\n<li>Severek Ayr\u0131lal\u0131m<\/li>\n<li>Ba\u011fr\u0131ma Ta\u015f Bast\u0131m<\/li>\n<li>Her Cefa Beni Bulur<\/li>\n<li>\u00dcmitsiz A\u015fk<\/li>\n<\/ol>\n","protected":false},"excerpt":{"rendered":"<p>A Bir Teselli Ver Hor G\u00f6rme Garibi Sevenler Mesut Olmaz Beni de Allah Yaratt\u0131 Ben Eski Halimle Daha Mesuttum Ba\u015fa Gelen \u00c7ekilirmi\u015f \u00a0 B G\u00f6n\u00fcl F\u0131rt\u0131nas\u0131 Vicdan Azab\u0131 Severek Ayr\u0131lal\u0131m Ba\u011fr\u0131ma Ta\u015f Bast\u0131m Her Cefa Beni Bulur \u00dcmitsiz A\u015fk<\/p>\n","protected":false},"featured_media":245,"template":"","meta":{"_joinchat":[]},"product_brand":[],"product_cat":[653,592,67],"product_tag":[738],"giftcard-category":[],"class_list":{"0":"post-243","1":"product","2":"type-product","3":"status-publish","4":"has-post-thumbnail","6":"product_cat-arabesk","7":"product_cat-lps","8":"product_cat-orhan-gencebay","9":"product_tag-istanbul","11":"first","12":"instock","13":"taxable","14":"shipping-taxable","15":"purchasable","16":"product-type-simple","17":"add-to-wishlist-before_image"},"supplier_id":null,"supplier_sku":"8693953001211","barcode":null,"atum_controlled":true,"out_stock_date":null,"out_stock_threshold":null,"inheritable":false,"inbound_stock":0,"stock_on_hold":0,"sold_today":0,"sales_last_days":0,"reserved_stock":0,"customer_returns":0,"warehouse_damage":0,"lost_in_post":0,"other_logs":0,"out_stock_days":0,"lost_sales":0,"has_location":false,"update_date":"2026-05-12T00:16:35","atum_locations":[],"atum_stock_status":"instock","restock_status":false,"low_stock_amount":"","sales_update_date":"2026-05-12T00:16:35","calc_backorders":null,"yoast_head":"<!-- This site is optimized with the Yoast SEO plugin v27.5 - https:\/\/yoast.com\/product\/yoast-seo-wordpress\/ -->\n<title>Orhan Gencebay - Bir Teselli Ver - Plakci.nl<\/title>\n<meta name=\"description\" content=\"Bir Teselli Ver; Hor G\u00f6rme Garibi; Sevenler Mesut Olmaz; Beni de Allah Yaratt\u0131; Ben Eski Halimle Daha Mesuttum; Ba\u015fa Gelen \u00c7ekilirmi\u015f; G\u00f6n\u00fcl F\u0131rt\u0131nas\u0131; Vicdan Azab\u0131; Severek Ayr\u0131lal\u0131m; Ba\u011fr\u0131ma Ta\u015f Bast\u0131m; Her Cefa Beni Bulur; \u00dcmitsiz A\u015fk\" \/>\n<meta name=\"robots\" content=\"index, follow, max-snippet:-1, max-image-preview:large, max-video-preview:-1\" \/>\n<link rel=\"canonical\" href=\"https:\/\/plakci.nl\/tr\/product\/orhan-gencebay-bir-teselli-ver-lp\/\" \/>\n<meta property=\"og:locale\" content=\"tr_TR\" \/>\n<meta property=\"og:type\" content=\"article\" \/>\n<meta property=\"og:title\" content=\"Orhan Gencebay - Bir Teselli Ver - Plakci.nl\" \/>\n<meta property=\"og:description\" content=\"Bir Teselli Ver; Hor G\u00f6rme Garibi; Sevenler Mesut Olmaz; Beni de Allah Yaratt\u0131; Ben Eski Halimle Daha Mesuttum; Ba\u015fa Gelen \u00c7ekilirmi\u015f; G\u00f6n\u00fcl F\u0131rt\u0131nas\u0131; Vicdan Azab\u0131; Severek Ayr\u0131lal\u0131m; Ba\u011fr\u0131ma Ta\u015f Bast\u0131m; Her Cefa Beni Bulur; \u00dcmitsiz A\u015fk\" \/>\n<meta property=\"og:url\" content=\"https:\/\/plakci.nl\/product\/orhan-gencebay-bir-teselli-ver-lp\/\" \/>\n<meta property=\"og:site_name\" content=\"Plakci.nl\" \/>\n<meta property=\"article:publisher\" content=\"https:\/\/www.facebook.com\/Plakci.nl\" \/>\n<meta property=\"article:modified_time\" content=\"2026-04-28T18:08:09+00:00\" \/>\n<meta property=\"og:image\" content=\"https:\/\/plakci.nl\/wp-content\/uploads\/2020\/09\/ONKAPAK.jpg\" \/>\n\t<meta property=\"og:image:width\" content=\"1341\" \/>\n\t<meta property=\"og:image:height\" content=\"1347\" \/>\n\t<meta property=\"og:image:type\" content=\"image\/jpeg\" \/>\n<meta name=\"twitter:card\" content=\"summary_large_image\" \/>\n<script type=\"application\/ld+json\" class=\"yoast-schema-graph\">{\"@context\":\"https:\\\/\\\/schema.org\",\"@graph\":[{\"@type\":\"WebPage\",\"@id\":\"https:\\\/\\\/plakci.nl\\\/product\\\/orhan-gencebay-bir-teselli-ver-lp\\\/\",\"url\":\"https:\\\/\\\/plakci.nl\\\/product\\\/orhan-gencebay-bir-teselli-ver-lp\\\/\",\"name\":\"Orhan Gencebay - Bir Teselli Ver - Plakci.nl\",\"isPartOf\":{\"@id\":\"https:\\\/\\\/plakci.nl\\\/#website\"},\"primaryImageOfPage\":{\"@id\":\"https:\\\/\\\/plakci.nl\\\/product\\\/orhan-gencebay-bir-teselli-ver-lp\\\/#primaryimage\"},\"image\":{\"@id\":\"https:\\\/\\\/plakci.nl\\\/product\\\/orhan-gencebay-bir-teselli-ver-lp\\\/#primaryimage\"},\"thumbnailUrl\":\"https:\\\/\\\/plakci.nl\\\/wp-content\\\/uploads\\\/2020\\\/09\\\/ONKAPAK.jpg\",\"datePublished\":\"2020-09-23T10:51:28+00:00\",\"dateModified\":\"2026-04-28T18:08:09+00:00\",\"description\":\"Bir Teselli Ver; Hor G\u00f6rme Garibi; Sevenler Mesut Olmaz; Beni de Allah Yaratt\u0131; Ben Eski Halimle Daha Mesuttum; Ba\u015fa Gelen \u00c7ekilirmi\u015f; G\u00f6n\u00fcl F\u0131rt\u0131nas\u0131; Vicdan Azab\u0131; Severek Ayr\u0131lal\u0131m; Ba\u011fr\u0131ma Ta\u015f Bast\u0131m; Her Cefa Beni Bulur; \u00dcmitsiz A\u015fk\",\"breadcrumb\":{\"@id\":\"https:\\\/\\\/plakci.nl\\\/product\\\/orhan-gencebay-bir-teselli-ver-lp\\\/#breadcrumb\"},\"inLanguage\":\"tr\",\"potentialAction\":[{\"@type\":\"ReadAction\",\"target\":[\"https:\\\/\\\/plakci.nl\\\/product\\\/orhan-gencebay-bir-teselli-ver-lp\\\/\"]}]},{\"@type\":\"ImageObject\",\"inLanguage\":\"tr\",\"@id\":\"https:\\\/\\\/plakci.nl\\\/product\\\/orhan-gencebay-bir-teselli-ver-lp\\\/#primaryimage\",\"url\":\"https:\\\/\\\/plakci.nl\\\/wp-content\\\/uploads\\\/2020\\\/09\\\/ONKAPAK.jpg\",\"contentUrl\":\"https:\\\/\\\/plakci.nl\\\/wp-content\\\/uploads\\\/2020\\\/09\\\/ONKAPAK.jpg\",\"width\":1341,\"height\":1347},{\"@type\":\"BreadcrumbList\",\"@id\":\"https:\\\/\\\/plakci.nl\\\/product\\\/orhan-gencebay-bir-teselli-ver-lp\\\/#breadcrumb\",\"itemListElement\":[{\"@type\":\"ListItem\",\"position\":1,\"name\":\"Home\",\"item\":\"https:\\\/\\\/plakci.nl\\\/\"},{\"@type\":\"ListItem\",\"position\":2,\"name\":\"Producten\",\"item\":\"https:\\\/\\\/plakci.nl\\\/producten\\\/\"},{\"@type\":\"ListItem\",\"position\":3,\"name\":\"[LP] Orhan Gencebay &#8211; Bir Teselli Ver\"}]},{\"@type\":\"WebSite\",\"@id\":\"https:\\\/\\\/plakci.nl\\\/#website\",\"url\":\"https:\\\/\\\/plakci.nl\\\/\",\"name\":\"Plakci.nl\",\"description\":\"T\u00fcrk\u00e7e Plak ve CD\",\"publisher\":{\"@id\":\"https:\\\/\\\/plakci.nl\\\/#organization\"},\"potentialAction\":[{\"@type\":\"SearchAction\",\"target\":{\"@type\":\"EntryPoint\",\"urlTemplate\":\"https:\\\/\\\/plakci.nl\\\/?s={search_term_string}\"},\"query-input\":{\"@type\":\"PropertyValueSpecification\",\"valueRequired\":true,\"valueName\":\"search_term_string\"}}],\"inLanguage\":\"tr\"},{\"@type\":\"Organization\",\"@id\":\"https:\\\/\\\/plakci.nl\\\/#organization\",\"name\":\"Plakci\",\"url\":\"https:\\\/\\\/plakci.nl\\\/\",\"logo\":{\"@type\":\"ImageObject\",\"inLanguage\":\"tr\",\"@id\":\"https:\\\/\\\/plakci.nl\\\/#\\\/schema\\\/logo\\\/image\\\/\",\"url\":\"https:\\\/\\\/plakci.nl\\\/wp-content\\\/uploads\\\/2021\\\/08\\\/Logo_Plakci_transparent-1.png\",\"contentUrl\":\"https:\\\/\\\/plakci.nl\\\/wp-content\\\/uploads\\\/2021\\\/08\\\/Logo_Plakci_transparent-1.png\",\"width\":89,\"height\":70,\"caption\":\"Plakci\"},\"image\":{\"@id\":\"https:\\\/\\\/plakci.nl\\\/#\\\/schema\\\/logo\\\/image\\\/\"},\"sameAs\":[\"https:\\\/\\\/www.facebook.com\\\/Plakci.nl\",\"https:\\\/\\\/www.instagram.com\\\/plakci.nl\\\/\",\"https:\\\/\\\/www.tiktok.com\\\/@plakci.nl\"]}]}<\/script>\n<!-- \/ Yoast SEO plugin. -->","yoast_head_json":{"title":"Orhan Gencebay - Bir Teselli Ver - Plakci.nl","description":"Bir Teselli Ver; Hor G\u00f6rme Garibi; Sevenler Mesut Olmaz; Beni de Allah Yaratt\u0131; Ben Eski Halimle Daha Mesuttum; Ba\u015fa Gelen \u00c7ekilirmi\u015f; G\u00f6n\u00fcl F\u0131rt\u0131nas\u0131; Vicdan Azab\u0131; Severek Ayr\u0131lal\u0131m; Ba\u011fr\u0131ma Ta\u015f Bast\u0131m; Her Cefa Beni Bulur; \u00dcmitsiz A\u015fk","robots":{"index":"index","follow":"follow","max-snippet":"max-snippet:-1","max-image-preview":"max-image-preview:large","max-video-preview":"max-video-preview:-1"},"canonical":"https:\/\/plakci.nl\/tr\/product\/orhan-gencebay-bir-teselli-ver-lp\/","og_locale":"tr_TR","og_type":"article","og_title":"Orhan Gencebay - Bir Teselli Ver - Plakci.nl","og_description":"Bir Teselli Ver; Hor G\u00f6rme Garibi; Sevenler Mesut Olmaz; Beni de Allah Yaratt\u0131; Ben Eski Halimle Daha Mesuttum; Ba\u015fa Gelen \u00c7ekilirmi\u015f; G\u00f6n\u00fcl F\u0131rt\u0131nas\u0131; Vicdan Azab\u0131; Severek Ayr\u0131lal\u0131m; Ba\u011fr\u0131ma Ta\u015f Bast\u0131m; Her Cefa Beni Bulur; \u00dcmitsiz A\u015fk","og_url":"https:\/\/plakci.nl\/product\/orhan-gencebay-bir-teselli-ver-lp\/","og_site_name":"Plakci.nl","article_publisher":"https:\/\/www.facebook.com\/Plakci.nl","article_modified_time":"2026-04-28T18:08:09+00:00","og_image":[{"width":1341,"height":1347,"url":"https:\/\/plakci.nl\/wp-content\/uploads\/2020\/09\/ONKAPAK.jpg","type":"image\/jpeg"}],"twitter_card":"summary_large_image","schema":{"@context":"https:\/\/schema.org","@graph":[{"@type":"WebPage","@id":"https:\/\/plakci.nl\/product\/orhan-gencebay-bir-teselli-ver-lp\/","url":"https:\/\/plakci.nl\/product\/orhan-gencebay-bir-teselli-ver-lp\/","name":"Orhan Gencebay - Bir Teselli Ver - Plakci.nl","isPartOf":{"@id":"https:\/\/plakci.nl\/#website"},"primaryImageOfPage":{"@id":"https:\/\/plakci.nl\/product\/orhan-gencebay-bir-teselli-ver-lp\/#primaryimage"},"image":{"@id":"https:\/\/plakci.nl\/product\/orhan-gencebay-bir-teselli-ver-lp\/#primaryimage"},"thumbnailUrl":"https:\/\/plakci.nl\/wp-content\/uploads\/2020\/09\/ONKAPAK.jpg","datePublished":"2020-09-23T10:51:28+00:00","dateModified":"2026-04-28T18:08:09+00:00","description":"Bir Teselli Ver; Hor G\u00f6rme Garibi; Sevenler Mesut Olmaz; Beni de Allah Yaratt\u0131; Ben Eski Halimle Daha Mesuttum; Ba\u015fa Gelen \u00c7ekilirmi\u015f; G\u00f6n\u00fcl F\u0131rt\u0131nas\u0131; Vicdan Azab\u0131; Severek Ayr\u0131lal\u0131m; Ba\u011fr\u0131ma Ta\u015f Bast\u0131m; Her Cefa Beni Bulur; \u00dcmitsiz A\u015fk","breadcrumb":{"@id":"https:\/\/plakci.nl\/product\/orhan-gencebay-bir-teselli-ver-lp\/#breadcrumb"},"inLanguage":"tr","potentialAction":[{"@type":"ReadAction","target":["https:\/\/plakci.nl\/product\/orhan-gencebay-bir-teselli-ver-lp\/"]}]},{"@type":"ImageObject","inLanguage":"tr","@id":"https:\/\/plakci.nl\/product\/orhan-gencebay-bir-teselli-ver-lp\/#primaryimage","url":"https:\/\/plakci.nl\/wp-content\/uploads\/2020\/09\/ONKAPAK.jpg","contentUrl":"https:\/\/plakci.nl\/wp-content\/uploads\/2020\/09\/ONKAPAK.jpg","width":1341,"height":1347},{"@type":"BreadcrumbList","@id":"https:\/\/plakci.nl\/product\/orhan-gencebay-bir-teselli-ver-lp\/#breadcrumb","itemListElement":[{"@type":"ListItem","position":1,"name":"Home","item":"https:\/\/plakci.nl\/"},{"@type":"ListItem","position":2,"name":"Producten","item":"https:\/\/plakci.nl\/producten\/"},{"@type":"ListItem","position":3,"name":"[LP] Orhan Gencebay &#8211; Bir Teselli Ver"}]},{"@type":"WebSite","@id":"https:\/\/plakci.nl\/#website","url":"https:\/\/plakci.nl\/","name":"Plakci.nl","description":"T\u00fcrk\u00e7e Plak ve CD","publisher":{"@id":"https:\/\/plakci.nl\/#organization"},"potentialAction":[{"@type":"SearchAction","target":{"@type":"EntryPoint","urlTemplate":"https:\/\/plakci.nl\/?s={search_term_string}"},"query-input":{"@type":"PropertyValueSpecification","valueRequired":true,"valueName":"search_term_string"}}],"inLanguage":"tr"},{"@type":"Organization","@id":"https:\/\/plakci.nl\/#organization","name":"Plakci","url":"https:\/\/plakci.nl\/","logo":{"@type":"ImageObject","inLanguage":"tr","@id":"https:\/\/plakci.nl\/#\/schema\/logo\/image\/","url":"https:\/\/plakci.nl\/wp-content\/uploads\/2021\/08\/Logo_Plakci_transparent-1.png","contentUrl":"https:\/\/plakci.nl\/wp-content\/uploads\/2021\/08\/Logo_Plakci_transparent-1.png","width":89,"height":70,"caption":"Plakci"},"image":{"@id":"https:\/\/plakci.nl\/#\/schema\/logo\/image\/"},"sameAs":["https:\/\/www.facebook.com\/Plakci.nl","https:\/\/www.instagram.com\/plakci.nl\/","https:\/\/www.tiktok.com\/@plakci.nl"]}]}},"_links":{"self":[{"href":"https:\/\/plakci.nl\/tr\/wp-json\/wp\/v2\/product\/243","targetHints":{"allow":["GET"]}}],"collection":[{"href":"https:\/\/plakci.nl\/tr\/wp-json\/wp\/v2\/product"}],"about":[{"href":"https:\/\/plakci.nl\/tr\/wp-json\/wp\/v2\/types\/product"}],"wp:featuredmedia":[{"embeddable":true,"href":"https:\/\/plakci.nl\/tr\/wp-json\/wp\/v2\/media\/245"}],"wp:attachment":[{"href":"https:\/\/plakci.nl\/tr\/wp-json\/wp\/v2\/media?parent=243"}],"wp:term":[{"taxonomy":"product_brand","embeddable":true,"href":"https:\/\/plakci.nl\/tr\/wp-json\/wp\/v2\/product_brand?post=243"},{"taxonomy":"product_cat","embeddable":true,"href":"https:\/\/plakci.nl\/tr\/wp-json\/wp\/v2\/product_cat?post=243"},{"taxonomy":"product_tag","embeddable":true,"href":"https:\/\/plakci.nl\/tr\/wp-json\/wp\/v2\/product_tag?post=243"},{"taxonomy":"giftcard-category","embeddable":true,"href":"https:\/\/plakci.nl\/tr\/wp-json\/wp\/v2\/giftcard-category?post=243"}],"curies":[{"name":"wp","href":"https:\/\/api.w.org\/{rel}","templated":true}]}}