{"id":2565,"date":"2022-02-14T20:23:00","date_gmt":"2022-02-14T19:23:00","guid":{"rendered":"https:\/\/plakci.nl\/?post_type=product&#038;p=2565"},"modified":"2025-10-11T20:21:55","modified_gmt":"2025-10-11T18:21:55","slug":"faruk-tinaz-dinlenesi-sarkilar-2-lp","status":"publish","type":"product","link":"https:\/\/plakci.nl\/tr\/product\/faruk-tinaz-dinlenesi-sarkilar-2-lp\/","title":{"rendered":"[LP] Faruk T\u0131naz &#8211; Dinlenesi \u015eark\u0131lar (2 LP)"},"content":{"rendered":"<p>LP 1 &#8211; A:<\/p>\n<ol>\n<li>Yalan<\/li>\n<li>R\u00fcya Gibi U\u00e7an Y\u0131llar<\/li>\n<li>G\u00f6lgesinde Mevsimler<\/li>\n<li>Y\u0131ld\u0131zl\u0131 Semalardaki Ha\u015fmet<\/li>\n<\/ol>\n<p>LP 1 &#8211; B:<\/p>\n<ol>\n<li>Sar Beni<\/li>\n<li>Lale Devri<\/li>\n<li>D\u00fcn Gece Mehtaba Dal\u0131p<\/li>\n<\/ol>\n<p>LP 2 &#8211; A:<\/p>\n<ol>\n<li>Anne<\/li>\n<li>Talihin Elinde Oyuncak Oldum<\/li>\n<li>Beyaz Giyme<\/li>\n<li>Benzemez Kimse<\/li>\n<\/ol>\n<p>LP 2 &#8211; B:<\/p>\n<ol>\n<li>Unutamam Seni<\/li>\n<li>Ye\u015fil \u00d6rdek<\/li>\n<li>Seni Seviyorum<\/li>\n<\/ol>\n","protected":false},"excerpt":{"rendered":"<p>LP 1 &#8211; A: Yalan R\u00fcya Gibi U\u00e7an Y\u0131llar G\u00f6lgesinde Mevsimler Y\u0131ld\u0131zl\u0131 Semalardaki Ha\u015fmet LP 1 &#8211; B: Sar Beni Lale Devri D\u00fcn Gece Mehtaba Dal\u0131p LP 2 &#8211; A: Anne Talihin Elinde Oyuncak Oldum Beyaz Giyme Benzemez Kimse LP 2 &#8211; B: Unutamam Seni Ye\u015fil \u00d6rdek Seni Seviyorum<\/p>\n","protected":false},"featured_media":2567,"template":"","meta":{"_joinchat":[]},"product_brand":[],"product_cat":[944,534,592,668],"product_tag":[684],"giftcard-category":[],"class_list":{"0":"post-2565","1":"product","2":"type-product","3":"status-publish","4":"has-post-thumbnail","6":"product_cat-aanbieding","7":"product_cat-faruk-tinaz","8":"product_cat-lps","9":"product_cat-turk-sanat","10":"product_tag-esen","12":"first","13":"instock","14":"sale","15":"taxable","16":"shipping-taxable","17":"purchasable","18":"product-type-simple","19":"add-to-wishlist-before_image"},"supplier_id":null,"supplier_sku":"","barcode":null,"atum_controlled":true,"out_stock_date":null,"out_stock_threshold":null,"inheritable":false,"inbound_stock":null,"stock_on_hold":0,"sold_today":0,"sales_last_days":0,"reserved_stock":null,"customer_returns":null,"warehouse_damage":null,"lost_in_post":null,"other_logs":null,"out_stock_days":0,"lost_sales":0,"has_location":null,"update_date":"2026-05-12T00:16:17","atum_locations":[],"atum_stock_status":"instock","restock_status":false,"low_stock_amount":"","sales_update_date":"2026-05-12T00:16:17","calc_backorders":null,"yoast_head":"<!-- This site is optimized with the Yoast SEO plugin v27.5 - https:\/\/yoast.com\/product\/yoast-seo-wordpress\/ -->\n<title>Faruk T\u0131naz - Dinlenesi \u015eark\u0131lar (2 LP) - Plakci.nl<\/title>\n<meta name=\"robots\" content=\"index, follow, max-snippet:-1, max-image-preview:large, max-video-preview:-1\" \/>\n<link rel=\"canonical\" href=\"https:\/\/plakci.nl\/tr\/product\/faruk-tinaz-dinlenesi-sarkilar-2-lp\/\" \/>\n<meta property=\"og:locale\" content=\"tr_TR\" \/>\n<meta property=\"og:type\" content=\"article\" \/>\n<meta property=\"og:title\" content=\"Faruk T\u0131naz - Dinlenesi \u015eark\u0131lar (2 LP) - Plakci.nl\" \/>\n<meta property=\"og:description\" content=\"LP 1 &#8211; A: Yalan R\u00fcya Gibi U\u00e7an Y\u0131llar G\u00f6lgesinde Mevsimler Y\u0131ld\u0131zl\u0131 Semalardaki Ha\u015fmet LP 1 &#8211; B: Sar Beni Lale Devri D\u00fcn Gece Mehtaba Dal\u0131p LP 2 &#8211; A: Anne Talihin Elinde Oyuncak Oldum Beyaz Giyme Benzemez Kimse LP 2 &#8211; B: Unutamam Seni Ye\u015fil \u00d6rdek Seni Seviyorum\" \/>\n<meta property=\"og:url\" content=\"https:\/\/plakci.nl\/product\/faruk-tinaz-dinlenesi-sarkilar-2-lp\/\" \/>\n<meta property=\"og:site_name\" content=\"Plakci.nl\" \/>\n<meta property=\"article:publisher\" content=\"https:\/\/www.facebook.com\/Plakci.nl\" \/>\n<meta property=\"article:modified_time\" content=\"2025-10-11T18:21:55+00:00\" \/>\n<meta property=\"og:image\" content=\"https:\/\/plakci.nl\/wp-content\/uploads\/2022\/02\/8698527731266-faruk-tinaz-dinlenesi-sa-f97-cf.jpg\" \/>\n\t<meta property=\"og:image:width\" content=\"1200\" \/>\n\t<meta property=\"og:image:height\" content=\"1200\" \/>\n\t<meta property=\"og:image:type\" content=\"image\/jpeg\" \/>\n<meta name=\"twitter:card\" content=\"summary_large_image\" \/>\n<script type=\"application\/ld+json\" class=\"yoast-schema-graph\">{\"@context\":\"https:\\\/\\\/schema.org\",\"@graph\":[{\"@type\":\"WebPage\",\"@id\":\"https:\\\/\\\/plakci.nl\\\/product\\\/faruk-tinaz-dinlenesi-sarkilar-2-lp\\\/\",\"url\":\"https:\\\/\\\/plakci.nl\\\/product\\\/faruk-tinaz-dinlenesi-sarkilar-2-lp\\\/\",\"name\":\"Faruk T\u0131naz - Dinlenesi \u015eark\u0131lar (2 LP) - Plakci.nl\",\"isPartOf\":{\"@id\":\"https:\\\/\\\/plakci.nl\\\/#website\"},\"primaryImageOfPage\":{\"@id\":\"https:\\\/\\\/plakci.nl\\\/product\\\/faruk-tinaz-dinlenesi-sarkilar-2-lp\\\/#primaryimage\"},\"image\":{\"@id\":\"https:\\\/\\\/plakci.nl\\\/product\\\/faruk-tinaz-dinlenesi-sarkilar-2-lp\\\/#primaryimage\"},\"thumbnailUrl\":\"https:\\\/\\\/plakci.nl\\\/wp-content\\\/uploads\\\/2022\\\/02\\\/8698527731266-faruk-tinaz-dinlenesi-sa-f97-cf.jpg\",\"datePublished\":\"2022-02-14T19:23:00+00:00\",\"dateModified\":\"2025-10-11T18:21:55+00:00\",\"breadcrumb\":{\"@id\":\"https:\\\/\\\/plakci.nl\\\/product\\\/faruk-tinaz-dinlenesi-sarkilar-2-lp\\\/#breadcrumb\"},\"inLanguage\":\"tr\",\"potentialAction\":[{\"@type\":\"ReadAction\",\"target\":[\"https:\\\/\\\/plakci.nl\\\/product\\\/faruk-tinaz-dinlenesi-sarkilar-2-lp\\\/\"]}]},{\"@type\":\"ImageObject\",\"inLanguage\":\"tr\",\"@id\":\"https:\\\/\\\/plakci.nl\\\/product\\\/faruk-tinaz-dinlenesi-sarkilar-2-lp\\\/#primaryimage\",\"url\":\"https:\\\/\\\/plakci.nl\\\/wp-content\\\/uploads\\\/2022\\\/02\\\/8698527731266-faruk-tinaz-dinlenesi-sa-f97-cf.jpg\",\"contentUrl\":\"https:\\\/\\\/plakci.nl\\\/wp-content\\\/uploads\\\/2022\\\/02\\\/8698527731266-faruk-tinaz-dinlenesi-sa-f97-cf.jpg\",\"width\":1200,\"height\":1200},{\"@type\":\"BreadcrumbList\",\"@id\":\"https:\\\/\\\/plakci.nl\\\/product\\\/faruk-tinaz-dinlenesi-sarkilar-2-lp\\\/#breadcrumb\",\"itemListElement\":[{\"@type\":\"ListItem\",\"position\":1,\"name\":\"Home\",\"item\":\"https:\\\/\\\/plakci.nl\\\/\"},{\"@type\":\"ListItem\",\"position\":2,\"name\":\"Producten\",\"item\":\"https:\\\/\\\/plakci.nl\\\/producten\\\/\"},{\"@type\":\"ListItem\",\"position\":3,\"name\":\"[LP] Faruk T\u0131naz &#8211; Dinlenesi \u015eark\u0131lar (2 LP)\"}]},{\"@type\":\"WebSite\",\"@id\":\"https:\\\/\\\/plakci.nl\\\/#website\",\"url\":\"https:\\\/\\\/plakci.nl\\\/\",\"name\":\"Plakci.nl\",\"description\":\"T\u00fcrk\u00e7e Plak ve CD\",\"publisher\":{\"@id\":\"https:\\\/\\\/plakci.nl\\\/#organization\"},\"potentialAction\":[{\"@type\":\"SearchAction\",\"target\":{\"@type\":\"EntryPoint\",\"urlTemplate\":\"https:\\\/\\\/plakci.nl\\\/?s={search_term_string}\"},\"query-input\":{\"@type\":\"PropertyValueSpecification\",\"valueRequired\":true,\"valueName\":\"search_term_string\"}}],\"inLanguage\":\"tr\"},{\"@type\":\"Organization\",\"@id\":\"https:\\\/\\\/plakci.nl\\\/#organization\",\"name\":\"Plakci\",\"url\":\"https:\\\/\\\/plakci.nl\\\/\",\"logo\":{\"@type\":\"ImageObject\",\"inLanguage\":\"tr\",\"@id\":\"https:\\\/\\\/plakci.nl\\\/#\\\/schema\\\/logo\\\/image\\\/\",\"url\":\"https:\\\/\\\/plakci.nl\\\/wp-content\\\/uploads\\\/2021\\\/08\\\/Logo_Plakci_transparent-1.png\",\"contentUrl\":\"https:\\\/\\\/plakci.nl\\\/wp-content\\\/uploads\\\/2021\\\/08\\\/Logo_Plakci_transparent-1.png\",\"width\":89,\"height\":70,\"caption\":\"Plakci\"},\"image\":{\"@id\":\"https:\\\/\\\/plakci.nl\\\/#\\\/schema\\\/logo\\\/image\\\/\"},\"sameAs\":[\"https:\\\/\\\/www.facebook.com\\\/Plakci.nl\",\"https:\\\/\\\/www.instagram.com\\\/plakci.nl\\\/\",\"https:\\\/\\\/www.tiktok.com\\\/@plakci.nl\"]}]}<\/script>\n<!-- \/ Yoast SEO plugin. -->","yoast_head_json":{"title":"Faruk T\u0131naz - Dinlenesi \u015eark\u0131lar (2 LP) - Plakci.nl","robots":{"index":"index","follow":"follow","max-snippet":"max-snippet:-1","max-image-preview":"max-image-preview:large","max-video-preview":"max-video-preview:-1"},"canonical":"https:\/\/plakci.nl\/tr\/product\/faruk-tinaz-dinlenesi-sarkilar-2-lp\/","og_locale":"tr_TR","og_type":"article","og_title":"Faruk T\u0131naz - Dinlenesi \u015eark\u0131lar (2 LP) - Plakci.nl","og_description":"LP 1 &#8211; A: Yalan R\u00fcya Gibi U\u00e7an Y\u0131llar G\u00f6lgesinde Mevsimler Y\u0131ld\u0131zl\u0131 Semalardaki Ha\u015fmet LP 1 &#8211; B: Sar Beni Lale Devri D\u00fcn Gece Mehtaba Dal\u0131p LP 2 &#8211; A: Anne Talihin Elinde Oyuncak Oldum Beyaz Giyme Benzemez Kimse LP 2 &#8211; B: Unutamam Seni Ye\u015fil \u00d6rdek Seni Seviyorum","og_url":"https:\/\/plakci.nl\/product\/faruk-tinaz-dinlenesi-sarkilar-2-lp\/","og_site_name":"Plakci.nl","article_publisher":"https:\/\/www.facebook.com\/Plakci.nl","article_modified_time":"2025-10-11T18:21:55+00:00","og_image":[{"width":1200,"height":1200,"url":"https:\/\/plakci.nl\/wp-content\/uploads\/2022\/02\/8698527731266-faruk-tinaz-dinlenesi-sa-f97-cf.jpg","type":"image\/jpeg"}],"twitter_card":"summary_large_image","schema":{"@context":"https:\/\/schema.org","@graph":[{"@type":"WebPage","@id":"https:\/\/plakci.nl\/product\/faruk-tinaz-dinlenesi-sarkilar-2-lp\/","url":"https:\/\/plakci.nl\/product\/faruk-tinaz-dinlenesi-sarkilar-2-lp\/","name":"Faruk T\u0131naz - Dinlenesi \u015eark\u0131lar (2 LP) - Plakci.nl","isPartOf":{"@id":"https:\/\/plakci.nl\/#website"},"primaryImageOfPage":{"@id":"https:\/\/plakci.nl\/product\/faruk-tinaz-dinlenesi-sarkilar-2-lp\/#primaryimage"},"image":{"@id":"https:\/\/plakci.nl\/product\/faruk-tinaz-dinlenesi-sarkilar-2-lp\/#primaryimage"},"thumbnailUrl":"https:\/\/plakci.nl\/wp-content\/uploads\/2022\/02\/8698527731266-faruk-tinaz-dinlenesi-sa-f97-cf.jpg","datePublished":"2022-02-14T19:23:00+00:00","dateModified":"2025-10-11T18:21:55+00:00","breadcrumb":{"@id":"https:\/\/plakci.nl\/product\/faruk-tinaz-dinlenesi-sarkilar-2-lp\/#breadcrumb"},"inLanguage":"tr","potentialAction":[{"@type":"ReadAction","target":["https:\/\/plakci.nl\/product\/faruk-tinaz-dinlenesi-sarkilar-2-lp\/"]}]},{"@type":"ImageObject","inLanguage":"tr","@id":"https:\/\/plakci.nl\/product\/faruk-tinaz-dinlenesi-sarkilar-2-lp\/#primaryimage","url":"https:\/\/plakci.nl\/wp-content\/uploads\/2022\/02\/8698527731266-faruk-tinaz-dinlenesi-sa-f97-cf.jpg","contentUrl":"https:\/\/plakci.nl\/wp-content\/uploads\/2022\/02\/8698527731266-faruk-tinaz-dinlenesi-sa-f97-cf.jpg","width":1200,"height":1200},{"@type":"BreadcrumbList","@id":"https:\/\/plakci.nl\/product\/faruk-tinaz-dinlenesi-sarkilar-2-lp\/#breadcrumb","itemListElement":[{"@type":"ListItem","position":1,"name":"Home","item":"https:\/\/plakci.nl\/"},{"@type":"ListItem","position":2,"name":"Producten","item":"https:\/\/plakci.nl\/producten\/"},{"@type":"ListItem","position":3,"name":"[LP] Faruk T\u0131naz &#8211; Dinlenesi \u015eark\u0131lar (2 LP)"}]},{"@type":"WebSite","@id":"https:\/\/plakci.nl\/#website","url":"https:\/\/plakci.nl\/","name":"Plakci.nl","description":"T\u00fcrk\u00e7e Plak ve CD","publisher":{"@id":"https:\/\/plakci.nl\/#organization"},"potentialAction":[{"@type":"SearchAction","target":{"@type":"EntryPoint","urlTemplate":"https:\/\/plakci.nl\/?s={search_term_string}"},"query-input":{"@type":"PropertyValueSpecification","valueRequired":true,"valueName":"search_term_string"}}],"inLanguage":"tr"},{"@type":"Organization","@id":"https:\/\/plakci.nl\/#organization","name":"Plakci","url":"https:\/\/plakci.nl\/","logo":{"@type":"ImageObject","inLanguage":"tr","@id":"https:\/\/plakci.nl\/#\/schema\/logo\/image\/","url":"https:\/\/plakci.nl\/wp-content\/uploads\/2021\/08\/Logo_Plakci_transparent-1.png","contentUrl":"https:\/\/plakci.nl\/wp-content\/uploads\/2021\/08\/Logo_Plakci_transparent-1.png","width":89,"height":70,"caption":"Plakci"},"image":{"@id":"https:\/\/plakci.nl\/#\/schema\/logo\/image\/"},"sameAs":["https:\/\/www.facebook.com\/Plakci.nl","https:\/\/www.instagram.com\/plakci.nl\/","https:\/\/www.tiktok.com\/@plakci.nl"]}]}},"_links":{"self":[{"href":"https:\/\/plakci.nl\/tr\/wp-json\/wp\/v2\/product\/2565","targetHints":{"allow":["GET"]}}],"collection":[{"href":"https:\/\/plakci.nl\/tr\/wp-json\/wp\/v2\/product"}],"about":[{"href":"https:\/\/plakci.nl\/tr\/wp-json\/wp\/v2\/types\/product"}],"wp:featuredmedia":[{"embeddable":true,"href":"https:\/\/plakci.nl\/tr\/wp-json\/wp\/v2\/media\/2567"}],"wp:attachment":[{"href":"https:\/\/plakci.nl\/tr\/wp-json\/wp\/v2\/media?parent=2565"}],"wp:term":[{"taxonomy":"product_brand","embeddable":true,"href":"https:\/\/plakci.nl\/tr\/wp-json\/wp\/v2\/product_brand?post=2565"},{"taxonomy":"product_cat","embeddable":true,"href":"https:\/\/plakci.nl\/tr\/wp-json\/wp\/v2\/product_cat?post=2565"},{"taxonomy":"product_tag","embeddable":true,"href":"https:\/\/plakci.nl\/tr\/wp-json\/wp\/v2\/product_tag?post=2565"},{"taxonomy":"giftcard-category","embeddable":true,"href":"https:\/\/plakci.nl\/tr\/wp-json\/wp\/v2\/giftcard-category?post=2565"}],"curies":[{"name":"wp","href":"https:\/\/api.w.org\/{rel}","templated":true}]}}