{"id":3487,"date":"2022-09-10T17:46:21","date_gmt":"2022-09-10T15:46:21","guid":{"rendered":"https:\/\/plakci.nl\/?post_type=product&#038;p=3487"},"modified":"2024-05-12T13:05:44","modified_gmt":"2024-05-12T11:05:44","slug":"muzeyyen-senar-aksam-oldu-huzunlendim-ben-yine-cd","status":"publish","type":"product","link":"https:\/\/plakci.nl\/tr\/product\/muzeyyen-senar-aksam-oldu-huzunlendim-ben-yine-cd\/","title":{"rendered":"[CD] M\u00fczeyyen Senar &#8211; Ak\u015fam Oldu H\u00fcz\u00fcnlendim Ben Yine"},"content":{"rendered":"<ol>\n<li>Ak\u015fam Oldu H\u00fcz\u00fcnlendim Ben Yine<\/li>\n<li>Yaralar\u0131m \u00c7ok Derin<\/li>\n<li>\u00dcmitsiz Bir A\u015fka D\u00fc\u015ft\u00fcm<\/li>\n<li>Pencereden Ku\u015f U\u00e7tu<\/li>\n<li>Sak\u0131n Ge\u00e7 Kalma<\/li>\n<li>\u015eu Da\u011flar\u0131 Delmeli<\/li>\n<li>Aylar Ge\u00e7iyor<\/li>\n<li>Yaln\u0131z Benim<\/li>\n<li>Sensiz Kalan G\u00f6nl\u00fcmde<\/li>\n<li>Sa\u00e7lar\u0131n Tarumar<\/li>\n<li>Dertlinin Divan\u0131<\/li>\n<li>Dertli<\/li>\n<\/ol>\n","protected":false},"excerpt":{"rendered":"<p>Ak\u015fam Oldu H\u00fcz\u00fcnlendim Ben Yine Yaralar\u0131m \u00c7ok Derin \u00dcmitsiz Bir A\u015fka D\u00fc\u015ft\u00fcm Pencereden Ku\u015f U\u00e7tu Sak\u0131n Ge\u00e7 Kalma \u015eu Da\u011flar\u0131 Delmeli Aylar Ge\u00e7iyor Yaln\u0131z Benim Sensiz Kalan G\u00f6nl\u00fcmde Sa\u00e7lar\u0131n Tarumar Dertlinin Divan\u0131 Dertli<\/p>\n","protected":false},"featured_media":3488,"template":"","meta":{"_joinchat":[]},"product_brand":[],"product_cat":[500,290,668],"product_tag":[676],"giftcard-category":[],"class_list":{"0":"post-3487","1":"product","2":"type-product","3":"status-publish","4":"has-post-thumbnail","6":"product_cat-cds","7":"product_cat-muzeyyen-senar","8":"product_cat-turk-sanat","9":"product_tag-coskun","10":"product_shipping_class-bb-pakket","12":"first","13":"instock","14":"taxable","15":"shipping-taxable","16":"purchasable","17":"product-type-simple","18":"add-to-wishlist-before_image"},"supplier_id":null,"supplier_sku":"","barcode":null,"atum_controlled":true,"out_stock_date":null,"out_stock_threshold":null,"inheritable":false,"inbound_stock":null,"stock_on_hold":0,"sold_today":0,"sales_last_days":0,"reserved_stock":null,"customer_returns":null,"warehouse_damage":null,"lost_in_post":null,"other_logs":null,"out_stock_days":0,"lost_sales":0,"has_location":null,"update_date":"2026-05-14T00:16:58","atum_locations":[],"atum_stock_status":"instock","restock_status":false,"low_stock_amount":"","sales_update_date":"2026-05-14T00:16:58","calc_backorders":null,"yoast_head":"<!-- This site is optimized with the Yoast SEO plugin v27.5 - https:\/\/yoast.com\/product\/yoast-seo-wordpress\/ -->\n<title>M\u00fczeyyen Senar - Ak\u015fam Oldu H\u00fcz\u00fcnlendim Ben Yine - Plakci.nl<\/title>\n<meta name=\"robots\" content=\"index, follow, max-snippet:-1, max-image-preview:large, max-video-preview:-1\" \/>\n<link rel=\"canonical\" href=\"https:\/\/plakci.nl\/tr\/product\/muzeyyen-senar-aksam-oldu-huzunlendim-ben-yine-cd\/\" \/>\n<meta property=\"og:locale\" content=\"tr_TR\" \/>\n<meta property=\"og:type\" content=\"article\" \/>\n<meta property=\"og:title\" content=\"M\u00fczeyyen Senar - Ak\u015fam Oldu H\u00fcz\u00fcnlendim Ben Yine - Plakci.nl\" \/>\n<meta property=\"og:description\" content=\"Ak\u015fam Oldu H\u00fcz\u00fcnlendim Ben Yine Yaralar\u0131m \u00c7ok Derin \u00dcmitsiz Bir A\u015fka D\u00fc\u015ft\u00fcm Pencereden Ku\u015f U\u00e7tu Sak\u0131n Ge\u00e7 Kalma \u015eu Da\u011flar\u0131 Delmeli Aylar Ge\u00e7iyor Yaln\u0131z Benim Sensiz Kalan G\u00f6nl\u00fcmde Sa\u00e7lar\u0131n Tarumar Dertlinin Divan\u0131 Dertli\" \/>\n<meta property=\"og:url\" content=\"https:\/\/plakci.nl\/product\/muzeyyen-senar-aksam-oldu-huzunlendim-ben-yine-cd\/\" \/>\n<meta property=\"og:site_name\" content=\"Plakci.nl\" \/>\n<meta property=\"article:publisher\" content=\"https:\/\/www.facebook.com\/Plakci.nl\" \/>\n<meta property=\"article:modified_time\" content=\"2024-05-12T11:05:44+00:00\" \/>\n<meta property=\"og:image\" content=\"https:\/\/plakci.nl\/wp-content\/uploads\/2022\/09\/8697550320157-muzeyyen-senar-aksam-old-cd0425.jpg\" \/>\n\t<meta property=\"og:image:width\" content=\"1200\" \/>\n\t<meta property=\"og:image:height\" content=\"1200\" \/>\n\t<meta property=\"og:image:type\" content=\"image\/jpeg\" \/>\n<meta name=\"twitter:card\" content=\"summary_large_image\" \/>\n<meta name=\"twitter:label1\" content=\"Tahmini okuma s\u00fcresi\" \/>\n\t<meta name=\"twitter:data1\" content=\"1 dakika\" \/>\n<script type=\"application\/ld+json\" class=\"yoast-schema-graph\">{\"@context\":\"https:\\\/\\\/schema.org\",\"@graph\":[{\"@type\":\"WebPage\",\"@id\":\"https:\\\/\\\/plakci.nl\\\/product\\\/muzeyyen-senar-aksam-oldu-huzunlendim-ben-yine-cd\\\/\",\"url\":\"https:\\\/\\\/plakci.nl\\\/product\\\/muzeyyen-senar-aksam-oldu-huzunlendim-ben-yine-cd\\\/\",\"name\":\"M\u00fczeyyen Senar - Ak\u015fam Oldu H\u00fcz\u00fcnlendim Ben Yine - Plakci.nl\",\"isPartOf\":{\"@id\":\"https:\\\/\\\/plakci.nl\\\/#website\"},\"primaryImageOfPage\":{\"@id\":\"https:\\\/\\\/plakci.nl\\\/product\\\/muzeyyen-senar-aksam-oldu-huzunlendim-ben-yine-cd\\\/#primaryimage\"},\"image\":{\"@id\":\"https:\\\/\\\/plakci.nl\\\/product\\\/muzeyyen-senar-aksam-oldu-huzunlendim-ben-yine-cd\\\/#primaryimage\"},\"thumbnailUrl\":\"https:\\\/\\\/plakci.nl\\\/wp-content\\\/uploads\\\/2022\\\/09\\\/8697550320157-muzeyyen-senar-aksam-old-cd0425.jpg\",\"datePublished\":\"2022-09-10T15:46:21+00:00\",\"dateModified\":\"2024-05-12T11:05:44+00:00\",\"breadcrumb\":{\"@id\":\"https:\\\/\\\/plakci.nl\\\/product\\\/muzeyyen-senar-aksam-oldu-huzunlendim-ben-yine-cd\\\/#breadcrumb\"},\"inLanguage\":\"tr\",\"potentialAction\":[{\"@type\":\"ReadAction\",\"target\":[\"https:\\\/\\\/plakci.nl\\\/product\\\/muzeyyen-senar-aksam-oldu-huzunlendim-ben-yine-cd\\\/\"]}]},{\"@type\":\"ImageObject\",\"inLanguage\":\"tr\",\"@id\":\"https:\\\/\\\/plakci.nl\\\/product\\\/muzeyyen-senar-aksam-oldu-huzunlendim-ben-yine-cd\\\/#primaryimage\",\"url\":\"https:\\\/\\\/plakci.nl\\\/wp-content\\\/uploads\\\/2022\\\/09\\\/8697550320157-muzeyyen-senar-aksam-old-cd0425.jpg\",\"contentUrl\":\"https:\\\/\\\/plakci.nl\\\/wp-content\\\/uploads\\\/2022\\\/09\\\/8697550320157-muzeyyen-senar-aksam-old-cd0425.jpg\",\"width\":1200,\"height\":1200},{\"@type\":\"BreadcrumbList\",\"@id\":\"https:\\\/\\\/plakci.nl\\\/product\\\/muzeyyen-senar-aksam-oldu-huzunlendim-ben-yine-cd\\\/#breadcrumb\",\"itemListElement\":[{\"@type\":\"ListItem\",\"position\":1,\"name\":\"Home\",\"item\":\"https:\\\/\\\/plakci.nl\\\/\"},{\"@type\":\"ListItem\",\"position\":2,\"name\":\"Producten\",\"item\":\"https:\\\/\\\/plakci.nl\\\/producten\\\/\"},{\"@type\":\"ListItem\",\"position\":3,\"name\":\"[CD] M\u00fczeyyen Senar &#8211; Ak\u015fam Oldu H\u00fcz\u00fcnlendim Ben Yine\"}]},{\"@type\":\"WebSite\",\"@id\":\"https:\\\/\\\/plakci.nl\\\/#website\",\"url\":\"https:\\\/\\\/plakci.nl\\\/\",\"name\":\"Plakci.nl\",\"description\":\"T\u00fcrk\u00e7e Plak ve CD\",\"publisher\":{\"@id\":\"https:\\\/\\\/plakci.nl\\\/#organization\"},\"potentialAction\":[{\"@type\":\"SearchAction\",\"target\":{\"@type\":\"EntryPoint\",\"urlTemplate\":\"https:\\\/\\\/plakci.nl\\\/?s={search_term_string}\"},\"query-input\":{\"@type\":\"PropertyValueSpecification\",\"valueRequired\":true,\"valueName\":\"search_term_string\"}}],\"inLanguage\":\"tr\"},{\"@type\":\"Organization\",\"@id\":\"https:\\\/\\\/plakci.nl\\\/#organization\",\"name\":\"Plakci\",\"url\":\"https:\\\/\\\/plakci.nl\\\/\",\"logo\":{\"@type\":\"ImageObject\",\"inLanguage\":\"tr\",\"@id\":\"https:\\\/\\\/plakci.nl\\\/#\\\/schema\\\/logo\\\/image\\\/\",\"url\":\"https:\\\/\\\/plakci.nl\\\/wp-content\\\/uploads\\\/2021\\\/08\\\/Logo_Plakci_transparent-1.png\",\"contentUrl\":\"https:\\\/\\\/plakci.nl\\\/wp-content\\\/uploads\\\/2021\\\/08\\\/Logo_Plakci_transparent-1.png\",\"width\":89,\"height\":70,\"caption\":\"Plakci\"},\"image\":{\"@id\":\"https:\\\/\\\/plakci.nl\\\/#\\\/schema\\\/logo\\\/image\\\/\"},\"sameAs\":[\"https:\\\/\\\/www.facebook.com\\\/Plakci.nl\",\"https:\\\/\\\/www.instagram.com\\\/plakci.nl\\\/\",\"https:\\\/\\\/www.tiktok.com\\\/@plakci.nl\"]}]}<\/script>\n<!-- \/ Yoast SEO plugin. -->","yoast_head_json":{"title":"M\u00fczeyyen Senar - Ak\u015fam Oldu H\u00fcz\u00fcnlendim Ben Yine - Plakci.nl","robots":{"index":"index","follow":"follow","max-snippet":"max-snippet:-1","max-image-preview":"max-image-preview:large","max-video-preview":"max-video-preview:-1"},"canonical":"https:\/\/plakci.nl\/tr\/product\/muzeyyen-senar-aksam-oldu-huzunlendim-ben-yine-cd\/","og_locale":"tr_TR","og_type":"article","og_title":"M\u00fczeyyen Senar - Ak\u015fam Oldu H\u00fcz\u00fcnlendim Ben Yine - Plakci.nl","og_description":"Ak\u015fam Oldu H\u00fcz\u00fcnlendim Ben Yine Yaralar\u0131m \u00c7ok Derin \u00dcmitsiz Bir A\u015fka D\u00fc\u015ft\u00fcm Pencereden Ku\u015f U\u00e7tu Sak\u0131n Ge\u00e7 Kalma \u015eu Da\u011flar\u0131 Delmeli Aylar Ge\u00e7iyor Yaln\u0131z Benim Sensiz Kalan G\u00f6nl\u00fcmde Sa\u00e7lar\u0131n Tarumar Dertlinin Divan\u0131 Dertli","og_url":"https:\/\/plakci.nl\/product\/muzeyyen-senar-aksam-oldu-huzunlendim-ben-yine-cd\/","og_site_name":"Plakci.nl","article_publisher":"https:\/\/www.facebook.com\/Plakci.nl","article_modified_time":"2024-05-12T11:05:44+00:00","og_image":[{"width":1200,"height":1200,"url":"https:\/\/plakci.nl\/wp-content\/uploads\/2022\/09\/8697550320157-muzeyyen-senar-aksam-old-cd0425.jpg","type":"image\/jpeg"}],"twitter_card":"summary_large_image","twitter_misc":{"Tahmini okuma s\u00fcresi":"1 dakika"},"schema":{"@context":"https:\/\/schema.org","@graph":[{"@type":"WebPage","@id":"https:\/\/plakci.nl\/product\/muzeyyen-senar-aksam-oldu-huzunlendim-ben-yine-cd\/","url":"https:\/\/plakci.nl\/product\/muzeyyen-senar-aksam-oldu-huzunlendim-ben-yine-cd\/","name":"M\u00fczeyyen Senar - Ak\u015fam Oldu H\u00fcz\u00fcnlendim Ben Yine - Plakci.nl","isPartOf":{"@id":"https:\/\/plakci.nl\/#website"},"primaryImageOfPage":{"@id":"https:\/\/plakci.nl\/product\/muzeyyen-senar-aksam-oldu-huzunlendim-ben-yine-cd\/#primaryimage"},"image":{"@id":"https:\/\/plakci.nl\/product\/muzeyyen-senar-aksam-oldu-huzunlendim-ben-yine-cd\/#primaryimage"},"thumbnailUrl":"https:\/\/plakci.nl\/wp-content\/uploads\/2022\/09\/8697550320157-muzeyyen-senar-aksam-old-cd0425.jpg","datePublished":"2022-09-10T15:46:21+00:00","dateModified":"2024-05-12T11:05:44+00:00","breadcrumb":{"@id":"https:\/\/plakci.nl\/product\/muzeyyen-senar-aksam-oldu-huzunlendim-ben-yine-cd\/#breadcrumb"},"inLanguage":"tr","potentialAction":[{"@type":"ReadAction","target":["https:\/\/plakci.nl\/product\/muzeyyen-senar-aksam-oldu-huzunlendim-ben-yine-cd\/"]}]},{"@type":"ImageObject","inLanguage":"tr","@id":"https:\/\/plakci.nl\/product\/muzeyyen-senar-aksam-oldu-huzunlendim-ben-yine-cd\/#primaryimage","url":"https:\/\/plakci.nl\/wp-content\/uploads\/2022\/09\/8697550320157-muzeyyen-senar-aksam-old-cd0425.jpg","contentUrl":"https:\/\/plakci.nl\/wp-content\/uploads\/2022\/09\/8697550320157-muzeyyen-senar-aksam-old-cd0425.jpg","width":1200,"height":1200},{"@type":"BreadcrumbList","@id":"https:\/\/plakci.nl\/product\/muzeyyen-senar-aksam-oldu-huzunlendim-ben-yine-cd\/#breadcrumb","itemListElement":[{"@type":"ListItem","position":1,"name":"Home","item":"https:\/\/plakci.nl\/"},{"@type":"ListItem","position":2,"name":"Producten","item":"https:\/\/plakci.nl\/producten\/"},{"@type":"ListItem","position":3,"name":"[CD] M\u00fczeyyen Senar &#8211; Ak\u015fam Oldu H\u00fcz\u00fcnlendim Ben Yine"}]},{"@type":"WebSite","@id":"https:\/\/plakci.nl\/#website","url":"https:\/\/plakci.nl\/","name":"Plakci.nl","description":"T\u00fcrk\u00e7e Plak ve CD","publisher":{"@id":"https:\/\/plakci.nl\/#organization"},"potentialAction":[{"@type":"SearchAction","target":{"@type":"EntryPoint","urlTemplate":"https:\/\/plakci.nl\/?s={search_term_string}"},"query-input":{"@type":"PropertyValueSpecification","valueRequired":true,"valueName":"search_term_string"}}],"inLanguage":"tr"},{"@type":"Organization","@id":"https:\/\/plakci.nl\/#organization","name":"Plakci","url":"https:\/\/plakci.nl\/","logo":{"@type":"ImageObject","inLanguage":"tr","@id":"https:\/\/plakci.nl\/#\/schema\/logo\/image\/","url":"https:\/\/plakci.nl\/wp-content\/uploads\/2021\/08\/Logo_Plakci_transparent-1.png","contentUrl":"https:\/\/plakci.nl\/wp-content\/uploads\/2021\/08\/Logo_Plakci_transparent-1.png","width":89,"height":70,"caption":"Plakci"},"image":{"@id":"https:\/\/plakci.nl\/#\/schema\/logo\/image\/"},"sameAs":["https:\/\/www.facebook.com\/Plakci.nl","https:\/\/www.instagram.com\/plakci.nl\/","https:\/\/www.tiktok.com\/@plakci.nl"]}]}},"_links":{"self":[{"href":"https:\/\/plakci.nl\/tr\/wp-json\/wp\/v2\/product\/3487","targetHints":{"allow":["GET"]}}],"collection":[{"href":"https:\/\/plakci.nl\/tr\/wp-json\/wp\/v2\/product"}],"about":[{"href":"https:\/\/plakci.nl\/tr\/wp-json\/wp\/v2\/types\/product"}],"wp:featuredmedia":[{"embeddable":true,"href":"https:\/\/plakci.nl\/tr\/wp-json\/wp\/v2\/media\/3488"}],"wp:attachment":[{"href":"https:\/\/plakci.nl\/tr\/wp-json\/wp\/v2\/media?parent=3487"}],"wp:term":[{"taxonomy":"product_brand","embeddable":true,"href":"https:\/\/plakci.nl\/tr\/wp-json\/wp\/v2\/product_brand?post=3487"},{"taxonomy":"product_cat","embeddable":true,"href":"https:\/\/plakci.nl\/tr\/wp-json\/wp\/v2\/product_cat?post=3487"},{"taxonomy":"product_tag","embeddable":true,"href":"https:\/\/plakci.nl\/tr\/wp-json\/wp\/v2\/product_tag?post=3487"},{"taxonomy":"giftcard-category","embeddable":true,"href":"https:\/\/plakci.nl\/tr\/wp-json\/wp\/v2\/giftcard-category?post=3487"}],"curies":[{"name":"wp","href":"https:\/\/api.w.org\/{rel}","templated":true}]}}