{"id":3539,"date":"2022-09-11T14:15:15","date_gmt":"2022-09-11T13:15:15","guid":{"rendered":"https:\/\/plakci.nl\/?post_type=product&#038;p=3539"},"modified":"2026-02-18T17:37:09","modified_gmt":"2026-02-18T15:37:09","slug":"cem-karaca-allah-yar-cd","status":"publish","type":"product","link":"https:\/\/plakci.nl\/tr\/product\/cem-karaca-allah-yar-cd\/","title":{"rendered":"[CD] Cem Karaca &#8211; Allah Yar"},"content":{"rendered":"<ol>\n<li>Bindik Bir Alamete<br \/>\nS\u00f6z: Cem Karaca\u00a0\u00a0\u00a0\u00a0 M\u00fczik: U\u011fur Dikmen<\/li>\n<li>Kerk\u00fck Zindan\u0131<br \/>\nS\u00f6z &amp; M\u00fczik: Anonim<\/li>\n<li>\u00dclkem Benim<br \/>\nS\u00f6z: Cem Karaca\u00a0\u00a0\u00a0\u00a0 M\u00fczik: Emrah Karaca &amp; Cem Karaca<\/li>\n<li>Yolumuz Gurbete D\u00fc\u015ft\u00fc<br \/>\nS\u00f6z &amp; M\u00fczik: A\u015f\u0131k Mahsuni<\/li>\n<li>\u00d6b\u00fcr D\u00fcnya<br \/>\nS\u00f6z &amp; M\u00fczik: Muhlis Akarsu<\/li>\n<li>Hudey Hudey<br \/>\nS\u00f6z: Pir Sultan Abdal\u00a0\u00a0\u00a0\u00a0\u00a0 M\u00fczik: Cem Karaca<\/li>\n<li>Sak\u0131n D\u00f6nme<br \/>\nS\u00f6z: Cem Karaca\u00a0\u00a0\u00a0\u00a0 M\u00fczik: Emrah Karaca &amp; Cem Karaca<\/li>\n<li>\u00d6l\u00fcm<br \/>\nS\u00f6z &amp; M\u00fczik: Cem Karaca<\/li>\n<li>Allah Yar<br \/>\nS\u00f6z &amp; M\u00fczik: Cem Karaca<\/li>\n<li>Der\u015fer De Ge\u00e7er<br \/>\nS\u00f6z: Cem Karaca\u00a0\u00a0\u00a0\u00a0 M\u00fczik: Emrah Karaca &amp; Cem Karaca<\/li>\n<li>\u015eah Mat M\u0131, Padi\u015fah M\u0131?<br \/>\nS\u00f6z: Yavuz Sultan Selim\u00a0&amp; \u015eah \u0130smail (\u015eah Hatai)\u00a0\u00a0\u00a0\u00a0 M\u00fczik: Cem Karaca<\/li>\n<\/ol>\n","protected":false},"excerpt":{"rendered":"<p>Bindik Bir Alamete S\u00f6z: Cem Karaca\u00a0\u00a0\u00a0\u00a0 M\u00fczik: U\u011fur Dikmen Kerk\u00fck Zindan\u0131 S\u00f6z &amp; M\u00fczik: Anonim \u00dclkem Benim S\u00f6z: Cem Karaca\u00a0\u00a0\u00a0\u00a0 M\u00fczik: Emrah Karaca &amp; Cem Karaca Yolumuz Gurbete D\u00fc\u015ft\u00fc S\u00f6z &amp; M\u00fczik: A\u015f\u0131k Mahsuni \u00d6b\u00fcr D\u00fcnya S\u00f6z &amp; M\u00fczik: Muhlis Akarsu Hudey Hudey S\u00f6z: Pir Sultan Abdal\u00a0\u00a0\u00a0\u00a0\u00a0 M\u00fczik: Cem Karaca Sak\u0131n D\u00f6nme S\u00f6z: Cem Karaca\u00a0\u00a0\u00a0\u00a0 M\u00fczik: Emrah Karaca &amp; Cem Karaca \u00d6l\u00fcm S\u00f6z &amp; M\u00fczik: Cem Karaca Allah Yar S\u00f6z &amp; M\u00fczik: Cem Karaca Der\u015fer De Ge\u00e7er S\u00f6z: Cem Karaca\u00a0\u00a0\u00a0\u00a0 M\u00fczik: Emrah Karaca &amp; Cem Karaca \u015eah Mat M\u0131, Padi\u015fah&hellip;<\/p>\n","protected":false},"featured_media":3540,"template":"","meta":{"_joinchat":[]},"product_brand":[],"product_cat":[500,62,665],"product_tag":[707],"giftcard-category":[],"class_list":{"0":"post-3539","1":"product","2":"type-product","3":"status-publish","4":"has-post-thumbnail","6":"product_cat-cds","7":"product_cat-cem-karaca","8":"product_cat-rock","9":"product_tag-major","10":"product_shipping_class-bb-pakket","12":"first","13":"instock","14":"taxable","15":"shipping-taxable","16":"purchasable","17":"product-type-simple","18":"add-to-wishlist-before_image"},"supplier_id":null,"supplier_sku":"","barcode":null,"atum_controlled":true,"out_stock_date":null,"out_stock_threshold":null,"inheritable":false,"inbound_stock":null,"stock_on_hold":0,"sold_today":0,"sales_last_days":0,"reserved_stock":null,"customer_returns":null,"warehouse_damage":null,"lost_in_post":null,"other_logs":null,"out_stock_days":0,"lost_sales":0,"has_location":false,"update_date":"2026-05-05T00:09:54","atum_locations":[],"atum_stock_status":"instock","restock_status":false,"low_stock_amount":"","sales_update_date":"2026-05-05T00:09:54","calc_backorders":null,"yoast_head":"<!-- This site is optimized with the Yoast SEO plugin v27.5 - https:\/\/yoast.com\/product\/yoast-seo-wordpress\/ -->\n<title>Cem Karaca - Allah Yar - Plakci.nl<\/title>\n<meta name=\"robots\" content=\"index, follow, max-snippet:-1, max-image-preview:large, max-video-preview:-1\" \/>\n<link rel=\"canonical\" href=\"https:\/\/plakci.nl\/tr\/product\/cem-karaca-allah-yar-cd\/\" \/>\n<meta property=\"og:locale\" content=\"tr_TR\" \/>\n<meta property=\"og:type\" content=\"article\" \/>\n<meta property=\"og:title\" content=\"Cem Karaca - Allah Yar - Plakci.nl\" \/>\n<meta property=\"og:description\" content=\"Bindik Bir Alamete S\u00f6z: Cem Karaca\u00a0\u00a0\u00a0\u00a0 M\u00fczik: U\u011fur Dikmen Kerk\u00fck Zindan\u0131 S\u00f6z &amp; M\u00fczik: Anonim \u00dclkem Benim S\u00f6z: Cem Karaca\u00a0\u00a0\u00a0\u00a0 M\u00fczik: Emrah Karaca &amp; Cem Karaca Yolumuz Gurbete D\u00fc\u015ft\u00fc S\u00f6z &amp; M\u00fczik: A\u015f\u0131k Mahsuni \u00d6b\u00fcr D\u00fcnya S\u00f6z &amp; M\u00fczik: Muhlis Akarsu Hudey Hudey S\u00f6z: Pir Sultan Abdal\u00a0\u00a0\u00a0\u00a0\u00a0 M\u00fczik: Cem Karaca Sak\u0131n D\u00f6nme S\u00f6z: Cem Karaca\u00a0\u00a0\u00a0\u00a0 M\u00fczik: Emrah Karaca &amp; Cem Karaca \u00d6l\u00fcm S\u00f6z &amp; M\u00fczik: Cem Karaca Allah Yar S\u00f6z &amp; M\u00fczik: Cem Karaca Der\u015fer De Ge\u00e7er S\u00f6z: Cem Karaca\u00a0\u00a0\u00a0\u00a0 M\u00fczik: Emrah Karaca &amp; Cem Karaca \u015eah Mat M\u0131, Padi\u015fah&hellip;\" \/>\n<meta property=\"og:url\" content=\"https:\/\/plakci.nl\/product\/cem-karaca-allah-yar-cd\/\" \/>\n<meta property=\"og:site_name\" content=\"Plakci.nl\" \/>\n<meta property=\"article:publisher\" content=\"https:\/\/www.facebook.com\/Plakci.nl\" \/>\n<meta property=\"article:modified_time\" content=\"2026-02-18T15:37:09+00:00\" \/>\n<meta property=\"og:image\" content=\"https:\/\/plakci.nl\/wp-content\/uploads\/2022\/09\/8697420350468-cem-karaca-allah-yar-cd-0c3-4c.jpg\" \/>\n\t<meta property=\"og:image:width\" content=\"1200\" \/>\n\t<meta property=\"og:image:height\" content=\"1200\" \/>\n\t<meta property=\"og:image:type\" content=\"image\/jpeg\" \/>\n<meta name=\"twitter:card\" content=\"summary_large_image\" \/>\n<meta name=\"twitter:label1\" content=\"Tahmini okuma s\u00fcresi\" \/>\n\t<meta name=\"twitter:data1\" content=\"1 dakika\" \/>\n<script type=\"application\/ld+json\" class=\"yoast-schema-graph\">{\"@context\":\"https:\\\/\\\/schema.org\",\"@graph\":[{\"@type\":\"WebPage\",\"@id\":\"https:\\\/\\\/plakci.nl\\\/product\\\/cem-karaca-allah-yar-cd\\\/\",\"url\":\"https:\\\/\\\/plakci.nl\\\/product\\\/cem-karaca-allah-yar-cd\\\/\",\"name\":\"Cem Karaca - Allah Yar - Plakci.nl\",\"isPartOf\":{\"@id\":\"https:\\\/\\\/plakci.nl\\\/#website\"},\"primaryImageOfPage\":{\"@id\":\"https:\\\/\\\/plakci.nl\\\/product\\\/cem-karaca-allah-yar-cd\\\/#primaryimage\"},\"image\":{\"@id\":\"https:\\\/\\\/plakci.nl\\\/product\\\/cem-karaca-allah-yar-cd\\\/#primaryimage\"},\"thumbnailUrl\":\"https:\\\/\\\/plakci.nl\\\/wp-content\\\/uploads\\\/2022\\\/09\\\/8697420350468-cem-karaca-allah-yar-cd-0c3-4c.jpg\",\"datePublished\":\"2022-09-11T13:15:15+00:00\",\"dateModified\":\"2026-02-18T15:37:09+00:00\",\"breadcrumb\":{\"@id\":\"https:\\\/\\\/plakci.nl\\\/product\\\/cem-karaca-allah-yar-cd\\\/#breadcrumb\"},\"inLanguage\":\"tr\",\"potentialAction\":[{\"@type\":\"ReadAction\",\"target\":[\"https:\\\/\\\/plakci.nl\\\/product\\\/cem-karaca-allah-yar-cd\\\/\"]}]},{\"@type\":\"ImageObject\",\"inLanguage\":\"tr\",\"@id\":\"https:\\\/\\\/plakci.nl\\\/product\\\/cem-karaca-allah-yar-cd\\\/#primaryimage\",\"url\":\"https:\\\/\\\/plakci.nl\\\/wp-content\\\/uploads\\\/2022\\\/09\\\/8697420350468-cem-karaca-allah-yar-cd-0c3-4c.jpg\",\"contentUrl\":\"https:\\\/\\\/plakci.nl\\\/wp-content\\\/uploads\\\/2022\\\/09\\\/8697420350468-cem-karaca-allah-yar-cd-0c3-4c.jpg\",\"width\":1200,\"height\":1200},{\"@type\":\"BreadcrumbList\",\"@id\":\"https:\\\/\\\/plakci.nl\\\/product\\\/cem-karaca-allah-yar-cd\\\/#breadcrumb\",\"itemListElement\":[{\"@type\":\"ListItem\",\"position\":1,\"name\":\"Home\",\"item\":\"https:\\\/\\\/plakci.nl\\\/\"},{\"@type\":\"ListItem\",\"position\":2,\"name\":\"Producten\",\"item\":\"https:\\\/\\\/plakci.nl\\\/producten\\\/\"},{\"@type\":\"ListItem\",\"position\":3,\"name\":\"[CD] Cem Karaca &#8211; Allah Yar\"}]},{\"@type\":\"WebSite\",\"@id\":\"https:\\\/\\\/plakci.nl\\\/#website\",\"url\":\"https:\\\/\\\/plakci.nl\\\/\",\"name\":\"Plakci.nl\",\"description\":\"T\u00fcrk\u00e7e Plak ve CD\",\"publisher\":{\"@id\":\"https:\\\/\\\/plakci.nl\\\/#organization\"},\"potentialAction\":[{\"@type\":\"SearchAction\",\"target\":{\"@type\":\"EntryPoint\",\"urlTemplate\":\"https:\\\/\\\/plakci.nl\\\/?s={search_term_string}\"},\"query-input\":{\"@type\":\"PropertyValueSpecification\",\"valueRequired\":true,\"valueName\":\"search_term_string\"}}],\"inLanguage\":\"tr\"},{\"@type\":\"Organization\",\"@id\":\"https:\\\/\\\/plakci.nl\\\/#organization\",\"name\":\"Plakci\",\"url\":\"https:\\\/\\\/plakci.nl\\\/\",\"logo\":{\"@type\":\"ImageObject\",\"inLanguage\":\"tr\",\"@id\":\"https:\\\/\\\/plakci.nl\\\/#\\\/schema\\\/logo\\\/image\\\/\",\"url\":\"https:\\\/\\\/plakci.nl\\\/wp-content\\\/uploads\\\/2021\\\/08\\\/Logo_Plakci_transparent-1.png\",\"contentUrl\":\"https:\\\/\\\/plakci.nl\\\/wp-content\\\/uploads\\\/2021\\\/08\\\/Logo_Plakci_transparent-1.png\",\"width\":89,\"height\":70,\"caption\":\"Plakci\"},\"image\":{\"@id\":\"https:\\\/\\\/plakci.nl\\\/#\\\/schema\\\/logo\\\/image\\\/\"},\"sameAs\":[\"https:\\\/\\\/www.facebook.com\\\/Plakci.nl\",\"https:\\\/\\\/www.instagram.com\\\/plakci.nl\\\/\",\"https:\\\/\\\/www.tiktok.com\\\/@plakci.nl\"]}]}<\/script>\n<!-- \/ Yoast SEO plugin. -->","yoast_head_json":{"title":"Cem Karaca - Allah Yar - Plakci.nl","robots":{"index":"index","follow":"follow","max-snippet":"max-snippet:-1","max-image-preview":"max-image-preview:large","max-video-preview":"max-video-preview:-1"},"canonical":"https:\/\/plakci.nl\/tr\/product\/cem-karaca-allah-yar-cd\/","og_locale":"tr_TR","og_type":"article","og_title":"Cem Karaca - Allah Yar - Plakci.nl","og_description":"Bindik Bir Alamete S\u00f6z: Cem Karaca\u00a0\u00a0\u00a0\u00a0 M\u00fczik: U\u011fur Dikmen Kerk\u00fck Zindan\u0131 S\u00f6z &amp; M\u00fczik: Anonim \u00dclkem Benim S\u00f6z: Cem Karaca\u00a0\u00a0\u00a0\u00a0 M\u00fczik: Emrah Karaca &amp; Cem Karaca Yolumuz Gurbete D\u00fc\u015ft\u00fc S\u00f6z &amp; M\u00fczik: A\u015f\u0131k Mahsuni \u00d6b\u00fcr D\u00fcnya S\u00f6z &amp; M\u00fczik: Muhlis Akarsu Hudey Hudey S\u00f6z: Pir Sultan Abdal\u00a0\u00a0\u00a0\u00a0\u00a0 M\u00fczik: Cem Karaca Sak\u0131n D\u00f6nme S\u00f6z: Cem Karaca\u00a0\u00a0\u00a0\u00a0 M\u00fczik: Emrah Karaca &amp; Cem Karaca \u00d6l\u00fcm S\u00f6z &amp; M\u00fczik: Cem Karaca Allah Yar S\u00f6z &amp; M\u00fczik: Cem Karaca Der\u015fer De Ge\u00e7er S\u00f6z: Cem Karaca\u00a0\u00a0\u00a0\u00a0 M\u00fczik: Emrah Karaca &amp; Cem Karaca \u015eah Mat M\u0131, Padi\u015fah&hellip;","og_url":"https:\/\/plakci.nl\/product\/cem-karaca-allah-yar-cd\/","og_site_name":"Plakci.nl","article_publisher":"https:\/\/www.facebook.com\/Plakci.nl","article_modified_time":"2026-02-18T15:37:09+00:00","og_image":[{"width":1200,"height":1200,"url":"https:\/\/plakci.nl\/wp-content\/uploads\/2022\/09\/8697420350468-cem-karaca-allah-yar-cd-0c3-4c.jpg","type":"image\/jpeg"}],"twitter_card":"summary_large_image","twitter_misc":{"Tahmini okuma s\u00fcresi":"1 dakika"},"schema":{"@context":"https:\/\/schema.org","@graph":[{"@type":"WebPage","@id":"https:\/\/plakci.nl\/product\/cem-karaca-allah-yar-cd\/","url":"https:\/\/plakci.nl\/product\/cem-karaca-allah-yar-cd\/","name":"Cem Karaca - Allah Yar - Plakci.nl","isPartOf":{"@id":"https:\/\/plakci.nl\/#website"},"primaryImageOfPage":{"@id":"https:\/\/plakci.nl\/product\/cem-karaca-allah-yar-cd\/#primaryimage"},"image":{"@id":"https:\/\/plakci.nl\/product\/cem-karaca-allah-yar-cd\/#primaryimage"},"thumbnailUrl":"https:\/\/plakci.nl\/wp-content\/uploads\/2022\/09\/8697420350468-cem-karaca-allah-yar-cd-0c3-4c.jpg","datePublished":"2022-09-11T13:15:15+00:00","dateModified":"2026-02-18T15:37:09+00:00","breadcrumb":{"@id":"https:\/\/plakci.nl\/product\/cem-karaca-allah-yar-cd\/#breadcrumb"},"inLanguage":"tr","potentialAction":[{"@type":"ReadAction","target":["https:\/\/plakci.nl\/product\/cem-karaca-allah-yar-cd\/"]}]},{"@type":"ImageObject","inLanguage":"tr","@id":"https:\/\/plakci.nl\/product\/cem-karaca-allah-yar-cd\/#primaryimage","url":"https:\/\/plakci.nl\/wp-content\/uploads\/2022\/09\/8697420350468-cem-karaca-allah-yar-cd-0c3-4c.jpg","contentUrl":"https:\/\/plakci.nl\/wp-content\/uploads\/2022\/09\/8697420350468-cem-karaca-allah-yar-cd-0c3-4c.jpg","width":1200,"height":1200},{"@type":"BreadcrumbList","@id":"https:\/\/plakci.nl\/product\/cem-karaca-allah-yar-cd\/#breadcrumb","itemListElement":[{"@type":"ListItem","position":1,"name":"Home","item":"https:\/\/plakci.nl\/"},{"@type":"ListItem","position":2,"name":"Producten","item":"https:\/\/plakci.nl\/producten\/"},{"@type":"ListItem","position":3,"name":"[CD] Cem Karaca &#8211; Allah Yar"}]},{"@type":"WebSite","@id":"https:\/\/plakci.nl\/#website","url":"https:\/\/plakci.nl\/","name":"Plakci.nl","description":"T\u00fcrk\u00e7e Plak ve CD","publisher":{"@id":"https:\/\/plakci.nl\/#organization"},"potentialAction":[{"@type":"SearchAction","target":{"@type":"EntryPoint","urlTemplate":"https:\/\/plakci.nl\/?s={search_term_string}"},"query-input":{"@type":"PropertyValueSpecification","valueRequired":true,"valueName":"search_term_string"}}],"inLanguage":"tr"},{"@type":"Organization","@id":"https:\/\/plakci.nl\/#organization","name":"Plakci","url":"https:\/\/plakci.nl\/","logo":{"@type":"ImageObject","inLanguage":"tr","@id":"https:\/\/plakci.nl\/#\/schema\/logo\/image\/","url":"https:\/\/plakci.nl\/wp-content\/uploads\/2021\/08\/Logo_Plakci_transparent-1.png","contentUrl":"https:\/\/plakci.nl\/wp-content\/uploads\/2021\/08\/Logo_Plakci_transparent-1.png","width":89,"height":70,"caption":"Plakci"},"image":{"@id":"https:\/\/plakci.nl\/#\/schema\/logo\/image\/"},"sameAs":["https:\/\/www.facebook.com\/Plakci.nl","https:\/\/www.instagram.com\/plakci.nl\/","https:\/\/www.tiktok.com\/@plakci.nl"]}]}},"_links":{"self":[{"href":"https:\/\/plakci.nl\/tr\/wp-json\/wp\/v2\/product\/3539","targetHints":{"allow":["GET"]}}],"collection":[{"href":"https:\/\/plakci.nl\/tr\/wp-json\/wp\/v2\/product"}],"about":[{"href":"https:\/\/plakci.nl\/tr\/wp-json\/wp\/v2\/types\/product"}],"wp:featuredmedia":[{"embeddable":true,"href":"https:\/\/plakci.nl\/tr\/wp-json\/wp\/v2\/media\/3540"}],"wp:attachment":[{"href":"https:\/\/plakci.nl\/tr\/wp-json\/wp\/v2\/media?parent=3539"}],"wp:term":[{"taxonomy":"product_brand","embeddable":true,"href":"https:\/\/plakci.nl\/tr\/wp-json\/wp\/v2\/product_brand?post=3539"},{"taxonomy":"product_cat","embeddable":true,"href":"https:\/\/plakci.nl\/tr\/wp-json\/wp\/v2\/product_cat?post=3539"},{"taxonomy":"product_tag","embeddable":true,"href":"https:\/\/plakci.nl\/tr\/wp-json\/wp\/v2\/product_tag?post=3539"},{"taxonomy":"giftcard-category","embeddable":true,"href":"https:\/\/plakci.nl\/tr\/wp-json\/wp\/v2\/giftcard-category?post=3539"}],"curies":[{"name":"wp","href":"https:\/\/api.w.org\/{rel}","templated":true}]}}