{"id":389,"date":"2020-10-13T17:33:18","date_gmt":"2020-10-13T15:33:18","guid":{"rendered":"http:\/\/plakci.nl\/?post_type=product&#038;p=389"},"modified":"2026-04-28T20:08:27","modified_gmt":"2026-04-28T18:08:27","slug":"orhan-gencebay-kaderimin-oyunu","status":"publish","type":"product","link":"https:\/\/plakci.nl\/tr\/product\/orhan-gencebay-kaderimin-oyunu\/","title":{"rendered":"[LP] Orhan Gencebay &#8211; Kaderimin Oyunu"},"content":{"rendered":"<p>A:<\/p>\n<ol>\n<li>Kaderimin Oyunu<\/li>\n<li>Ben Sevdim de Ne Oldu<\/li>\n<li>Efkar Bast\u0131 G\u00f6nl\u00fcm\u00fc<\/li>\n<li>Kabahat Seni Sevende<\/li>\n<li>Hayat Kavgas\u0131<\/li>\n<\/ol>\n<p>B:<\/p>\n<ol>\n<li>A\u015fk P\u0131nar\u0131<\/li>\n<li>Sen de Bizdensin<\/li>\n<li>Sev Dedi G\u00f6zlerin<\/li>\n<li>\u00dcmit \u015eark\u0131s\u0131<\/li>\n<li>Tanr\u0131&#8217;ya Feryat<\/li>\n<\/ol>\n","protected":false},"excerpt":{"rendered":"<p>A: Kaderimin Oyunu Ben Sevdim de Ne Oldu Efkar Bast\u0131 G\u00f6nl\u00fcm\u00fc Kabahat Seni Sevende Hayat Kavgas\u0131 B: A\u015fk P\u0131nar\u0131 Sen de Bizdensin Sev Dedi G\u00f6zlerin \u00dcmit \u015eark\u0131s\u0131 Tanr\u0131&#8217;ya Feryat<\/p>\n","protected":false},"featured_media":369,"template":"","meta":{"_joinchat":[]},"product_brand":[],"product_cat":[653,592,67],"product_tag":[738],"giftcard-category":[],"class_list":{"0":"post-389","1":"product","2":"type-product","3":"status-publish","4":"has-post-thumbnail","6":"product_cat-arabesk","7":"product_cat-lps","8":"product_cat-orhan-gencebay","9":"product_tag-istanbul","11":"first","12":"instock","13":"taxable","14":"shipping-taxable","15":"purchasable","16":"product-type-simple","17":"add-to-wishlist-before_image"},"supplier_id":795,"supplier_sku":"8693953001204","barcode":null,"atum_controlled":true,"out_stock_date":null,"out_stock_threshold":null,"inheritable":false,"inbound_stock":0,"stock_on_hold":0,"sold_today":0,"sales_last_days":0,"reserved_stock":0,"customer_returns":0,"warehouse_damage":0,"lost_in_post":0,"other_logs":0,"out_stock_days":0,"lost_sales":0,"has_location":false,"update_date":"2026-05-05T00:10:13","atum_locations":[],"atum_stock_status":"instock","restock_status":false,"low_stock_amount":"","sales_update_date":"2026-05-05T00:10:13","calc_backorders":null,"yoast_head":"<!-- This site is optimized with the Yoast SEO plugin v27.5 - https:\/\/yoast.com\/product\/yoast-seo-wordpress\/ -->\n<title>Orhan Gencebay - Kaderimin Oyunu - Plakci.nl<\/title>\n<meta name=\"description\" content=\"Turkse vinyl lp plaat van Orhan Gencebay album Kaderimin Oyunu op Plakci.nl met bekende nummers als Kaderinin Oyunu en Efkar Basti Gonlumu.\" \/>\n<meta name=\"robots\" content=\"index, follow, max-snippet:-1, max-image-preview:large, max-video-preview:-1\" \/>\n<link rel=\"canonical\" href=\"https:\/\/plakci.nl\/tr\/product\/orhan-gencebay-kaderimin-oyunu\/\" \/>\n<meta property=\"og:locale\" content=\"tr_TR\" \/>\n<meta property=\"og:type\" content=\"article\" \/>\n<meta property=\"og:title\" content=\"Orhan Gencebay - Kaderimin Oyunu - Plakci.nl\" \/>\n<meta property=\"og:description\" content=\"Turkse vinyl lp plaat van Orhan Gencebay album Kaderimin Oyunu op Plakci.nl met bekende nummers als Kaderinin Oyunu en Efkar Basti Gonlumu.\" \/>\n<meta property=\"og:url\" content=\"https:\/\/plakci.nl\/product\/orhan-gencebay-kaderimin-oyunu\/\" \/>\n<meta property=\"og:site_name\" content=\"Plakci.nl\" \/>\n<meta property=\"article:publisher\" content=\"https:\/\/www.facebook.com\/Plakci.nl\" \/>\n<meta property=\"article:modified_time\" content=\"2026-04-28T18:08:27+00:00\" \/>\n<meta property=\"og:image\" content=\"https:\/\/plakci.nl\/wp-content\/uploads\/2020\/10\/orhan-gencebay-kaderimin-oyunu-plak-a6d7.jpg\" \/>\n\t<meta property=\"og:image:width\" content=\"600\" \/>\n\t<meta property=\"og:image:height\" content=\"600\" \/>\n\t<meta property=\"og:image:type\" content=\"image\/jpeg\" \/>\n<meta name=\"twitter:card\" content=\"summary_large_image\" \/>\n<script type=\"application\/ld+json\" class=\"yoast-schema-graph\">{\"@context\":\"https:\\\/\\\/schema.org\",\"@graph\":[{\"@type\":\"WebPage\",\"@id\":\"https:\\\/\\\/plakci.nl\\\/product\\\/orhan-gencebay-kaderimin-oyunu\\\/\",\"url\":\"https:\\\/\\\/plakci.nl\\\/product\\\/orhan-gencebay-kaderimin-oyunu\\\/\",\"name\":\"Orhan Gencebay - Kaderimin Oyunu - Plakci.nl\",\"isPartOf\":{\"@id\":\"https:\\\/\\\/plakci.nl\\\/#website\"},\"primaryImageOfPage\":{\"@id\":\"https:\\\/\\\/plakci.nl\\\/product\\\/orhan-gencebay-kaderimin-oyunu\\\/#primaryimage\"},\"image\":{\"@id\":\"https:\\\/\\\/plakci.nl\\\/product\\\/orhan-gencebay-kaderimin-oyunu\\\/#primaryimage\"},\"thumbnailUrl\":\"https:\\\/\\\/plakci.nl\\\/wp-content\\\/uploads\\\/2020\\\/10\\\/orhan-gencebay-kaderimin-oyunu-plak-a6d7.jpg\",\"datePublished\":\"2020-10-13T15:33:18+00:00\",\"dateModified\":\"2026-04-28T18:08:27+00:00\",\"description\":\"Turkse vinyl lp plaat van Orhan Gencebay album Kaderimin Oyunu op Plakci.nl met bekende nummers als Kaderinin Oyunu en Efkar Basti Gonlumu.\",\"breadcrumb\":{\"@id\":\"https:\\\/\\\/plakci.nl\\\/product\\\/orhan-gencebay-kaderimin-oyunu\\\/#breadcrumb\"},\"inLanguage\":\"tr\",\"potentialAction\":[{\"@type\":\"ReadAction\",\"target\":[\"https:\\\/\\\/plakci.nl\\\/product\\\/orhan-gencebay-kaderimin-oyunu\\\/\"]}]},{\"@type\":\"ImageObject\",\"inLanguage\":\"tr\",\"@id\":\"https:\\\/\\\/plakci.nl\\\/product\\\/orhan-gencebay-kaderimin-oyunu\\\/#primaryimage\",\"url\":\"https:\\\/\\\/plakci.nl\\\/wp-content\\\/uploads\\\/2020\\\/10\\\/orhan-gencebay-kaderimin-oyunu-plak-a6d7.jpg\",\"contentUrl\":\"https:\\\/\\\/plakci.nl\\\/wp-content\\\/uploads\\\/2020\\\/10\\\/orhan-gencebay-kaderimin-oyunu-plak-a6d7.jpg\",\"width\":600,\"height\":600},{\"@type\":\"BreadcrumbList\",\"@id\":\"https:\\\/\\\/plakci.nl\\\/product\\\/orhan-gencebay-kaderimin-oyunu\\\/#breadcrumb\",\"itemListElement\":[{\"@type\":\"ListItem\",\"position\":1,\"name\":\"Home\",\"item\":\"https:\\\/\\\/plakci.nl\\\/\"},{\"@type\":\"ListItem\",\"position\":2,\"name\":\"Producten\",\"item\":\"https:\\\/\\\/plakci.nl\\\/producten\\\/\"},{\"@type\":\"ListItem\",\"position\":3,\"name\":\"[LP] Orhan Gencebay &#8211; Kaderimin Oyunu\"}]},{\"@type\":\"WebSite\",\"@id\":\"https:\\\/\\\/plakci.nl\\\/#website\",\"url\":\"https:\\\/\\\/plakci.nl\\\/\",\"name\":\"Plakci.nl\",\"description\":\"T\u00fcrk\u00e7e Plak ve CD\",\"publisher\":{\"@id\":\"https:\\\/\\\/plakci.nl\\\/#organization\"},\"potentialAction\":[{\"@type\":\"SearchAction\",\"target\":{\"@type\":\"EntryPoint\",\"urlTemplate\":\"https:\\\/\\\/plakci.nl\\\/?s={search_term_string}\"},\"query-input\":{\"@type\":\"PropertyValueSpecification\",\"valueRequired\":true,\"valueName\":\"search_term_string\"}}],\"inLanguage\":\"tr\"},{\"@type\":\"Organization\",\"@id\":\"https:\\\/\\\/plakci.nl\\\/#organization\",\"name\":\"Plakci\",\"url\":\"https:\\\/\\\/plakci.nl\\\/\",\"logo\":{\"@type\":\"ImageObject\",\"inLanguage\":\"tr\",\"@id\":\"https:\\\/\\\/plakci.nl\\\/#\\\/schema\\\/logo\\\/image\\\/\",\"url\":\"https:\\\/\\\/plakci.nl\\\/wp-content\\\/uploads\\\/2021\\\/08\\\/Logo_Plakci_transparent-1.png\",\"contentUrl\":\"https:\\\/\\\/plakci.nl\\\/wp-content\\\/uploads\\\/2021\\\/08\\\/Logo_Plakci_transparent-1.png\",\"width\":89,\"height\":70,\"caption\":\"Plakci\"},\"image\":{\"@id\":\"https:\\\/\\\/plakci.nl\\\/#\\\/schema\\\/logo\\\/image\\\/\"},\"sameAs\":[\"https:\\\/\\\/www.facebook.com\\\/Plakci.nl\",\"https:\\\/\\\/www.instagram.com\\\/plakci.nl\\\/\",\"https:\\\/\\\/www.tiktok.com\\\/@plakci.nl\"]}]}<\/script>\n<!-- \/ Yoast SEO plugin. -->","yoast_head_json":{"title":"Orhan Gencebay - Kaderimin Oyunu - Plakci.nl","description":"Turkse vinyl lp plaat van Orhan Gencebay album Kaderimin Oyunu op Plakci.nl met bekende nummers als Kaderinin Oyunu en Efkar Basti Gonlumu.","robots":{"index":"index","follow":"follow","max-snippet":"max-snippet:-1","max-image-preview":"max-image-preview:large","max-video-preview":"max-video-preview:-1"},"canonical":"https:\/\/plakci.nl\/tr\/product\/orhan-gencebay-kaderimin-oyunu\/","og_locale":"tr_TR","og_type":"article","og_title":"Orhan Gencebay - Kaderimin Oyunu - Plakci.nl","og_description":"Turkse vinyl lp plaat van Orhan Gencebay album Kaderimin Oyunu op Plakci.nl met bekende nummers als Kaderinin Oyunu en Efkar Basti Gonlumu.","og_url":"https:\/\/plakci.nl\/product\/orhan-gencebay-kaderimin-oyunu\/","og_site_name":"Plakci.nl","article_publisher":"https:\/\/www.facebook.com\/Plakci.nl","article_modified_time":"2026-04-28T18:08:27+00:00","og_image":[{"width":600,"height":600,"url":"https:\/\/plakci.nl\/wp-content\/uploads\/2020\/10\/orhan-gencebay-kaderimin-oyunu-plak-a6d7.jpg","type":"image\/jpeg"}],"twitter_card":"summary_large_image","schema":{"@context":"https:\/\/schema.org","@graph":[{"@type":"WebPage","@id":"https:\/\/plakci.nl\/product\/orhan-gencebay-kaderimin-oyunu\/","url":"https:\/\/plakci.nl\/product\/orhan-gencebay-kaderimin-oyunu\/","name":"Orhan Gencebay - Kaderimin Oyunu - Plakci.nl","isPartOf":{"@id":"https:\/\/plakci.nl\/#website"},"primaryImageOfPage":{"@id":"https:\/\/plakci.nl\/product\/orhan-gencebay-kaderimin-oyunu\/#primaryimage"},"image":{"@id":"https:\/\/plakci.nl\/product\/orhan-gencebay-kaderimin-oyunu\/#primaryimage"},"thumbnailUrl":"https:\/\/plakci.nl\/wp-content\/uploads\/2020\/10\/orhan-gencebay-kaderimin-oyunu-plak-a6d7.jpg","datePublished":"2020-10-13T15:33:18+00:00","dateModified":"2026-04-28T18:08:27+00:00","description":"Turkse vinyl lp plaat van Orhan Gencebay album Kaderimin Oyunu op Plakci.nl met bekende nummers als Kaderinin Oyunu en Efkar Basti Gonlumu.","breadcrumb":{"@id":"https:\/\/plakci.nl\/product\/orhan-gencebay-kaderimin-oyunu\/#breadcrumb"},"inLanguage":"tr","potentialAction":[{"@type":"ReadAction","target":["https:\/\/plakci.nl\/product\/orhan-gencebay-kaderimin-oyunu\/"]}]},{"@type":"ImageObject","inLanguage":"tr","@id":"https:\/\/plakci.nl\/product\/orhan-gencebay-kaderimin-oyunu\/#primaryimage","url":"https:\/\/plakci.nl\/wp-content\/uploads\/2020\/10\/orhan-gencebay-kaderimin-oyunu-plak-a6d7.jpg","contentUrl":"https:\/\/plakci.nl\/wp-content\/uploads\/2020\/10\/orhan-gencebay-kaderimin-oyunu-plak-a6d7.jpg","width":600,"height":600},{"@type":"BreadcrumbList","@id":"https:\/\/plakci.nl\/product\/orhan-gencebay-kaderimin-oyunu\/#breadcrumb","itemListElement":[{"@type":"ListItem","position":1,"name":"Home","item":"https:\/\/plakci.nl\/"},{"@type":"ListItem","position":2,"name":"Producten","item":"https:\/\/plakci.nl\/producten\/"},{"@type":"ListItem","position":3,"name":"[LP] Orhan Gencebay &#8211; Kaderimin Oyunu"}]},{"@type":"WebSite","@id":"https:\/\/plakci.nl\/#website","url":"https:\/\/plakci.nl\/","name":"Plakci.nl","description":"T\u00fcrk\u00e7e Plak ve CD","publisher":{"@id":"https:\/\/plakci.nl\/#organization"},"potentialAction":[{"@type":"SearchAction","target":{"@type":"EntryPoint","urlTemplate":"https:\/\/plakci.nl\/?s={search_term_string}"},"query-input":{"@type":"PropertyValueSpecification","valueRequired":true,"valueName":"search_term_string"}}],"inLanguage":"tr"},{"@type":"Organization","@id":"https:\/\/plakci.nl\/#organization","name":"Plakci","url":"https:\/\/plakci.nl\/","logo":{"@type":"ImageObject","inLanguage":"tr","@id":"https:\/\/plakci.nl\/#\/schema\/logo\/image\/","url":"https:\/\/plakci.nl\/wp-content\/uploads\/2021\/08\/Logo_Plakci_transparent-1.png","contentUrl":"https:\/\/plakci.nl\/wp-content\/uploads\/2021\/08\/Logo_Plakci_transparent-1.png","width":89,"height":70,"caption":"Plakci"},"image":{"@id":"https:\/\/plakci.nl\/#\/schema\/logo\/image\/"},"sameAs":["https:\/\/www.facebook.com\/Plakci.nl","https:\/\/www.instagram.com\/plakci.nl\/","https:\/\/www.tiktok.com\/@plakci.nl"]}]}},"_links":{"self":[{"href":"https:\/\/plakci.nl\/tr\/wp-json\/wp\/v2\/product\/389","targetHints":{"allow":["GET"]}}],"collection":[{"href":"https:\/\/plakci.nl\/tr\/wp-json\/wp\/v2\/product"}],"about":[{"href":"https:\/\/plakci.nl\/tr\/wp-json\/wp\/v2\/types\/product"}],"wp:featuredmedia":[{"embeddable":true,"href":"https:\/\/plakci.nl\/tr\/wp-json\/wp\/v2\/media\/369"}],"wp:attachment":[{"href":"https:\/\/plakci.nl\/tr\/wp-json\/wp\/v2\/media?parent=389"}],"wp:term":[{"taxonomy":"product_brand","embeddable":true,"href":"https:\/\/plakci.nl\/tr\/wp-json\/wp\/v2\/product_brand?post=389"},{"taxonomy":"product_cat","embeddable":true,"href":"https:\/\/plakci.nl\/tr\/wp-json\/wp\/v2\/product_cat?post=389"},{"taxonomy":"product_tag","embeddable":true,"href":"https:\/\/plakci.nl\/tr\/wp-json\/wp\/v2\/product_tag?post=389"},{"taxonomy":"giftcard-category","embeddable":true,"href":"https:\/\/plakci.nl\/tr\/wp-json\/wp\/v2\/giftcard-category?post=389"}],"curies":[{"name":"wp","href":"https:\/\/api.w.org\/{rel}","templated":true}]}}