{"id":397,"date":"2020-10-16T16:20:25","date_gmt":"2020-10-16T14:20:25","guid":{"rendered":"http:\/\/plakci.nl\/?post_type=product&#038;p=397"},"modified":"2025-11-10T10:18:25","modified_gmt":"2025-11-10T08:18:25","slug":"cengiz-kurtoglu-yillarim","status":"publish","type":"product","link":"https:\/\/plakci.nl\/tr\/product\/cengiz-kurtoglu-yillarim\/","title":{"rendered":"[LP] Cengiz Kurtoglu &#8211; Yillarim"},"content":{"rendered":"<p>A:<\/p>\n<ol>\n<li>Y\u0131llar\u0131m<\/li>\n<li>Gece Olunca<\/li>\n<li>B\u00fcy\u00fcmeyen Bebek<\/li>\n<li>Yol Arkada\u015f\u0131m<\/li>\n<li>A\u015f\u0131\u011f\u0131m A\u015f\u0131k<\/li>\n<li>Gidiyor musun?<\/li>\n<\/ol>\n<p>B:<\/p>\n<ol>\n<li>Gelin Etmi\u015fler<\/li>\n<li>Hayat\u0131m\u0131 Yazsam<\/li>\n<li>\u00dcmit Yere Bats\u0131n<\/li>\n<li>Sevmeyece\u011fim<\/li>\n<li>Sevmek Kim Sen Kimsin<\/li>\n<li>Bir Cennettir Bu D\u00fcnya<\/li>\n<\/ol>\n","protected":false},"excerpt":{"rendered":"<p>A: Y\u0131llar\u0131m Gece Olunca B\u00fcy\u00fcmeyen Bebek Yol Arkada\u015f\u0131m A\u015f\u0131\u011f\u0131m A\u015f\u0131k Gidiyor musun? B: Gelin Etmi\u015fler Hayat\u0131m\u0131 Yazsam \u00dcmit Yere Bats\u0131n Sevmeyece\u011fim Sevmek Kim Sen Kimsin Bir Cennettir Bu D\u00fcnya<\/p>\n","protected":false},"featured_media":348,"template":"","meta":{"_joinchat":[]},"product_brand":[],"product_cat":[653,115,592],"product_tag":[747],"giftcard-category":[],"class_list":{"0":"post-397","1":"product","2":"type-product","3":"status-publish","4":"has-post-thumbnail","6":"product_cat-arabesk","7":"product_cat-cengiz-kurtoglu","8":"product_cat-lps","9":"product_tag-sahinozer","11":"first","12":"outofstock","13":"taxable","14":"shipping-taxable","15":"purchasable","16":"product-type-simple","17":"add-to-wishlist-before_image"},"supplier_id":795,"supplier_sku":"8694897500945","barcode":null,"atum_controlled":true,"out_stock_date":"2025-11-10 10:18:25","out_stock_threshold":null,"inheritable":false,"inbound_stock":0,"stock_on_hold":0,"sold_today":0,"sales_last_days":0,"reserved_stock":0,"customer_returns":0,"warehouse_damage":0,"lost_in_post":0,"other_logs":0,"out_stock_days":157,"lost_sales":0,"has_location":false,"update_date":"2026-04-17T00:20:41","atum_locations":[],"atum_stock_status":"outofstock","restock_status":false,"low_stock_amount":"","sales_update_date":"2026-04-17T00:20:41","calc_backorders":null,"yoast_head":"<!-- This site is optimized with the Yoast SEO plugin v27.2 - https:\/\/yoast.com\/product\/yoast-seo-wordpress\/ -->\n<title>Cengiz Kurtoglu - Yillarim - Plakci.nl<\/title>\n<meta name=\"robots\" content=\"index, follow, max-snippet:-1, max-image-preview:large, max-video-preview:-1\" \/>\n<link rel=\"canonical\" href=\"https:\/\/plakci.nl\/tr\/product\/cengiz-kurtoglu-yillarim\/\" \/>\n<meta property=\"og:locale\" content=\"tr_TR\" \/>\n<meta property=\"og:type\" content=\"article\" \/>\n<meta property=\"og:title\" content=\"Cengiz Kurtoglu - Yillarim - Plakci.nl\" \/>\n<meta property=\"og:description\" content=\"A: Y\u0131llar\u0131m Gece Olunca B\u00fcy\u00fcmeyen Bebek Yol Arkada\u015f\u0131m A\u015f\u0131\u011f\u0131m A\u015f\u0131k Gidiyor musun? B: Gelin Etmi\u015fler Hayat\u0131m\u0131 Yazsam \u00dcmit Yere Bats\u0131n Sevmeyece\u011fim Sevmek Kim Sen Kimsin Bir Cennettir Bu D\u00fcnya\" \/>\n<meta property=\"og:url\" content=\"https:\/\/plakci.nl\/product\/cengiz-kurtoglu-yillarim\/\" \/>\n<meta property=\"og:site_name\" content=\"Plakci.nl\" \/>\n<meta property=\"article:publisher\" content=\"https:\/\/www.facebook.com\/Plakci.nl\" \/>\n<meta property=\"article:modified_time\" content=\"2025-11-10T08:18:25+00:00\" \/>\n<meta property=\"og:image\" content=\"https:\/\/plakci.nl\/wp-content\/uploads\/2020\/10\/Cengiz-Kurtoglu-Yillarim-Plak-c441.jpg\" \/>\n\t<meta property=\"og:image:width\" content=\"310\" \/>\n\t<meta property=\"og:image:height\" content=\"307\" \/>\n\t<meta property=\"og:image:type\" content=\"image\/jpeg\" \/>\n<meta name=\"twitter:card\" content=\"summary_large_image\" \/>\n<script type=\"application\/ld+json\" class=\"yoast-schema-graph\">{\"@context\":\"https:\/\/schema.org\",\"@graph\":[{\"@type\":\"WebPage\",\"@id\":\"https:\/\/plakci.nl\/product\/cengiz-kurtoglu-yillarim\/\",\"url\":\"https:\/\/plakci.nl\/product\/cengiz-kurtoglu-yillarim\/\",\"name\":\"Cengiz Kurtoglu - Yillarim - Plakci.nl\",\"isPartOf\":{\"@id\":\"https:\/\/plakci.nl\/#website\"},\"primaryImageOfPage\":{\"@id\":\"https:\/\/plakci.nl\/product\/cengiz-kurtoglu-yillarim\/#primaryimage\"},\"image\":{\"@id\":\"https:\/\/plakci.nl\/product\/cengiz-kurtoglu-yillarim\/#primaryimage\"},\"thumbnailUrl\":\"https:\/\/plakci.nl\/wp-content\/uploads\/2020\/10\/Cengiz-Kurtoglu-Yillarim-Plak-c441.jpg\",\"datePublished\":\"2020-10-16T14:20:25+00:00\",\"dateModified\":\"2025-11-10T08:18:25+00:00\",\"breadcrumb\":{\"@id\":\"https:\/\/plakci.nl\/product\/cengiz-kurtoglu-yillarim\/#breadcrumb\"},\"inLanguage\":\"tr\",\"potentialAction\":[{\"@type\":\"ReadAction\",\"target\":[\"https:\/\/plakci.nl\/product\/cengiz-kurtoglu-yillarim\/\"]}]},{\"@type\":\"ImageObject\",\"inLanguage\":\"tr\",\"@id\":\"https:\/\/plakci.nl\/product\/cengiz-kurtoglu-yillarim\/#primaryimage\",\"url\":\"https:\/\/plakci.nl\/wp-content\/uploads\/2020\/10\/Cengiz-Kurtoglu-Yillarim-Plak-c441.jpg\",\"contentUrl\":\"https:\/\/plakci.nl\/wp-content\/uploads\/2020\/10\/Cengiz-Kurtoglu-Yillarim-Plak-c441.jpg\",\"width\":310,\"height\":307},{\"@type\":\"BreadcrumbList\",\"@id\":\"https:\/\/plakci.nl\/product\/cengiz-kurtoglu-yillarim\/#breadcrumb\",\"itemListElement\":[{\"@type\":\"ListItem\",\"position\":1,\"name\":\"Home\",\"item\":\"https:\/\/plakci.nl\/\"},{\"@type\":\"ListItem\",\"position\":2,\"name\":\"Producten\",\"item\":\"https:\/\/plakci.nl\/producten\/\"},{\"@type\":\"ListItem\",\"position\":3,\"name\":\"[LP] Cengiz Kurtoglu &#8211; Yillarim\"}]},{\"@type\":\"WebSite\",\"@id\":\"https:\/\/plakci.nl\/#website\",\"url\":\"https:\/\/plakci.nl\/\",\"name\":\"Plakci.nl\",\"description\":\"T\u00fcrk\u00e7e Plak ve CD\",\"publisher\":{\"@id\":\"https:\/\/plakci.nl\/#organization\"},\"potentialAction\":[{\"@type\":\"SearchAction\",\"target\":{\"@type\":\"EntryPoint\",\"urlTemplate\":\"https:\/\/plakci.nl\/?s={search_term_string}\"},\"query-input\":{\"@type\":\"PropertyValueSpecification\",\"valueRequired\":true,\"valueName\":\"search_term_string\"}}],\"inLanguage\":\"tr\"},{\"@type\":\"Organization\",\"@id\":\"https:\/\/plakci.nl\/#organization\",\"name\":\"Plakci\",\"url\":\"https:\/\/plakci.nl\/\",\"logo\":{\"@type\":\"ImageObject\",\"inLanguage\":\"tr\",\"@id\":\"https:\/\/plakci.nl\/#\/schema\/logo\/image\/\",\"url\":\"https:\/\/plakci.nl\/wp-content\/uploads\/2020\/08\/onlinelogomaker-080320-2106-6551.png\",\"contentUrl\":\"https:\/\/plakci.nl\/wp-content\/uploads\/2020\/08\/onlinelogomaker-080320-2106-6551.png\",\"width\":451,\"height\":356,\"caption\":\"Plakci\"},\"image\":{\"@id\":\"https:\/\/plakci.nl\/#\/schema\/logo\/image\/\"},\"sameAs\":[\"https:\/\/www.facebook.com\/Plakci.nl\",\"https:\/\/www.instagram.com\/plakci.nl\/\"]}]}<\/script>\n<!-- \/ Yoast SEO plugin. -->","yoast_head_json":{"title":"Cengiz Kurtoglu - Yillarim - Plakci.nl","robots":{"index":"index","follow":"follow","max-snippet":"max-snippet:-1","max-image-preview":"max-image-preview:large","max-video-preview":"max-video-preview:-1"},"canonical":"https:\/\/plakci.nl\/tr\/product\/cengiz-kurtoglu-yillarim\/","og_locale":"tr_TR","og_type":"article","og_title":"Cengiz Kurtoglu - Yillarim - Plakci.nl","og_description":"A: Y\u0131llar\u0131m Gece Olunca B\u00fcy\u00fcmeyen Bebek Yol Arkada\u015f\u0131m A\u015f\u0131\u011f\u0131m A\u015f\u0131k Gidiyor musun? B: Gelin Etmi\u015fler Hayat\u0131m\u0131 Yazsam \u00dcmit Yere Bats\u0131n Sevmeyece\u011fim Sevmek Kim Sen Kimsin Bir Cennettir Bu D\u00fcnya","og_url":"https:\/\/plakci.nl\/product\/cengiz-kurtoglu-yillarim\/","og_site_name":"Plakci.nl","article_publisher":"https:\/\/www.facebook.com\/Plakci.nl","article_modified_time":"2025-11-10T08:18:25+00:00","og_image":[{"width":310,"height":307,"url":"https:\/\/plakci.nl\/wp-content\/uploads\/2020\/10\/Cengiz-Kurtoglu-Yillarim-Plak-c441.jpg","type":"image\/jpeg"}],"twitter_card":"summary_large_image","schema":{"@context":"https:\/\/schema.org","@graph":[{"@type":"WebPage","@id":"https:\/\/plakci.nl\/product\/cengiz-kurtoglu-yillarim\/","url":"https:\/\/plakci.nl\/product\/cengiz-kurtoglu-yillarim\/","name":"Cengiz Kurtoglu - Yillarim - Plakci.nl","isPartOf":{"@id":"https:\/\/plakci.nl\/#website"},"primaryImageOfPage":{"@id":"https:\/\/plakci.nl\/product\/cengiz-kurtoglu-yillarim\/#primaryimage"},"image":{"@id":"https:\/\/plakci.nl\/product\/cengiz-kurtoglu-yillarim\/#primaryimage"},"thumbnailUrl":"https:\/\/plakci.nl\/wp-content\/uploads\/2020\/10\/Cengiz-Kurtoglu-Yillarim-Plak-c441.jpg","datePublished":"2020-10-16T14:20:25+00:00","dateModified":"2025-11-10T08:18:25+00:00","breadcrumb":{"@id":"https:\/\/plakci.nl\/product\/cengiz-kurtoglu-yillarim\/#breadcrumb"},"inLanguage":"tr","potentialAction":[{"@type":"ReadAction","target":["https:\/\/plakci.nl\/product\/cengiz-kurtoglu-yillarim\/"]}]},{"@type":"ImageObject","inLanguage":"tr","@id":"https:\/\/plakci.nl\/product\/cengiz-kurtoglu-yillarim\/#primaryimage","url":"https:\/\/plakci.nl\/wp-content\/uploads\/2020\/10\/Cengiz-Kurtoglu-Yillarim-Plak-c441.jpg","contentUrl":"https:\/\/plakci.nl\/wp-content\/uploads\/2020\/10\/Cengiz-Kurtoglu-Yillarim-Plak-c441.jpg","width":310,"height":307},{"@type":"BreadcrumbList","@id":"https:\/\/plakci.nl\/product\/cengiz-kurtoglu-yillarim\/#breadcrumb","itemListElement":[{"@type":"ListItem","position":1,"name":"Home","item":"https:\/\/plakci.nl\/"},{"@type":"ListItem","position":2,"name":"Producten","item":"https:\/\/plakci.nl\/producten\/"},{"@type":"ListItem","position":3,"name":"[LP] Cengiz Kurtoglu &#8211; Yillarim"}]},{"@type":"WebSite","@id":"https:\/\/plakci.nl\/#website","url":"https:\/\/plakci.nl\/","name":"Plakci.nl","description":"T\u00fcrk\u00e7e Plak ve CD","publisher":{"@id":"https:\/\/plakci.nl\/#organization"},"potentialAction":[{"@type":"SearchAction","target":{"@type":"EntryPoint","urlTemplate":"https:\/\/plakci.nl\/?s={search_term_string}"},"query-input":{"@type":"PropertyValueSpecification","valueRequired":true,"valueName":"search_term_string"}}],"inLanguage":"tr"},{"@type":"Organization","@id":"https:\/\/plakci.nl\/#organization","name":"Plakci","url":"https:\/\/plakci.nl\/","logo":{"@type":"ImageObject","inLanguage":"tr","@id":"https:\/\/plakci.nl\/#\/schema\/logo\/image\/","url":"https:\/\/plakci.nl\/wp-content\/uploads\/2020\/08\/onlinelogomaker-080320-2106-6551.png","contentUrl":"https:\/\/plakci.nl\/wp-content\/uploads\/2020\/08\/onlinelogomaker-080320-2106-6551.png","width":451,"height":356,"caption":"Plakci"},"image":{"@id":"https:\/\/plakci.nl\/#\/schema\/logo\/image\/"},"sameAs":["https:\/\/www.facebook.com\/Plakci.nl","https:\/\/www.instagram.com\/plakci.nl\/"]}]}},"_links":{"self":[{"href":"https:\/\/plakci.nl\/tr\/wp-json\/wp\/v2\/product\/397","targetHints":{"allow":["GET"]}}],"collection":[{"href":"https:\/\/plakci.nl\/tr\/wp-json\/wp\/v2\/product"}],"about":[{"href":"https:\/\/plakci.nl\/tr\/wp-json\/wp\/v2\/types\/product"}],"wp:featuredmedia":[{"embeddable":true,"href":"https:\/\/plakci.nl\/tr\/wp-json\/wp\/v2\/media\/348"}],"wp:attachment":[{"href":"https:\/\/plakci.nl\/tr\/wp-json\/wp\/v2\/media?parent=397"}],"wp:term":[{"taxonomy":"product_brand","embeddable":true,"href":"https:\/\/plakci.nl\/tr\/wp-json\/wp\/v2\/product_brand?post=397"},{"taxonomy":"product_cat","embeddable":true,"href":"https:\/\/plakci.nl\/tr\/wp-json\/wp\/v2\/product_cat?post=397"},{"taxonomy":"product_tag","embeddable":true,"href":"https:\/\/plakci.nl\/tr\/wp-json\/wp\/v2\/product_tag?post=397"},{"taxonomy":"giftcard-category","embeddable":true,"href":"https:\/\/plakci.nl\/tr\/wp-json\/wp\/v2\/giftcard-category?post=397"}],"curies":[{"name":"wp","href":"https:\/\/api.w.org\/{rel}","templated":true}]}}