{"id":4923,"date":"2023-05-01T22:07:48","date_gmt":"2023-05-01T20:07:48","guid":{"rendered":"https:\/\/plakci.nl\/?post_type=product&#038;p=4923"},"modified":"2025-10-29T23:07:06","modified_gmt":"2025-10-29T21:07:06","slug":"cem-karaca-resimdeki-gozyaslari-lp","status":"publish","type":"product","link":"https:\/\/plakci.nl\/tr\/product\/cem-karaca-resimdeki-gozyaslari-lp\/","title":{"rendered":"[LP] Cem Karaca &#8211; Resimdeki G\u00f6zya\u015flar\u0131"},"content":{"rendered":"<p>A:<\/p>\n<ol>\n<li>Resimdeki G\u00f6zya\u015flar\u0131<\/li>\n<li>Namus Belas\u0131<\/li>\n<li>Gecenin Karas\u0131n\u0131<\/li>\n<li>Muhtar<\/li>\n<li>Ihtarname<\/li>\n<li>Hasan Kalesi<\/li>\n<li>Mutlaka Yavrum<\/li>\n<li>\u00c7\u00f6kertme<\/li>\n<\/ol>\n<p>B:<\/p>\n<ol>\n<li>Tamirci \u00c7\u0131ra\u011f\u0131<\/li>\n<li>Oy Bana Bana<\/li>\n<li>Beyaz Atl\u0131<\/li>\n<li>Bir Of Ceksem<\/li>\n<li>El Cek Tabip<\/li>\n<li>Kara \u00dcz\u00fcm<\/li>\n<li>Emrah<\/li>\n<li>Kavga<\/li>\n<\/ol>\n","protected":false},"excerpt":{"rendered":"<p>\u2714\ufe0f <span class=\"icon-text\">Saat 23:59 dan \u00f6nce verilen sipari\u015fler, ertesi \u00e7al\u0131\u015fma g\u00fcn\u00fc kargoya verilir<br \/>\n<\/span>\u2714\ufe0f\u00a0Klarna ile daha sonra \u00f6deme yap\u0131n<br \/>\n\u2714\ufe0f Rotterdam\u2019dan teslim al\u0131n (Randevu ile)<br \/>\n\u2714\ufe0f \u20ac100,00 \u00fczerindeki sipari\u015fler \u00fccretsiz g\u00f6nderilir<br \/>\n\u2714\ufe0f Track &amp; Trace ile kargonu takip et<\/p>\n[wpcfb]\n","protected":false},"featured_media":4925,"template":"","meta":{"_joinchat":[]},"product_brand":[],"product_cat":[62,592,665],"product_tag":[844],"giftcard-category":[],"class_list":{"0":"post-4923","1":"product","2":"type-product","3":"status-publish","4":"has-post-thumbnail","6":"product_cat-cem-karaca","7":"product_cat-lps","8":"product_cat-rock","9":"product_tag-gema","11":"first","12":"instock","13":"taxable","14":"shipping-taxable","15":"purchasable","16":"product-type-simple","17":"add-to-wishlist-before_image"},"supplier_id":null,"supplier_sku":"","barcode":null,"atum_controlled":true,"out_stock_date":null,"out_stock_threshold":null,"inheritable":false,"inbound_stock":null,"stock_on_hold":0,"sold_today":0,"sales_last_days":0,"reserved_stock":null,"customer_returns":null,"warehouse_damage":null,"lost_in_post":null,"other_logs":null,"out_stock_days":0,"lost_sales":0,"has_location":null,"update_date":"2026-05-04T00:09:59","atum_locations":[],"atum_stock_status":"instock","restock_status":false,"low_stock_amount":"","sales_update_date":"2026-05-04T00:09:59","calc_backorders":null,"yoast_head":"<!-- This site is optimized with the Yoast SEO plugin v27.5 - https:\/\/yoast.com\/product\/yoast-seo-wordpress\/ -->\n<title>Cem Karaca - Resimdeki G\u00f6zya\u015flar\u0131 - Plakci.nl<\/title>\n<meta name=\"robots\" content=\"index, follow, max-snippet:-1, max-image-preview:large, max-video-preview:-1\" \/>\n<link rel=\"canonical\" href=\"https:\/\/plakci.nl\/tr\/product\/cem-karaca-resimdeki-gozyaslari-lp\/\" \/>\n<meta property=\"og:locale\" content=\"tr_TR\" \/>\n<meta property=\"og:type\" content=\"article\" \/>\n<meta property=\"og:title\" content=\"Cem Karaca - Resimdeki G\u00f6zya\u015flar\u0131 - Plakci.nl\" \/>\n<meta property=\"og:description\" content=\"\u2714\ufe0f Saat 23:59 dan \u00f6nce verilen sipari\u015fler, ertesi \u00e7al\u0131\u015fma g\u00fcn\u00fc kargoya verilir \u2714\ufe0f\u00a0Klarna ile daha sonra \u00f6deme yap\u0131n \u2714\ufe0f Rotterdam\u2019dan teslim al\u0131n (Randevu ile) \u2714\ufe0f \u20ac100,00 \u00fczerindeki sipari\u015fler \u00fccretsiz g\u00f6nderilir \u2714\ufe0f Track &amp; Trace ile kargonu takip et\" \/>\n<meta property=\"og:url\" content=\"https:\/\/plakci.nl\/product\/cem-karaca-resimdeki-gozyaslari-lp\/\" \/>\n<meta property=\"og:site_name\" content=\"Plakci.nl\" \/>\n<meta property=\"article:publisher\" content=\"https:\/\/www.facebook.com\/Plakci.nl\" \/>\n<meta property=\"article:modified_time\" content=\"2025-10-29T21:07:06+00:00\" \/>\n<meta property=\"og:image\" content=\"https:\/\/plakci.nl\/wp-content\/uploads\/2023\/05\/ff1066d3b6cfe50da58fffd81dbd03b5.jpg\" \/>\n\t<meta property=\"og:image:width\" content=\"655\" \/>\n\t<meta property=\"og:image:height\" content=\"663\" \/>\n\t<meta property=\"og:image:type\" content=\"image\/jpeg\" \/>\n<meta name=\"twitter:card\" content=\"summary_large_image\" \/>\n<script type=\"application\/ld+json\" class=\"yoast-schema-graph\">{\"@context\":\"https:\\\/\\\/schema.org\",\"@graph\":[{\"@type\":\"WebPage\",\"@id\":\"https:\\\/\\\/plakci.nl\\\/product\\\/cem-karaca-resimdeki-gozyaslari-lp\\\/\",\"url\":\"https:\\\/\\\/plakci.nl\\\/product\\\/cem-karaca-resimdeki-gozyaslari-lp\\\/\",\"name\":\"Cem Karaca - Resimdeki G\u00f6zya\u015flar\u0131 - Plakci.nl\",\"isPartOf\":{\"@id\":\"https:\\\/\\\/plakci.nl\\\/#website\"},\"primaryImageOfPage\":{\"@id\":\"https:\\\/\\\/plakci.nl\\\/product\\\/cem-karaca-resimdeki-gozyaslari-lp\\\/#primaryimage\"},\"image\":{\"@id\":\"https:\\\/\\\/plakci.nl\\\/product\\\/cem-karaca-resimdeki-gozyaslari-lp\\\/#primaryimage\"},\"thumbnailUrl\":\"https:\\\/\\\/plakci.nl\\\/wp-content\\\/uploads\\\/2023\\\/05\\\/ff1066d3b6cfe50da58fffd81dbd03b5.jpg\",\"datePublished\":\"2023-05-01T20:07:48+00:00\",\"dateModified\":\"2025-10-29T21:07:06+00:00\",\"breadcrumb\":{\"@id\":\"https:\\\/\\\/plakci.nl\\\/product\\\/cem-karaca-resimdeki-gozyaslari-lp\\\/#breadcrumb\"},\"inLanguage\":\"tr\",\"potentialAction\":[{\"@type\":\"ReadAction\",\"target\":[\"https:\\\/\\\/plakci.nl\\\/product\\\/cem-karaca-resimdeki-gozyaslari-lp\\\/\"]}]},{\"@type\":\"ImageObject\",\"inLanguage\":\"tr\",\"@id\":\"https:\\\/\\\/plakci.nl\\\/product\\\/cem-karaca-resimdeki-gozyaslari-lp\\\/#primaryimage\",\"url\":\"https:\\\/\\\/plakci.nl\\\/wp-content\\\/uploads\\\/2023\\\/05\\\/ff1066d3b6cfe50da58fffd81dbd03b5.jpg\",\"contentUrl\":\"https:\\\/\\\/plakci.nl\\\/wp-content\\\/uploads\\\/2023\\\/05\\\/ff1066d3b6cfe50da58fffd81dbd03b5.jpg\",\"width\":655,\"height\":663},{\"@type\":\"BreadcrumbList\",\"@id\":\"https:\\\/\\\/plakci.nl\\\/product\\\/cem-karaca-resimdeki-gozyaslari-lp\\\/#breadcrumb\",\"itemListElement\":[{\"@type\":\"ListItem\",\"position\":1,\"name\":\"Home\",\"item\":\"https:\\\/\\\/plakci.nl\\\/\"},{\"@type\":\"ListItem\",\"position\":2,\"name\":\"Producten\",\"item\":\"https:\\\/\\\/plakci.nl\\\/producten\\\/\"},{\"@type\":\"ListItem\",\"position\":3,\"name\":\"[LP] Cem Karaca &#8211; Resimdeki G\u00f6zya\u015flar\u0131\"}]},{\"@type\":\"WebSite\",\"@id\":\"https:\\\/\\\/plakci.nl\\\/#website\",\"url\":\"https:\\\/\\\/plakci.nl\\\/\",\"name\":\"Plakci.nl\",\"description\":\"T\u00fcrk\u00e7e Plak ve CD\",\"publisher\":{\"@id\":\"https:\\\/\\\/plakci.nl\\\/#organization\"},\"potentialAction\":[{\"@type\":\"SearchAction\",\"target\":{\"@type\":\"EntryPoint\",\"urlTemplate\":\"https:\\\/\\\/plakci.nl\\\/?s={search_term_string}\"},\"query-input\":{\"@type\":\"PropertyValueSpecification\",\"valueRequired\":true,\"valueName\":\"search_term_string\"}}],\"inLanguage\":\"tr\"},{\"@type\":\"Organization\",\"@id\":\"https:\\\/\\\/plakci.nl\\\/#organization\",\"name\":\"Plakci\",\"url\":\"https:\\\/\\\/plakci.nl\\\/\",\"logo\":{\"@type\":\"ImageObject\",\"inLanguage\":\"tr\",\"@id\":\"https:\\\/\\\/plakci.nl\\\/#\\\/schema\\\/logo\\\/image\\\/\",\"url\":\"https:\\\/\\\/plakci.nl\\\/wp-content\\\/uploads\\\/2021\\\/08\\\/Logo_Plakci_transparent-1.png\",\"contentUrl\":\"https:\\\/\\\/plakci.nl\\\/wp-content\\\/uploads\\\/2021\\\/08\\\/Logo_Plakci_transparent-1.png\",\"width\":89,\"height\":70,\"caption\":\"Plakci\"},\"image\":{\"@id\":\"https:\\\/\\\/plakci.nl\\\/#\\\/schema\\\/logo\\\/image\\\/\"},\"sameAs\":[\"https:\\\/\\\/www.facebook.com\\\/Plakci.nl\",\"https:\\\/\\\/www.instagram.com\\\/plakci.nl\\\/\",\"https:\\\/\\\/www.tiktok.com\\\/@plakci.nl\"]}]}<\/script>\n<!-- \/ Yoast SEO plugin. -->","yoast_head_json":{"title":"Cem Karaca - Resimdeki G\u00f6zya\u015flar\u0131 - Plakci.nl","robots":{"index":"index","follow":"follow","max-snippet":"max-snippet:-1","max-image-preview":"max-image-preview:large","max-video-preview":"max-video-preview:-1"},"canonical":"https:\/\/plakci.nl\/tr\/product\/cem-karaca-resimdeki-gozyaslari-lp\/","og_locale":"tr_TR","og_type":"article","og_title":"Cem Karaca - Resimdeki G\u00f6zya\u015flar\u0131 - Plakci.nl","og_description":"\u2714\ufe0f Saat 23:59 dan \u00f6nce verilen sipari\u015fler, ertesi \u00e7al\u0131\u015fma g\u00fcn\u00fc kargoya verilir \u2714\ufe0f\u00a0Klarna ile daha sonra \u00f6deme yap\u0131n \u2714\ufe0f Rotterdam\u2019dan teslim al\u0131n (Randevu ile) \u2714\ufe0f \u20ac100,00 \u00fczerindeki sipari\u015fler \u00fccretsiz g\u00f6nderilir \u2714\ufe0f Track &amp; Trace ile kargonu takip et","og_url":"https:\/\/plakci.nl\/product\/cem-karaca-resimdeki-gozyaslari-lp\/","og_site_name":"Plakci.nl","article_publisher":"https:\/\/www.facebook.com\/Plakci.nl","article_modified_time":"2025-10-29T21:07:06+00:00","og_image":[{"width":655,"height":663,"url":"https:\/\/plakci.nl\/wp-content\/uploads\/2023\/05\/ff1066d3b6cfe50da58fffd81dbd03b5.jpg","type":"image\/jpeg"}],"twitter_card":"summary_large_image","schema":{"@context":"https:\/\/schema.org","@graph":[{"@type":"WebPage","@id":"https:\/\/plakci.nl\/product\/cem-karaca-resimdeki-gozyaslari-lp\/","url":"https:\/\/plakci.nl\/product\/cem-karaca-resimdeki-gozyaslari-lp\/","name":"Cem Karaca - Resimdeki G\u00f6zya\u015flar\u0131 - Plakci.nl","isPartOf":{"@id":"https:\/\/plakci.nl\/#website"},"primaryImageOfPage":{"@id":"https:\/\/plakci.nl\/product\/cem-karaca-resimdeki-gozyaslari-lp\/#primaryimage"},"image":{"@id":"https:\/\/plakci.nl\/product\/cem-karaca-resimdeki-gozyaslari-lp\/#primaryimage"},"thumbnailUrl":"https:\/\/plakci.nl\/wp-content\/uploads\/2023\/05\/ff1066d3b6cfe50da58fffd81dbd03b5.jpg","datePublished":"2023-05-01T20:07:48+00:00","dateModified":"2025-10-29T21:07:06+00:00","breadcrumb":{"@id":"https:\/\/plakci.nl\/product\/cem-karaca-resimdeki-gozyaslari-lp\/#breadcrumb"},"inLanguage":"tr","potentialAction":[{"@type":"ReadAction","target":["https:\/\/plakci.nl\/product\/cem-karaca-resimdeki-gozyaslari-lp\/"]}]},{"@type":"ImageObject","inLanguage":"tr","@id":"https:\/\/plakci.nl\/product\/cem-karaca-resimdeki-gozyaslari-lp\/#primaryimage","url":"https:\/\/plakci.nl\/wp-content\/uploads\/2023\/05\/ff1066d3b6cfe50da58fffd81dbd03b5.jpg","contentUrl":"https:\/\/plakci.nl\/wp-content\/uploads\/2023\/05\/ff1066d3b6cfe50da58fffd81dbd03b5.jpg","width":655,"height":663},{"@type":"BreadcrumbList","@id":"https:\/\/plakci.nl\/product\/cem-karaca-resimdeki-gozyaslari-lp\/#breadcrumb","itemListElement":[{"@type":"ListItem","position":1,"name":"Home","item":"https:\/\/plakci.nl\/"},{"@type":"ListItem","position":2,"name":"Producten","item":"https:\/\/plakci.nl\/producten\/"},{"@type":"ListItem","position":3,"name":"[LP] Cem Karaca &#8211; Resimdeki G\u00f6zya\u015flar\u0131"}]},{"@type":"WebSite","@id":"https:\/\/plakci.nl\/#website","url":"https:\/\/plakci.nl\/","name":"Plakci.nl","description":"T\u00fcrk\u00e7e Plak ve CD","publisher":{"@id":"https:\/\/plakci.nl\/#organization"},"potentialAction":[{"@type":"SearchAction","target":{"@type":"EntryPoint","urlTemplate":"https:\/\/plakci.nl\/?s={search_term_string}"},"query-input":{"@type":"PropertyValueSpecification","valueRequired":true,"valueName":"search_term_string"}}],"inLanguage":"tr"},{"@type":"Organization","@id":"https:\/\/plakci.nl\/#organization","name":"Plakci","url":"https:\/\/plakci.nl\/","logo":{"@type":"ImageObject","inLanguage":"tr","@id":"https:\/\/plakci.nl\/#\/schema\/logo\/image\/","url":"https:\/\/plakci.nl\/wp-content\/uploads\/2021\/08\/Logo_Plakci_transparent-1.png","contentUrl":"https:\/\/plakci.nl\/wp-content\/uploads\/2021\/08\/Logo_Plakci_transparent-1.png","width":89,"height":70,"caption":"Plakci"},"image":{"@id":"https:\/\/plakci.nl\/#\/schema\/logo\/image\/"},"sameAs":["https:\/\/www.facebook.com\/Plakci.nl","https:\/\/www.instagram.com\/plakci.nl\/","https:\/\/www.tiktok.com\/@plakci.nl"]}]}},"_links":{"self":[{"href":"https:\/\/plakci.nl\/tr\/wp-json\/wp\/v2\/product\/4923","targetHints":{"allow":["GET"]}}],"collection":[{"href":"https:\/\/plakci.nl\/tr\/wp-json\/wp\/v2\/product"}],"about":[{"href":"https:\/\/plakci.nl\/tr\/wp-json\/wp\/v2\/types\/product"}],"wp:featuredmedia":[{"embeddable":true,"href":"https:\/\/plakci.nl\/tr\/wp-json\/wp\/v2\/media\/4925"}],"wp:attachment":[{"href":"https:\/\/plakci.nl\/tr\/wp-json\/wp\/v2\/media?parent=4923"}],"wp:term":[{"taxonomy":"product_brand","embeddable":true,"href":"https:\/\/plakci.nl\/tr\/wp-json\/wp\/v2\/product_brand?post=4923"},{"taxonomy":"product_cat","embeddable":true,"href":"https:\/\/plakci.nl\/tr\/wp-json\/wp\/v2\/product_cat?post=4923"},{"taxonomy":"product_tag","embeddable":true,"href":"https:\/\/plakci.nl\/tr\/wp-json\/wp\/v2\/product_tag?post=4923"},{"taxonomy":"giftcard-category","embeddable":true,"href":"https:\/\/plakci.nl\/tr\/wp-json\/wp\/v2\/giftcard-category?post=4923"}],"curies":[{"name":"wp","href":"https:\/\/api.w.org\/{rel}","templated":true}]}}