{"id":6514,"date":"2024-05-12T13:34:03","date_gmt":"2024-05-12T11:34:03","guid":{"rendered":"https:\/\/plakci.nl\/?post_type=product&#038;p=6514"},"modified":"2026-04-28T04:18:42","modified_gmt":"2026-04-28T02:18:42","slug":"selda-bagcan-selda-cd","status":"publish","type":"product","link":"https:\/\/plakci.nl\/tr\/product\/selda-bagcan-selda-cd\/","title":{"rendered":"[CD] Selda Ba\u011fcan &#8211; Selda"},"content":{"rendered":"<div class=\"QpPSMb\">\n<div class=\"DoxwDb\">\n<ol>\n<li class=\"PZPZlf ssJ7i B5dxMb\" role=\"heading\" aria-level=\"2\" data-attrid=\"title\">Gald\u0131 Gald\u0131<\/li>\n<li class=\"PZPZlf ssJ7i B5dxMb\" role=\"heading\" aria-level=\"2\" data-attrid=\"title\">Almanya ac\u0131 vatan<\/li>\n<li class=\"PZPZlf ssJ7i B5dxMb\" role=\"heading\" aria-level=\"2\" data-attrid=\"title\">Yi\u011fit Muhta\u00e7 Olmu\u015f Kuru So\u011fana<\/li>\n<li class=\"PZPZlf ssJ7i B5dxMb\" role=\"heading\" aria-level=\"2\" data-attrid=\"title\">Sorsunlar Beni<\/li>\n<li class=\"PZPZlf ssJ7i B5dxMb\" role=\"heading\" aria-level=\"2\" data-attrid=\"title\">Ona D\u00f6n<\/li>\n<li class=\"PZPZlf ssJ7i B5dxMb\" role=\"heading\" aria-level=\"2\" data-attrid=\"title\">Hele yar<\/li>\n<li class=\"PZPZlf ssJ7i B5dxMb\" role=\"heading\" aria-level=\"2\" data-attrid=\"title\">Aya\u011f\u0131nda Kundura<\/li>\n<li class=\"PZPZlf ssJ7i B5dxMb\" role=\"heading\" aria-level=\"2\" data-attrid=\"title\">Ah Ne Olur Bizim K\u00f6yde<\/li>\n<li class=\"PZPZlf ssJ7i B5dxMb\" role=\"heading\" aria-level=\"2\" data-attrid=\"title\">H\u0131z\u0131r pa\u015fa<\/li>\n<li class=\"PZPZlf ssJ7i B5dxMb\" role=\"heading\" aria-level=\"2\" data-attrid=\"title\">Cenderme<\/li>\n<li class=\"PZPZlf ssJ7i B5dxMb\" role=\"heading\" aria-level=\"2\" data-attrid=\"title\">\u0130zin \u0130ze Benzemiyor<\/li>\n<li class=\"PZPZlf ssJ7i B5dxMb\" role=\"heading\" aria-level=\"2\" data-attrid=\"title\">K\u0131ymay\u0131n Efendiler<\/li>\n<\/ol>\n<\/div>\n<\/div>\n","protected":false},"excerpt":{"rendered":"<p>\u2714\ufe0f <span class=\"icon-text\">Saat 23:59 dan \u00f6nce verilen sipari\u015fler, ertesi \u00e7al\u0131\u015fma g\u00fcn\u00fc kargoya verilir<br \/>\n<\/span>\u2714\ufe0f\u00a0Klarna ile daha sonra \u00f6deme yap\u0131n<br \/>\n\u2714\ufe0f Rotterdam\u2019dan teslim al\u0131n (Randevu ile)<br \/>\n\u2714\ufe0f \u20ac100,00 \u00fczerindeki sipari\u015fler \u00fccretsiz g\u00f6nderilir<br \/>\n\u2714\ufe0f Track &amp; Trace ile kargonu takip et<\/p>\n[wpcfb]\n","protected":false},"featured_media":6515,"template":"","meta":{"_joinchat":[]},"product_brand":[],"product_cat":[500,663,83],"product_tag":[844],"giftcard-category":[],"class_list":{"0":"post-6514","1":"product","2":"type-product","3":"status-publish","4":"has-post-thumbnail","6":"product_cat-cds","7":"product_cat-ozgun-protest","8":"product_cat-selda-bagcan","9":"product_tag-gema","11":"first","12":"instock","13":"taxable","14":"shipping-taxable","15":"purchasable","16":"product-type-simple","17":"add-to-wishlist-before_image"},"supplier_id":null,"supplier_sku":"","barcode":null,"atum_controlled":true,"out_stock_date":null,"out_stock_threshold":null,"inheritable":false,"inbound_stock":null,"stock_on_hold":0,"sold_today":0,"sales_last_days":1,"reserved_stock":null,"customer_returns":null,"warehouse_damage":null,"lost_in_post":null,"other_logs":null,"out_stock_days":0,"lost_sales":0,"has_location":false,"update_date":"2026-05-05T00:10:10","atum_locations":[],"atum_stock_status":"instock","restock_status":false,"low_stock_amount":"","sales_update_date":"2026-05-05T00:10:10","calc_backorders":null,"yoast_head":"<!-- This site is optimized with the Yoast SEO plugin v27.5 - https:\/\/yoast.com\/product\/yoast-seo-wordpress\/ -->\n<title>Selda Ba\u011fcan - Selda - Plakci.nl<\/title>\n<meta name=\"robots\" content=\"index, follow, max-snippet:-1, max-image-preview:large, max-video-preview:-1\" \/>\n<link rel=\"canonical\" href=\"https:\/\/plakci.nl\/tr\/product\/selda-bagcan-selda-cd\/\" \/>\n<meta property=\"og:locale\" content=\"tr_TR\" \/>\n<meta property=\"og:type\" content=\"article\" \/>\n<meta property=\"og:title\" content=\"Selda Ba\u011fcan - Selda - Plakci.nl\" \/>\n<meta property=\"og:description\" content=\"\u2714\ufe0f Saat 23:59 dan \u00f6nce verilen sipari\u015fler, ertesi \u00e7al\u0131\u015fma g\u00fcn\u00fc kargoya verilir \u2714\ufe0f\u00a0Klarna ile daha sonra \u00f6deme yap\u0131n \u2714\ufe0f Rotterdam\u2019dan teslim al\u0131n (Randevu ile) \u2714\ufe0f \u20ac100,00 \u00fczerindeki sipari\u015fler \u00fccretsiz g\u00f6nderilir \u2714\ufe0f Track &amp; Trace ile kargonu takip et\" \/>\n<meta property=\"og:url\" content=\"https:\/\/plakci.nl\/product\/selda-bagcan-selda-cd\/\" \/>\n<meta property=\"og:site_name\" content=\"Plakci.nl\" \/>\n<meta property=\"article:publisher\" content=\"https:\/\/www.facebook.com\/Plakci.nl\" \/>\n<meta property=\"article:modified_time\" content=\"2026-04-28T02:18:42+00:00\" \/>\n<meta property=\"og:image\" content=\"https:\/\/plakci.nl\/wp-content\/uploads\/2024\/05\/14557-416x416-1.jpg\" \/>\n\t<meta property=\"og:image:width\" content=\"416\" \/>\n\t<meta property=\"og:image:height\" content=\"416\" \/>\n\t<meta property=\"og:image:type\" content=\"image\/jpeg\" \/>\n<meta name=\"twitter:card\" content=\"summary_large_image\" \/>\n<meta name=\"twitter:label1\" content=\"Tahmini okuma s\u00fcresi\" \/>\n\t<meta name=\"twitter:data1\" content=\"1 dakika\" \/>\n<script type=\"application\/ld+json\" class=\"yoast-schema-graph\">{\"@context\":\"https:\\\/\\\/schema.org\",\"@graph\":[{\"@type\":\"WebPage\",\"@id\":\"https:\\\/\\\/plakci.nl\\\/product\\\/selda-bagcan-selda-cd\\\/\",\"url\":\"https:\\\/\\\/plakci.nl\\\/product\\\/selda-bagcan-selda-cd\\\/\",\"name\":\"Selda Ba\u011fcan - Selda - Plakci.nl\",\"isPartOf\":{\"@id\":\"https:\\\/\\\/plakci.nl\\\/#website\"},\"primaryImageOfPage\":{\"@id\":\"https:\\\/\\\/plakci.nl\\\/product\\\/selda-bagcan-selda-cd\\\/#primaryimage\"},\"image\":{\"@id\":\"https:\\\/\\\/plakci.nl\\\/product\\\/selda-bagcan-selda-cd\\\/#primaryimage\"},\"thumbnailUrl\":\"https:\\\/\\\/plakci.nl\\\/wp-content\\\/uploads\\\/2024\\\/05\\\/14557-416x416-1.jpg\",\"datePublished\":\"2024-05-12T11:34:03+00:00\",\"dateModified\":\"2026-04-28T02:18:42+00:00\",\"breadcrumb\":{\"@id\":\"https:\\\/\\\/plakci.nl\\\/product\\\/selda-bagcan-selda-cd\\\/#breadcrumb\"},\"inLanguage\":\"tr\",\"potentialAction\":[{\"@type\":\"ReadAction\",\"target\":[\"https:\\\/\\\/plakci.nl\\\/product\\\/selda-bagcan-selda-cd\\\/\"]}]},{\"@type\":\"ImageObject\",\"inLanguage\":\"tr\",\"@id\":\"https:\\\/\\\/plakci.nl\\\/product\\\/selda-bagcan-selda-cd\\\/#primaryimage\",\"url\":\"https:\\\/\\\/plakci.nl\\\/wp-content\\\/uploads\\\/2024\\\/05\\\/14557-416x416-1.jpg\",\"contentUrl\":\"https:\\\/\\\/plakci.nl\\\/wp-content\\\/uploads\\\/2024\\\/05\\\/14557-416x416-1.jpg\",\"width\":416,\"height\":416},{\"@type\":\"BreadcrumbList\",\"@id\":\"https:\\\/\\\/plakci.nl\\\/product\\\/selda-bagcan-selda-cd\\\/#breadcrumb\",\"itemListElement\":[{\"@type\":\"ListItem\",\"position\":1,\"name\":\"Home\",\"item\":\"https:\\\/\\\/plakci.nl\\\/\"},{\"@type\":\"ListItem\",\"position\":2,\"name\":\"Producten\",\"item\":\"https:\\\/\\\/plakci.nl\\\/producten\\\/\"},{\"@type\":\"ListItem\",\"position\":3,\"name\":\"[CD] Selda Ba\u011fcan &#8211; Selda\"}]},{\"@type\":\"WebSite\",\"@id\":\"https:\\\/\\\/plakci.nl\\\/#website\",\"url\":\"https:\\\/\\\/plakci.nl\\\/\",\"name\":\"Plakci.nl\",\"description\":\"T\u00fcrk\u00e7e Plak ve CD\",\"publisher\":{\"@id\":\"https:\\\/\\\/plakci.nl\\\/#organization\"},\"potentialAction\":[{\"@type\":\"SearchAction\",\"target\":{\"@type\":\"EntryPoint\",\"urlTemplate\":\"https:\\\/\\\/plakci.nl\\\/?s={search_term_string}\"},\"query-input\":{\"@type\":\"PropertyValueSpecification\",\"valueRequired\":true,\"valueName\":\"search_term_string\"}}],\"inLanguage\":\"tr\"},{\"@type\":\"Organization\",\"@id\":\"https:\\\/\\\/plakci.nl\\\/#organization\",\"name\":\"Plakci\",\"url\":\"https:\\\/\\\/plakci.nl\\\/\",\"logo\":{\"@type\":\"ImageObject\",\"inLanguage\":\"tr\",\"@id\":\"https:\\\/\\\/plakci.nl\\\/#\\\/schema\\\/logo\\\/image\\\/\",\"url\":\"https:\\\/\\\/plakci.nl\\\/wp-content\\\/uploads\\\/2021\\\/08\\\/Logo_Plakci_transparent-1.png\",\"contentUrl\":\"https:\\\/\\\/plakci.nl\\\/wp-content\\\/uploads\\\/2021\\\/08\\\/Logo_Plakci_transparent-1.png\",\"width\":89,\"height\":70,\"caption\":\"Plakci\"},\"image\":{\"@id\":\"https:\\\/\\\/plakci.nl\\\/#\\\/schema\\\/logo\\\/image\\\/\"},\"sameAs\":[\"https:\\\/\\\/www.facebook.com\\\/Plakci.nl\",\"https:\\\/\\\/www.instagram.com\\\/plakci.nl\\\/\",\"https:\\\/\\\/www.tiktok.com\\\/@plakci.nl\"]}]}<\/script>\n<!-- \/ Yoast SEO plugin. -->","yoast_head_json":{"title":"Selda Ba\u011fcan - Selda - Plakci.nl","robots":{"index":"index","follow":"follow","max-snippet":"max-snippet:-1","max-image-preview":"max-image-preview:large","max-video-preview":"max-video-preview:-1"},"canonical":"https:\/\/plakci.nl\/tr\/product\/selda-bagcan-selda-cd\/","og_locale":"tr_TR","og_type":"article","og_title":"Selda Ba\u011fcan - Selda - Plakci.nl","og_description":"\u2714\ufe0f Saat 23:59 dan \u00f6nce verilen sipari\u015fler, ertesi \u00e7al\u0131\u015fma g\u00fcn\u00fc kargoya verilir \u2714\ufe0f\u00a0Klarna ile daha sonra \u00f6deme yap\u0131n \u2714\ufe0f Rotterdam\u2019dan teslim al\u0131n (Randevu ile) \u2714\ufe0f \u20ac100,00 \u00fczerindeki sipari\u015fler \u00fccretsiz g\u00f6nderilir \u2714\ufe0f Track &amp; Trace ile kargonu takip et","og_url":"https:\/\/plakci.nl\/product\/selda-bagcan-selda-cd\/","og_site_name":"Plakci.nl","article_publisher":"https:\/\/www.facebook.com\/Plakci.nl","article_modified_time":"2026-04-28T02:18:42+00:00","og_image":[{"width":416,"height":416,"url":"https:\/\/plakci.nl\/wp-content\/uploads\/2024\/05\/14557-416x416-1.jpg","type":"image\/jpeg"}],"twitter_card":"summary_large_image","twitter_misc":{"Tahmini okuma s\u00fcresi":"1 dakika"},"schema":{"@context":"https:\/\/schema.org","@graph":[{"@type":"WebPage","@id":"https:\/\/plakci.nl\/product\/selda-bagcan-selda-cd\/","url":"https:\/\/plakci.nl\/product\/selda-bagcan-selda-cd\/","name":"Selda Ba\u011fcan - Selda - Plakci.nl","isPartOf":{"@id":"https:\/\/plakci.nl\/#website"},"primaryImageOfPage":{"@id":"https:\/\/plakci.nl\/product\/selda-bagcan-selda-cd\/#primaryimage"},"image":{"@id":"https:\/\/plakci.nl\/product\/selda-bagcan-selda-cd\/#primaryimage"},"thumbnailUrl":"https:\/\/plakci.nl\/wp-content\/uploads\/2024\/05\/14557-416x416-1.jpg","datePublished":"2024-05-12T11:34:03+00:00","dateModified":"2026-04-28T02:18:42+00:00","breadcrumb":{"@id":"https:\/\/plakci.nl\/product\/selda-bagcan-selda-cd\/#breadcrumb"},"inLanguage":"tr","potentialAction":[{"@type":"ReadAction","target":["https:\/\/plakci.nl\/product\/selda-bagcan-selda-cd\/"]}]},{"@type":"ImageObject","inLanguage":"tr","@id":"https:\/\/plakci.nl\/product\/selda-bagcan-selda-cd\/#primaryimage","url":"https:\/\/plakci.nl\/wp-content\/uploads\/2024\/05\/14557-416x416-1.jpg","contentUrl":"https:\/\/plakci.nl\/wp-content\/uploads\/2024\/05\/14557-416x416-1.jpg","width":416,"height":416},{"@type":"BreadcrumbList","@id":"https:\/\/plakci.nl\/product\/selda-bagcan-selda-cd\/#breadcrumb","itemListElement":[{"@type":"ListItem","position":1,"name":"Home","item":"https:\/\/plakci.nl\/"},{"@type":"ListItem","position":2,"name":"Producten","item":"https:\/\/plakci.nl\/producten\/"},{"@type":"ListItem","position":3,"name":"[CD] Selda Ba\u011fcan &#8211; Selda"}]},{"@type":"WebSite","@id":"https:\/\/plakci.nl\/#website","url":"https:\/\/plakci.nl\/","name":"Plakci.nl","description":"T\u00fcrk\u00e7e Plak ve CD","publisher":{"@id":"https:\/\/plakci.nl\/#organization"},"potentialAction":[{"@type":"SearchAction","target":{"@type":"EntryPoint","urlTemplate":"https:\/\/plakci.nl\/?s={search_term_string}"},"query-input":{"@type":"PropertyValueSpecification","valueRequired":true,"valueName":"search_term_string"}}],"inLanguage":"tr"},{"@type":"Organization","@id":"https:\/\/plakci.nl\/#organization","name":"Plakci","url":"https:\/\/plakci.nl\/","logo":{"@type":"ImageObject","inLanguage":"tr","@id":"https:\/\/plakci.nl\/#\/schema\/logo\/image\/","url":"https:\/\/plakci.nl\/wp-content\/uploads\/2021\/08\/Logo_Plakci_transparent-1.png","contentUrl":"https:\/\/plakci.nl\/wp-content\/uploads\/2021\/08\/Logo_Plakci_transparent-1.png","width":89,"height":70,"caption":"Plakci"},"image":{"@id":"https:\/\/plakci.nl\/#\/schema\/logo\/image\/"},"sameAs":["https:\/\/www.facebook.com\/Plakci.nl","https:\/\/www.instagram.com\/plakci.nl\/","https:\/\/www.tiktok.com\/@plakci.nl"]}]}},"_links":{"self":[{"href":"https:\/\/plakci.nl\/tr\/wp-json\/wp\/v2\/product\/6514","targetHints":{"allow":["GET"]}}],"collection":[{"href":"https:\/\/plakci.nl\/tr\/wp-json\/wp\/v2\/product"}],"about":[{"href":"https:\/\/plakci.nl\/tr\/wp-json\/wp\/v2\/types\/product"}],"wp:featuredmedia":[{"embeddable":true,"href":"https:\/\/plakci.nl\/tr\/wp-json\/wp\/v2\/media\/6515"}],"wp:attachment":[{"href":"https:\/\/plakci.nl\/tr\/wp-json\/wp\/v2\/media?parent=6514"}],"wp:term":[{"taxonomy":"product_brand","embeddable":true,"href":"https:\/\/plakci.nl\/tr\/wp-json\/wp\/v2\/product_brand?post=6514"},{"taxonomy":"product_cat","embeddable":true,"href":"https:\/\/plakci.nl\/tr\/wp-json\/wp\/v2\/product_cat?post=6514"},{"taxonomy":"product_tag","embeddable":true,"href":"https:\/\/plakci.nl\/tr\/wp-json\/wp\/v2\/product_tag?post=6514"},{"taxonomy":"giftcard-category","embeddable":true,"href":"https:\/\/plakci.nl\/tr\/wp-json\/wp\/v2\/giftcard-category?post=6514"}],"curies":[{"name":"wp","href":"https:\/\/api.w.org\/{rel}","templated":true}]}}