{"id":6552,"date":"2024-05-13T12:40:56","date_gmt":"2024-05-13T10:40:56","guid":{"rendered":"https:\/\/plakci.nl\/?post_type=product&#038;p=6552"},"modified":"2024-05-13T12:40:56","modified_gmt":"2024-05-13T10:40:56","slug":"gulden-karabocek-bir-mucize-allahim-lp","status":"publish","type":"product","link":"https:\/\/plakci.nl\/tr\/product\/gulden-karabocek-bir-mucize-allahim-lp\/","title":{"rendered":"[LP] G\u00fclden Karab\u00f6cek &#8211; Bir Mucize Allah&#8217;\u0131m"},"content":{"rendered":"<p><span style=\"font-family: Tahoma;\">A\u00a0<\/span><\/p>\n<p><span style=\"font-family: Tahoma;\">1. Bir Mucize Allah\u0131m<br \/>\n2. Kaderim<br \/>\n3. Dayanamam<br \/>\n4. Ruhumdaki F\u0131rt\u0131na<br \/>\n5. Neden Susuyorsun<\/span><\/p>\n<p><span style=\"font-family: Tahoma;\">B\u00a0<\/span><\/p>\n<p><span style=\"font-family: Tahoma;\">1. Vefas\u0131z<br \/>\n2. Su\u00e7um Var M\u0131<br \/>\n3. Hakk\u0131m De\u011fil Mi<br \/>\n4. Bana Sorun<br \/>\n5. Ben Miyim<\/span><\/p>\n<p><iframe loading=\"lazy\" style=\"border-radius: 12px;\" src=\"https:\/\/open.spotify.com\/embed\/album\/7BEnej8W0IvlbiN5holTM3?utm_source=generator\" width=\"100%\" height=\"352\" frameborder=\"0\" allowfullscreen=\"allowfullscreen\"><\/iframe><\/p>\n","protected":false},"excerpt":{"rendered":"<p>\u2714\ufe0f <span class=\"icon-text\">Saat 23:59 dan \u00f6nce verilen sipari\u015fler, ertesi \u00e7al\u0131\u015fma g\u00fcn\u00fc kargoya verilir<br \/>\n<\/span>\u2714\ufe0f\u00a0Klarna ile daha sonra \u00f6deme yap\u0131n<br \/>\n\u2714\ufe0f Rotterdam\u2019dan teslim al\u0131n (Randevu ile)<br \/>\n\u2714\ufe0f \u20ac100,00 \u00fczerindeki sipari\u015fler \u00fccretsiz g\u00f6nderilir<br \/>\n\u2714\ufe0f Track &amp; Trace ile kargonu takip et<\/p>\n[wpcfb]\n","protected":false},"featured_media":6555,"template":"","meta":{"_joinchat":[]},"product_brand":[],"product_cat":[653,72,592],"product_tag":[751],"giftcard-category":[],"class_list":{"0":"post-6552","1":"product","2":"type-product","3":"status-publish","4":"has-post-thumbnail","6":"product_cat-arabesk","7":"product_cat-gulden-karabocek","8":"product_cat-lps","9":"product_tag-ajs","11":"first","12":"instock","13":"taxable","14":"shipping-taxable","15":"purchasable","16":"product-type-simple","17":"add-to-wishlist-before_image"},"supplier_id":null,"supplier_sku":"","barcode":null,"atum_controlled":true,"out_stock_date":null,"out_stock_threshold":null,"inheritable":false,"inbound_stock":0,"stock_on_hold":0,"sold_today":0,"sales_last_days":0,"reserved_stock":0,"customer_returns":0,"warehouse_damage":0,"lost_in_post":0,"other_logs":0,"out_stock_days":0,"lost_sales":0,"has_location":false,"update_date":"2026-05-05T00:10:06","atum_locations":[],"atum_stock_status":"instock","restock_status":false,"low_stock_amount":"","sales_update_date":"2026-05-05T00:10:06","calc_backorders":null,"yoast_head":"<!-- This site is optimized with the Yoast SEO plugin v27.5 - https:\/\/yoast.com\/product\/yoast-seo-wordpress\/ -->\n<title>G\u00fclden Karab\u00f6cek - Bir Mucize Allah&#039;\u0131m - Plakci.nl<\/title>\n<meta name=\"robots\" content=\"index, follow, max-snippet:-1, max-image-preview:large, max-video-preview:-1\" \/>\n<link rel=\"canonical\" href=\"https:\/\/plakci.nl\/tr\/product\/gulden-karabocek-bir-mucize-allahim-lp\/\" \/>\n<meta property=\"og:locale\" content=\"tr_TR\" \/>\n<meta property=\"og:type\" content=\"article\" \/>\n<meta property=\"og:title\" content=\"G\u00fclden Karab\u00f6cek - Bir Mucize Allah&#039;\u0131m - Plakci.nl\" \/>\n<meta property=\"og:description\" content=\"\u2714\ufe0f Saat 23:59 dan \u00f6nce verilen sipari\u015fler, ertesi \u00e7al\u0131\u015fma g\u00fcn\u00fc kargoya verilir \u2714\ufe0f\u00a0Klarna ile daha sonra \u00f6deme yap\u0131n \u2714\ufe0f Rotterdam\u2019dan teslim al\u0131n (Randevu ile) \u2714\ufe0f \u20ac100,00 \u00fczerindeki sipari\u015fler \u00fccretsiz g\u00f6nderilir \u2714\ufe0f Track &amp; Trace ile kargonu takip et\" \/>\n<meta property=\"og:url\" content=\"https:\/\/plakci.nl\/tr\/product\/gulden-karabocek-bir-mucize-allahim-lp\/\" \/>\n<meta property=\"og:site_name\" content=\"Plakci.nl\" \/>\n<meta property=\"article:publisher\" content=\"https:\/\/www.facebook.com\/Plakci.nl\" \/>\n<meta property=\"og:image\" content=\"https:\/\/plakci.nl\/wp-content\/uploads\/2024\/05\/gulden-karabocek-bir-mucize-allahim-ko-b-85af.jpg\" \/>\n\t<meta property=\"og:image:width\" content=\"1500\" \/>\n\t<meta property=\"og:image:height\" content=\"1500\" \/>\n\t<meta property=\"og:image:type\" content=\"image\/jpeg\" \/>\n<meta name=\"twitter:card\" content=\"summary_large_image\" \/>\n<meta name=\"twitter:label1\" content=\"Tahmini okuma s\u00fcresi\" \/>\n\t<meta name=\"twitter:data1\" content=\"1 dakika\" \/>\n<script type=\"application\/ld+json\" class=\"yoast-schema-graph\">{\"@context\":\"https:\\\/\\\/schema.org\",\"@graph\":[{\"@type\":\"WebPage\",\"@id\":\"https:\\\/\\\/plakci.nl\\\/tr\\\/product\\\/gulden-karabocek-bir-mucize-allahim-lp\\\/\",\"url\":\"https:\\\/\\\/plakci.nl\\\/tr\\\/product\\\/gulden-karabocek-bir-mucize-allahim-lp\\\/\",\"name\":\"G\u00fclden Karab\u00f6cek - Bir Mucize Allah'\u0131m - Plakci.nl\",\"isPartOf\":{\"@id\":\"https:\\\/\\\/plakci.nl\\\/#website\"},\"primaryImageOfPage\":{\"@id\":\"https:\\\/\\\/plakci.nl\\\/tr\\\/product\\\/gulden-karabocek-bir-mucize-allahim-lp\\\/#primaryimage\"},\"image\":{\"@id\":\"https:\\\/\\\/plakci.nl\\\/tr\\\/product\\\/gulden-karabocek-bir-mucize-allahim-lp\\\/#primaryimage\"},\"thumbnailUrl\":\"https:\\\/\\\/plakci.nl\\\/wp-content\\\/uploads\\\/2024\\\/05\\\/gulden-karabocek-bir-mucize-allahim-ko-b-85af.jpg\",\"datePublished\":\"2024-05-13T10:40:56+00:00\",\"breadcrumb\":{\"@id\":\"https:\\\/\\\/plakci.nl\\\/tr\\\/product\\\/gulden-karabocek-bir-mucize-allahim-lp\\\/#breadcrumb\"},\"inLanguage\":\"tr\",\"potentialAction\":[{\"@type\":\"ReadAction\",\"target\":[\"https:\\\/\\\/plakci.nl\\\/tr\\\/product\\\/gulden-karabocek-bir-mucize-allahim-lp\\\/\"]}]},{\"@type\":\"ImageObject\",\"inLanguage\":\"tr\",\"@id\":\"https:\\\/\\\/plakci.nl\\\/tr\\\/product\\\/gulden-karabocek-bir-mucize-allahim-lp\\\/#primaryimage\",\"url\":\"https:\\\/\\\/plakci.nl\\\/wp-content\\\/uploads\\\/2024\\\/05\\\/gulden-karabocek-bir-mucize-allahim-ko-b-85af.jpg\",\"contentUrl\":\"https:\\\/\\\/plakci.nl\\\/wp-content\\\/uploads\\\/2024\\\/05\\\/gulden-karabocek-bir-mucize-allahim-ko-b-85af.jpg\",\"width\":1500,\"height\":1500},{\"@type\":\"BreadcrumbList\",\"@id\":\"https:\\\/\\\/plakci.nl\\\/tr\\\/product\\\/gulden-karabocek-bir-mucize-allahim-lp\\\/#breadcrumb\",\"itemListElement\":[{\"@type\":\"ListItem\",\"position\":1,\"name\":\"Home\",\"item\":\"https:\\\/\\\/plakci.nl\\\/\"},{\"@type\":\"ListItem\",\"position\":2,\"name\":\"Producten\",\"item\":\"https:\\\/\\\/plakci.nl\\\/producten\\\/\"},{\"@type\":\"ListItem\",\"position\":3,\"name\":\"[LP] G\u00fclden Karab\u00f6cek &#8211; Bir Mucize Allah&#8217;\u0131m\"}]},{\"@type\":\"WebSite\",\"@id\":\"https:\\\/\\\/plakci.nl\\\/#website\",\"url\":\"https:\\\/\\\/plakci.nl\\\/\",\"name\":\"Plakci.nl\",\"description\":\"T\u00fcrk\u00e7e Plak ve CD\",\"publisher\":{\"@id\":\"https:\\\/\\\/plakci.nl\\\/#organization\"},\"potentialAction\":[{\"@type\":\"SearchAction\",\"target\":{\"@type\":\"EntryPoint\",\"urlTemplate\":\"https:\\\/\\\/plakci.nl\\\/?s={search_term_string}\"},\"query-input\":{\"@type\":\"PropertyValueSpecification\",\"valueRequired\":true,\"valueName\":\"search_term_string\"}}],\"inLanguage\":\"tr\"},{\"@type\":\"Organization\",\"@id\":\"https:\\\/\\\/plakci.nl\\\/#organization\",\"name\":\"Plakci\",\"url\":\"https:\\\/\\\/plakci.nl\\\/\",\"logo\":{\"@type\":\"ImageObject\",\"inLanguage\":\"tr\",\"@id\":\"https:\\\/\\\/plakci.nl\\\/#\\\/schema\\\/logo\\\/image\\\/\",\"url\":\"https:\\\/\\\/plakci.nl\\\/wp-content\\\/uploads\\\/2021\\\/08\\\/Logo_Plakci_transparent-1.png\",\"contentUrl\":\"https:\\\/\\\/plakci.nl\\\/wp-content\\\/uploads\\\/2021\\\/08\\\/Logo_Plakci_transparent-1.png\",\"width\":89,\"height\":70,\"caption\":\"Plakci\"},\"image\":{\"@id\":\"https:\\\/\\\/plakci.nl\\\/#\\\/schema\\\/logo\\\/image\\\/\"},\"sameAs\":[\"https:\\\/\\\/www.facebook.com\\\/Plakci.nl\",\"https:\\\/\\\/www.instagram.com\\\/plakci.nl\\\/\",\"https:\\\/\\\/www.tiktok.com\\\/@plakci.nl\"]}]}<\/script>\n<!-- \/ Yoast SEO plugin. -->","yoast_head_json":{"title":"G\u00fclden Karab\u00f6cek - Bir Mucize Allah'\u0131m - Plakci.nl","robots":{"index":"index","follow":"follow","max-snippet":"max-snippet:-1","max-image-preview":"max-image-preview:large","max-video-preview":"max-video-preview:-1"},"canonical":"https:\/\/plakci.nl\/tr\/product\/gulden-karabocek-bir-mucize-allahim-lp\/","og_locale":"tr_TR","og_type":"article","og_title":"G\u00fclden Karab\u00f6cek - Bir Mucize Allah'\u0131m - Plakci.nl","og_description":"\u2714\ufe0f Saat 23:59 dan \u00f6nce verilen sipari\u015fler, ertesi \u00e7al\u0131\u015fma g\u00fcn\u00fc kargoya verilir \u2714\ufe0f\u00a0Klarna ile daha sonra \u00f6deme yap\u0131n \u2714\ufe0f Rotterdam\u2019dan teslim al\u0131n (Randevu ile) \u2714\ufe0f \u20ac100,00 \u00fczerindeki sipari\u015fler \u00fccretsiz g\u00f6nderilir \u2714\ufe0f Track &amp; Trace ile kargonu takip et","og_url":"https:\/\/plakci.nl\/tr\/product\/gulden-karabocek-bir-mucize-allahim-lp\/","og_site_name":"Plakci.nl","article_publisher":"https:\/\/www.facebook.com\/Plakci.nl","og_image":[{"width":1500,"height":1500,"url":"https:\/\/plakci.nl\/wp-content\/uploads\/2024\/05\/gulden-karabocek-bir-mucize-allahim-ko-b-85af.jpg","type":"image\/jpeg"}],"twitter_card":"summary_large_image","twitter_misc":{"Tahmini okuma s\u00fcresi":"1 dakika"},"schema":{"@context":"https:\/\/schema.org","@graph":[{"@type":"WebPage","@id":"https:\/\/plakci.nl\/tr\/product\/gulden-karabocek-bir-mucize-allahim-lp\/","url":"https:\/\/plakci.nl\/tr\/product\/gulden-karabocek-bir-mucize-allahim-lp\/","name":"G\u00fclden Karab\u00f6cek - Bir Mucize Allah'\u0131m - Plakci.nl","isPartOf":{"@id":"https:\/\/plakci.nl\/#website"},"primaryImageOfPage":{"@id":"https:\/\/plakci.nl\/tr\/product\/gulden-karabocek-bir-mucize-allahim-lp\/#primaryimage"},"image":{"@id":"https:\/\/plakci.nl\/tr\/product\/gulden-karabocek-bir-mucize-allahim-lp\/#primaryimage"},"thumbnailUrl":"https:\/\/plakci.nl\/wp-content\/uploads\/2024\/05\/gulden-karabocek-bir-mucize-allahim-ko-b-85af.jpg","datePublished":"2024-05-13T10:40:56+00:00","breadcrumb":{"@id":"https:\/\/plakci.nl\/tr\/product\/gulden-karabocek-bir-mucize-allahim-lp\/#breadcrumb"},"inLanguage":"tr","potentialAction":[{"@type":"ReadAction","target":["https:\/\/plakci.nl\/tr\/product\/gulden-karabocek-bir-mucize-allahim-lp\/"]}]},{"@type":"ImageObject","inLanguage":"tr","@id":"https:\/\/plakci.nl\/tr\/product\/gulden-karabocek-bir-mucize-allahim-lp\/#primaryimage","url":"https:\/\/plakci.nl\/wp-content\/uploads\/2024\/05\/gulden-karabocek-bir-mucize-allahim-ko-b-85af.jpg","contentUrl":"https:\/\/plakci.nl\/wp-content\/uploads\/2024\/05\/gulden-karabocek-bir-mucize-allahim-ko-b-85af.jpg","width":1500,"height":1500},{"@type":"BreadcrumbList","@id":"https:\/\/plakci.nl\/tr\/product\/gulden-karabocek-bir-mucize-allahim-lp\/#breadcrumb","itemListElement":[{"@type":"ListItem","position":1,"name":"Home","item":"https:\/\/plakci.nl\/"},{"@type":"ListItem","position":2,"name":"Producten","item":"https:\/\/plakci.nl\/producten\/"},{"@type":"ListItem","position":3,"name":"[LP] G\u00fclden Karab\u00f6cek &#8211; Bir Mucize Allah&#8217;\u0131m"}]},{"@type":"WebSite","@id":"https:\/\/plakci.nl\/#website","url":"https:\/\/plakci.nl\/","name":"Plakci.nl","description":"T\u00fcrk\u00e7e Plak ve CD","publisher":{"@id":"https:\/\/plakci.nl\/#organization"},"potentialAction":[{"@type":"SearchAction","target":{"@type":"EntryPoint","urlTemplate":"https:\/\/plakci.nl\/?s={search_term_string}"},"query-input":{"@type":"PropertyValueSpecification","valueRequired":true,"valueName":"search_term_string"}}],"inLanguage":"tr"},{"@type":"Organization","@id":"https:\/\/plakci.nl\/#organization","name":"Plakci","url":"https:\/\/plakci.nl\/","logo":{"@type":"ImageObject","inLanguage":"tr","@id":"https:\/\/plakci.nl\/#\/schema\/logo\/image\/","url":"https:\/\/plakci.nl\/wp-content\/uploads\/2021\/08\/Logo_Plakci_transparent-1.png","contentUrl":"https:\/\/plakci.nl\/wp-content\/uploads\/2021\/08\/Logo_Plakci_transparent-1.png","width":89,"height":70,"caption":"Plakci"},"image":{"@id":"https:\/\/plakci.nl\/#\/schema\/logo\/image\/"},"sameAs":["https:\/\/www.facebook.com\/Plakci.nl","https:\/\/www.instagram.com\/plakci.nl\/","https:\/\/www.tiktok.com\/@plakci.nl"]}]}},"_links":{"self":[{"href":"https:\/\/plakci.nl\/tr\/wp-json\/wp\/v2\/product\/6552","targetHints":{"allow":["GET"]}}],"collection":[{"href":"https:\/\/plakci.nl\/tr\/wp-json\/wp\/v2\/product"}],"about":[{"href":"https:\/\/plakci.nl\/tr\/wp-json\/wp\/v2\/types\/product"}],"wp:featuredmedia":[{"embeddable":true,"href":"https:\/\/plakci.nl\/tr\/wp-json\/wp\/v2\/media\/6555"}],"wp:attachment":[{"href":"https:\/\/plakci.nl\/tr\/wp-json\/wp\/v2\/media?parent=6552"}],"wp:term":[{"taxonomy":"product_brand","embeddable":true,"href":"https:\/\/plakci.nl\/tr\/wp-json\/wp\/v2\/product_brand?post=6552"},{"taxonomy":"product_cat","embeddable":true,"href":"https:\/\/plakci.nl\/tr\/wp-json\/wp\/v2\/product_cat?post=6552"},{"taxonomy":"product_tag","embeddable":true,"href":"https:\/\/plakci.nl\/tr\/wp-json\/wp\/v2\/product_tag?post=6552"},{"taxonomy":"giftcard-category","embeddable":true,"href":"https:\/\/plakci.nl\/tr\/wp-json\/wp\/v2\/giftcard-category?post=6552"}],"curies":[{"name":"wp","href":"https:\/\/api.w.org\/{rel}","templated":true}]}}