{"id":6987,"date":"2024-08-08T19:02:16","date_gmt":"2024-08-08T17:02:16","guid":{"rendered":"https:\/\/plakci.nl\/?post_type=product&#038;p=6987"},"modified":"2026-03-24T19:47:03","modified_gmt":"2026-03-24T17:47:03","slug":"ibrahim-tatlises-benim-hayatim-cd","status":"publish","type":"product","link":"https:\/\/plakci.nl\/tr\/product\/ibrahim-tatlises-benim-hayatim-cd\/","title":{"rendered":"[CD] \u0130brahim Tatl\u0131ses &#8211; Benim Hayat\u0131m"},"content":{"rendered":"<ol>\n<li>Benim Hayat\u0131m<br \/>\nS\u00f6z: \u015eakir Askan\u00a0\u00a0\u00a0\u00a0 M\u00fczik: Burhan Bayar<\/li>\n<li>Yorgunum<br \/>\nS\u00f6z:\u00a0Hamza Dekeli\u00a0\u00a0\u00a0\u00a0 M\u00fczik:\u00a0U\u011fur Bayar<\/li>\n<li>Ay\u015fem<br \/>\nS\u00f6z &amp; M\u00fczik: Burhan Bayar<\/li>\n<li>Sevdaland\u0131m<br \/>\nS\u00f6z: \u015eakir Askan\u00a0\u00a0\u00a0\u00a0 M\u00fczik: Burhan Bayar<\/li>\n<li>Her Sevgide Bin Ah Ettim<br \/>\nS\u00f6z:\u00a0Ali Tekint\u00fcre\u00a0\u00a0\u00a0\u00a0 M\u00fczik:\u00a0Yavuz Taner<\/li>\n<li>Derdimi Kimlere Desem<br \/>\nS\u00f6z &amp; M\u00fczik: Sami Hazinses<\/li>\n<li>Dom Dom Kur\u015funu<br \/>\nS\u00f6z &amp; M\u00fczik: A\u015f\u0131k Mahsuni \u015eerif<\/li>\n<li>Yarda Var<br \/>\nS\u00f6z &amp; M\u00fczik: Anonim<\/li>\n<li>Ben Yetim<br \/>\nS\u00f6z:\u00a0Anonim\u00a0\u00a0\u00a0\u00a0 M\u00fczik: Burhan Bayar<\/li>\n<li>A\u011fam A\u011fam<br \/>\nS\u00f6z &amp; M\u00fczik: Abdurrahman K\u0131z\u0131lay<\/li>\n<li>Kara \u00dcz\u00fcm Habbesi<br \/>\nS\u00f6z &amp; M\u00fczik: Mehmet Durak \u015eerbet\u00e7i<\/li>\n<li>Tosuno<br \/>\nS\u00f6z &amp; M\u00fczik: Ahmet Cemil Cankat<\/li>\n<li>Alt\u0131n Tabakta Bal Var<br \/>\nS\u00f6z &amp; M\u00fczik: Anonim<\/li>\n<\/ol>\n","protected":false},"excerpt":{"rendered":"<p>\u2714\ufe0f <span class=\"icon-text\">Saat 23:59 dan \u00f6nce verilen sipari\u015fler, ertesi \u00e7al\u0131\u015fma g\u00fcn\u00fc kargoya verilir<br \/>\n<\/span>\u2714\ufe0f\u00a0Klarna ile daha sonra \u00f6deme yap\u0131n<br \/>\n\u2714\ufe0f Rotterdam\u2019dan teslim al\u0131n (Randevu ile)<br \/>\n\u2714\ufe0f \u20ac100,00 \u00fczerindeki sipari\u015fler \u00fccretsiz g\u00f6nderilir<br \/>\n\u2714\ufe0f Track &amp; Trace ile kargonu takip et<\/p>\n[wpcfb]\n","protected":false},"featured_media":6989,"template":"","meta":{"_joinchat":[]},"product_brand":[],"product_cat":[653,500,109],"product_tag":[752],"giftcard-category":[],"class_list":{"0":"post-6987","1":"product","2":"type-product","3":"status-publish","4":"has-post-thumbnail","6":"product_cat-arabesk","7":"product_cat-cds","8":"product_cat-ibrahim-tatlises","9":"product_tag-sembol","10":"product_shipping_class-bb-pakket","12":"first","13":"instock","14":"taxable","15":"shipping-taxable","16":"purchasable","17":"product-type-simple","18":"add-to-wishlist-before_image"},"supplier_id":null,"supplier_sku":"","barcode":null,"atum_controlled":true,"out_stock_date":null,"out_stock_threshold":null,"inheritable":false,"inbound_stock":null,"stock_on_hold":0,"sold_today":0,"sales_last_days":0,"reserved_stock":null,"customer_returns":null,"warehouse_damage":null,"lost_in_post":null,"other_logs":null,"out_stock_days":0,"lost_sales":0,"has_location":false,"update_date":"2026-05-05T00:10:08","atum_locations":[],"atum_stock_status":"instock","restock_status":false,"low_stock_amount":"","sales_update_date":"2026-05-05T00:10:08","calc_backorders":null,"yoast_head":"<!-- This site is optimized with the Yoast SEO plugin v27.5 - https:\/\/yoast.com\/product\/yoast-seo-wordpress\/ -->\n<title>\u0130brahim Tatl\u0131ses - Benim Hayat\u0131m - Plakci.nl<\/title>\n<meta name=\"robots\" content=\"index, follow, max-snippet:-1, max-image-preview:large, max-video-preview:-1\" \/>\n<link rel=\"canonical\" href=\"https:\/\/plakci.nl\/tr\/product\/ibrahim-tatlises-benim-hayatim-cd\/\" \/>\n<meta property=\"og:locale\" content=\"tr_TR\" \/>\n<meta property=\"og:type\" content=\"article\" \/>\n<meta property=\"og:title\" content=\"\u0130brahim Tatl\u0131ses - Benim Hayat\u0131m - Plakci.nl\" \/>\n<meta property=\"og:description\" content=\"\u2714\ufe0f Saat 23:59 dan \u00f6nce verilen sipari\u015fler, ertesi \u00e7al\u0131\u015fma g\u00fcn\u00fc kargoya verilir \u2714\ufe0f\u00a0Klarna ile daha sonra \u00f6deme yap\u0131n \u2714\ufe0f Rotterdam\u2019dan teslim al\u0131n (Randevu ile) \u2714\ufe0f \u20ac100,00 \u00fczerindeki sipari\u015fler \u00fccretsiz g\u00f6nderilir \u2714\ufe0f Track &amp; Trace ile kargonu takip et\" \/>\n<meta property=\"og:url\" content=\"https:\/\/plakci.nl\/product\/ibrahim-tatlises-benim-hayatim-cd\/\" \/>\n<meta property=\"og:site_name\" content=\"Plakci.nl\" \/>\n<meta property=\"article:publisher\" content=\"https:\/\/www.facebook.com\/Plakci.nl\" \/>\n<meta property=\"article:modified_time\" content=\"2026-03-24T17:47:03+00:00\" \/>\n<meta property=\"og:image\" content=\"https:\/\/plakci.nl\/wp-content\/uploads\/2024\/08\/ibrahim-tatlises-benim-hayatim-cd-arab-4702-b.jpg\" \/>\n\t<meta property=\"og:image:width\" content=\"1200\" \/>\n\t<meta property=\"og:image:height\" content=\"1200\" \/>\n\t<meta property=\"og:image:type\" content=\"image\/jpeg\" \/>\n<meta name=\"twitter:card\" content=\"summary_large_image\" \/>\n<meta name=\"twitter:label1\" content=\"Tahmini okuma s\u00fcresi\" \/>\n\t<meta name=\"twitter:data1\" content=\"1 dakika\" \/>\n<script type=\"application\/ld+json\" class=\"yoast-schema-graph\">{\"@context\":\"https:\\\/\\\/schema.org\",\"@graph\":[{\"@type\":\"WebPage\",\"@id\":\"https:\\\/\\\/plakci.nl\\\/product\\\/ibrahim-tatlises-benim-hayatim-cd\\\/\",\"url\":\"https:\\\/\\\/plakci.nl\\\/product\\\/ibrahim-tatlises-benim-hayatim-cd\\\/\",\"name\":\"\u0130brahim Tatl\u0131ses - Benim Hayat\u0131m - Plakci.nl\",\"isPartOf\":{\"@id\":\"https:\\\/\\\/plakci.nl\\\/#website\"},\"primaryImageOfPage\":{\"@id\":\"https:\\\/\\\/plakci.nl\\\/product\\\/ibrahim-tatlises-benim-hayatim-cd\\\/#primaryimage\"},\"image\":{\"@id\":\"https:\\\/\\\/plakci.nl\\\/product\\\/ibrahim-tatlises-benim-hayatim-cd\\\/#primaryimage\"},\"thumbnailUrl\":\"https:\\\/\\\/plakci.nl\\\/wp-content\\\/uploads\\\/2024\\\/08\\\/ibrahim-tatlises-benim-hayatim-cd-arab-4702-b.jpg\",\"datePublished\":\"2024-08-08T17:02:16+00:00\",\"dateModified\":\"2026-03-24T17:47:03+00:00\",\"breadcrumb\":{\"@id\":\"https:\\\/\\\/plakci.nl\\\/product\\\/ibrahim-tatlises-benim-hayatim-cd\\\/#breadcrumb\"},\"inLanguage\":\"tr\",\"potentialAction\":[{\"@type\":\"ReadAction\",\"target\":[\"https:\\\/\\\/plakci.nl\\\/product\\\/ibrahim-tatlises-benim-hayatim-cd\\\/\"]}]},{\"@type\":\"ImageObject\",\"inLanguage\":\"tr\",\"@id\":\"https:\\\/\\\/plakci.nl\\\/product\\\/ibrahim-tatlises-benim-hayatim-cd\\\/#primaryimage\",\"url\":\"https:\\\/\\\/plakci.nl\\\/wp-content\\\/uploads\\\/2024\\\/08\\\/ibrahim-tatlises-benim-hayatim-cd-arab-4702-b.jpg\",\"contentUrl\":\"https:\\\/\\\/plakci.nl\\\/wp-content\\\/uploads\\\/2024\\\/08\\\/ibrahim-tatlises-benim-hayatim-cd-arab-4702-b.jpg\",\"width\":1200,\"height\":1200},{\"@type\":\"BreadcrumbList\",\"@id\":\"https:\\\/\\\/plakci.nl\\\/product\\\/ibrahim-tatlises-benim-hayatim-cd\\\/#breadcrumb\",\"itemListElement\":[{\"@type\":\"ListItem\",\"position\":1,\"name\":\"Home\",\"item\":\"https:\\\/\\\/plakci.nl\\\/\"},{\"@type\":\"ListItem\",\"position\":2,\"name\":\"Producten\",\"item\":\"https:\\\/\\\/plakci.nl\\\/producten\\\/\"},{\"@type\":\"ListItem\",\"position\":3,\"name\":\"[CD] \u0130brahim Tatl\u0131ses &#8211; Benim Hayat\u0131m\"}]},{\"@type\":\"WebSite\",\"@id\":\"https:\\\/\\\/plakci.nl\\\/#website\",\"url\":\"https:\\\/\\\/plakci.nl\\\/\",\"name\":\"Plakci.nl\",\"description\":\"T\u00fcrk\u00e7e Plak ve CD\",\"publisher\":{\"@id\":\"https:\\\/\\\/plakci.nl\\\/#organization\"},\"potentialAction\":[{\"@type\":\"SearchAction\",\"target\":{\"@type\":\"EntryPoint\",\"urlTemplate\":\"https:\\\/\\\/plakci.nl\\\/?s={search_term_string}\"},\"query-input\":{\"@type\":\"PropertyValueSpecification\",\"valueRequired\":true,\"valueName\":\"search_term_string\"}}],\"inLanguage\":\"tr\"},{\"@type\":\"Organization\",\"@id\":\"https:\\\/\\\/plakci.nl\\\/#organization\",\"name\":\"Plakci\",\"url\":\"https:\\\/\\\/plakci.nl\\\/\",\"logo\":{\"@type\":\"ImageObject\",\"inLanguage\":\"tr\",\"@id\":\"https:\\\/\\\/plakci.nl\\\/#\\\/schema\\\/logo\\\/image\\\/\",\"url\":\"https:\\\/\\\/plakci.nl\\\/wp-content\\\/uploads\\\/2021\\\/08\\\/Logo_Plakci_transparent-1.png\",\"contentUrl\":\"https:\\\/\\\/plakci.nl\\\/wp-content\\\/uploads\\\/2021\\\/08\\\/Logo_Plakci_transparent-1.png\",\"width\":89,\"height\":70,\"caption\":\"Plakci\"},\"image\":{\"@id\":\"https:\\\/\\\/plakci.nl\\\/#\\\/schema\\\/logo\\\/image\\\/\"},\"sameAs\":[\"https:\\\/\\\/www.facebook.com\\\/Plakci.nl\",\"https:\\\/\\\/www.instagram.com\\\/plakci.nl\\\/\",\"https:\\\/\\\/www.tiktok.com\\\/@plakci.nl\"]}]}<\/script>\n<!-- \/ Yoast SEO plugin. -->","yoast_head_json":{"title":"\u0130brahim Tatl\u0131ses - Benim Hayat\u0131m - Plakci.nl","robots":{"index":"index","follow":"follow","max-snippet":"max-snippet:-1","max-image-preview":"max-image-preview:large","max-video-preview":"max-video-preview:-1"},"canonical":"https:\/\/plakci.nl\/tr\/product\/ibrahim-tatlises-benim-hayatim-cd\/","og_locale":"tr_TR","og_type":"article","og_title":"\u0130brahim Tatl\u0131ses - Benim Hayat\u0131m - Plakci.nl","og_description":"\u2714\ufe0f Saat 23:59 dan \u00f6nce verilen sipari\u015fler, ertesi \u00e7al\u0131\u015fma g\u00fcn\u00fc kargoya verilir \u2714\ufe0f\u00a0Klarna ile daha sonra \u00f6deme yap\u0131n \u2714\ufe0f Rotterdam\u2019dan teslim al\u0131n (Randevu ile) \u2714\ufe0f \u20ac100,00 \u00fczerindeki sipari\u015fler \u00fccretsiz g\u00f6nderilir \u2714\ufe0f Track &amp; Trace ile kargonu takip et","og_url":"https:\/\/plakci.nl\/product\/ibrahim-tatlises-benim-hayatim-cd\/","og_site_name":"Plakci.nl","article_publisher":"https:\/\/www.facebook.com\/Plakci.nl","article_modified_time":"2026-03-24T17:47:03+00:00","og_image":[{"width":1200,"height":1200,"url":"https:\/\/plakci.nl\/wp-content\/uploads\/2024\/08\/ibrahim-tatlises-benim-hayatim-cd-arab-4702-b.jpg","type":"image\/jpeg"}],"twitter_card":"summary_large_image","twitter_misc":{"Tahmini okuma s\u00fcresi":"1 dakika"},"schema":{"@context":"https:\/\/schema.org","@graph":[{"@type":"WebPage","@id":"https:\/\/plakci.nl\/product\/ibrahim-tatlises-benim-hayatim-cd\/","url":"https:\/\/plakci.nl\/product\/ibrahim-tatlises-benim-hayatim-cd\/","name":"\u0130brahim Tatl\u0131ses - Benim Hayat\u0131m - Plakci.nl","isPartOf":{"@id":"https:\/\/plakci.nl\/#website"},"primaryImageOfPage":{"@id":"https:\/\/plakci.nl\/product\/ibrahim-tatlises-benim-hayatim-cd\/#primaryimage"},"image":{"@id":"https:\/\/plakci.nl\/product\/ibrahim-tatlises-benim-hayatim-cd\/#primaryimage"},"thumbnailUrl":"https:\/\/plakci.nl\/wp-content\/uploads\/2024\/08\/ibrahim-tatlises-benim-hayatim-cd-arab-4702-b.jpg","datePublished":"2024-08-08T17:02:16+00:00","dateModified":"2026-03-24T17:47:03+00:00","breadcrumb":{"@id":"https:\/\/plakci.nl\/product\/ibrahim-tatlises-benim-hayatim-cd\/#breadcrumb"},"inLanguage":"tr","potentialAction":[{"@type":"ReadAction","target":["https:\/\/plakci.nl\/product\/ibrahim-tatlises-benim-hayatim-cd\/"]}]},{"@type":"ImageObject","inLanguage":"tr","@id":"https:\/\/plakci.nl\/product\/ibrahim-tatlises-benim-hayatim-cd\/#primaryimage","url":"https:\/\/plakci.nl\/wp-content\/uploads\/2024\/08\/ibrahim-tatlises-benim-hayatim-cd-arab-4702-b.jpg","contentUrl":"https:\/\/plakci.nl\/wp-content\/uploads\/2024\/08\/ibrahim-tatlises-benim-hayatim-cd-arab-4702-b.jpg","width":1200,"height":1200},{"@type":"BreadcrumbList","@id":"https:\/\/plakci.nl\/product\/ibrahim-tatlises-benim-hayatim-cd\/#breadcrumb","itemListElement":[{"@type":"ListItem","position":1,"name":"Home","item":"https:\/\/plakci.nl\/"},{"@type":"ListItem","position":2,"name":"Producten","item":"https:\/\/plakci.nl\/producten\/"},{"@type":"ListItem","position":3,"name":"[CD] \u0130brahim Tatl\u0131ses &#8211; Benim Hayat\u0131m"}]},{"@type":"WebSite","@id":"https:\/\/plakci.nl\/#website","url":"https:\/\/plakci.nl\/","name":"Plakci.nl","description":"T\u00fcrk\u00e7e Plak ve CD","publisher":{"@id":"https:\/\/plakci.nl\/#organization"},"potentialAction":[{"@type":"SearchAction","target":{"@type":"EntryPoint","urlTemplate":"https:\/\/plakci.nl\/?s={search_term_string}"},"query-input":{"@type":"PropertyValueSpecification","valueRequired":true,"valueName":"search_term_string"}}],"inLanguage":"tr"},{"@type":"Organization","@id":"https:\/\/plakci.nl\/#organization","name":"Plakci","url":"https:\/\/plakci.nl\/","logo":{"@type":"ImageObject","inLanguage":"tr","@id":"https:\/\/plakci.nl\/#\/schema\/logo\/image\/","url":"https:\/\/plakci.nl\/wp-content\/uploads\/2021\/08\/Logo_Plakci_transparent-1.png","contentUrl":"https:\/\/plakci.nl\/wp-content\/uploads\/2021\/08\/Logo_Plakci_transparent-1.png","width":89,"height":70,"caption":"Plakci"},"image":{"@id":"https:\/\/plakci.nl\/#\/schema\/logo\/image\/"},"sameAs":["https:\/\/www.facebook.com\/Plakci.nl","https:\/\/www.instagram.com\/plakci.nl\/","https:\/\/www.tiktok.com\/@plakci.nl"]}]}},"_links":{"self":[{"href":"https:\/\/plakci.nl\/tr\/wp-json\/wp\/v2\/product\/6987","targetHints":{"allow":["GET"]}}],"collection":[{"href":"https:\/\/plakci.nl\/tr\/wp-json\/wp\/v2\/product"}],"about":[{"href":"https:\/\/plakci.nl\/tr\/wp-json\/wp\/v2\/types\/product"}],"wp:featuredmedia":[{"embeddable":true,"href":"https:\/\/plakci.nl\/tr\/wp-json\/wp\/v2\/media\/6989"}],"wp:attachment":[{"href":"https:\/\/plakci.nl\/tr\/wp-json\/wp\/v2\/media?parent=6987"}],"wp:term":[{"taxonomy":"product_brand","embeddable":true,"href":"https:\/\/plakci.nl\/tr\/wp-json\/wp\/v2\/product_brand?post=6987"},{"taxonomy":"product_cat","embeddable":true,"href":"https:\/\/plakci.nl\/tr\/wp-json\/wp\/v2\/product_cat?post=6987"},{"taxonomy":"product_tag","embeddable":true,"href":"https:\/\/plakci.nl\/tr\/wp-json\/wp\/v2\/product_tag?post=6987"},{"taxonomy":"giftcard-category","embeddable":true,"href":"https:\/\/plakci.nl\/tr\/wp-json\/wp\/v2\/giftcard-category?post=6987"}],"curies":[{"name":"wp","href":"https:\/\/api.w.org\/{rel}","templated":true}]}}