{"id":7010,"date":"2024-08-08T21:13:54","date_gmt":"2024-08-08T19:13:54","guid":{"rendered":"https:\/\/plakci.nl\/?post_type=product&#038;p=7010"},"modified":"2026-02-18T17:38:19","modified_gmt":"2026-02-18T15:38:19","slug":"yavuz-bingol-baharim-sensin-cd","status":"publish","type":"product","link":"https:\/\/plakci.nl\/tr\/product\/yavuz-bingol-baharim-sensin-cd\/","title":{"rendered":"[CD] Yavuz Bing\u00f6l &#8211; Bahar\u0131m Sensin"},"content":{"rendered":"<ol>\n<li>E\u011fin T\u00fcrk\u00fcs\u00fc<\/li>\n<li>A\u011flama Yar<\/li>\n<li>De\u011fmen Benim<\/li>\n<li>Suzan Suzi<\/li>\n<li>Gel Hele<\/li>\n<li>K\u0131z\u0131l\u0131rmak A\u011f\u0131d\u0131<\/li>\n<li>Oy Da\u011flar<\/li>\n<li>Vay Le Le<\/li>\n<li>Neredesin Sen<\/li>\n<li>Bahar\u0131m Sensin<\/li>\n<li>K\u0131rm\u0131z\u0131 G\u00fcl<\/li>\n<li>Da\u011flar<\/li>\n<li>Yar\u0131m S\u00f6z<\/li>\n<\/ol>\n<p><iframe loading=\"lazy\" style=\"border-radius: 12px;\" src=\"https:\/\/open.spotify.com\/embed\/album\/65YNtfLdY1YwLUCGtDdFBv?utm_source=generator\" width=\"100%\" height=\"352\" frameborder=\"0\" allowfullscreen=\"allowfullscreen\"><\/iframe><\/p>\n","protected":false},"excerpt":{"rendered":"<p>\u2714\ufe0f <span class=\"icon-text\">Saat 23:59 dan \u00f6nce verilen sipari\u015fler, ertesi \u00e7al\u0131\u015fma g\u00fcn\u00fc kargoya verilir<br \/>\n<\/span>\u2714\ufe0f\u00a0Klarna ile daha sonra \u00f6deme yap\u0131n<br \/>\n\u2714\ufe0f Rotterdam\u2019dan teslim al\u0131n (Randevu ile)<br \/>\n\u2714\ufe0f \u20ac100,00 \u00fczerindeki sipari\u015fler \u00fccretsiz g\u00f6nderilir<br \/>\n\u2714\ufe0f Track &amp; Trace ile kargonu takip et<\/p>\n[wpcfb]\n","protected":false},"featured_media":7011,"template":"","meta":{"_joinchat":[]},"product_brand":[],"product_cat":[500,667,907],"product_tag":[712],"giftcard-category":[],"class_list":{"0":"post-7010","1":"product","2":"type-product","3":"status-publish","4":"has-post-thumbnail","6":"product_cat-cds","7":"product_cat-turk-halk","8":"product_cat-yavuz-bingol","9":"product_tag-ada","10":"product_shipping_class-bb-pakket","12":"first","13":"instock","14":"taxable","15":"shipping-taxable","16":"purchasable","17":"product-type-simple","18":"add-to-wishlist-before_image"},"supplier_id":null,"supplier_sku":"","barcode":null,"atum_controlled":true,"out_stock_date":null,"out_stock_threshold":null,"inheritable":false,"inbound_stock":null,"stock_on_hold":0,"sold_today":0,"sales_last_days":0,"reserved_stock":null,"customer_returns":null,"warehouse_damage":null,"lost_in_post":null,"other_logs":null,"out_stock_days":0,"lost_sales":0,"has_location":false,"update_date":"2026-04-17T00:21:11","atum_locations":[],"atum_stock_status":"instock","restock_status":false,"low_stock_amount":"","sales_update_date":"2026-04-17T00:21:11","calc_backorders":null,"yoast_head":"<!-- This site is optimized with the Yoast SEO plugin v27.2 - https:\/\/yoast.com\/product\/yoast-seo-wordpress\/ -->\n<title>Yavuz Bing\u00f6l - Bahar\u0131m Sensin - Plakci.nl<\/title>\n<meta name=\"robots\" content=\"index, follow, max-snippet:-1, max-image-preview:large, max-video-preview:-1\" \/>\n<link rel=\"canonical\" href=\"https:\/\/plakci.nl\/tr\/product\/yavuz-bingol-baharim-sensin-cd\/\" \/>\n<meta property=\"og:locale\" content=\"tr_TR\" \/>\n<meta property=\"og:type\" content=\"article\" \/>\n<meta property=\"og:title\" content=\"Yavuz Bing\u00f6l - Bahar\u0131m Sensin - Plakci.nl\" \/>\n<meta property=\"og:description\" content=\"\u2714\ufe0f Saat 23:59 dan \u00f6nce verilen sipari\u015fler, ertesi \u00e7al\u0131\u015fma g\u00fcn\u00fc kargoya verilir \u2714\ufe0f\u00a0Klarna ile daha sonra \u00f6deme yap\u0131n \u2714\ufe0f Rotterdam\u2019dan teslim al\u0131n (Randevu ile) \u2714\ufe0f \u20ac100,00 \u00fczerindeki sipari\u015fler \u00fccretsiz g\u00f6nderilir \u2714\ufe0f Track &amp; Trace ile kargonu takip et\" \/>\n<meta property=\"og:url\" content=\"https:\/\/plakci.nl\/product\/yavuz-bingol-baharim-sensin-cd\/\" \/>\n<meta property=\"og:site_name\" content=\"Plakci.nl\" \/>\n<meta property=\"article:publisher\" content=\"https:\/\/www.facebook.com\/Plakci.nl\" \/>\n<meta property=\"article:modified_time\" content=\"2026-02-18T15:38:19+00:00\" \/>\n<meta property=\"og:image\" content=\"https:\/\/plakci.nl\/wp-content\/uploads\/2024\/08\/yavuz-bingol-baharim-sensin-cd-turk-ha-7-9ce9.jpg\" \/>\n\t<meta property=\"og:image:width\" content=\"1200\" \/>\n\t<meta property=\"og:image:height\" content=\"1200\" \/>\n\t<meta property=\"og:image:type\" content=\"image\/jpeg\" \/>\n<meta name=\"twitter:card\" content=\"summary_large_image\" \/>\n<meta name=\"twitter:label1\" content=\"Tahmini okuma s\u00fcresi\" \/>\n\t<meta name=\"twitter:data1\" content=\"1 dakika\" \/>\n<script type=\"application\/ld+json\" class=\"yoast-schema-graph\">{\"@context\":\"https:\/\/schema.org\",\"@graph\":[{\"@type\":\"WebPage\",\"@id\":\"https:\/\/plakci.nl\/product\/yavuz-bingol-baharim-sensin-cd\/\",\"url\":\"https:\/\/plakci.nl\/product\/yavuz-bingol-baharim-sensin-cd\/\",\"name\":\"Yavuz Bing\u00f6l - Bahar\u0131m Sensin - Plakci.nl\",\"isPartOf\":{\"@id\":\"https:\/\/plakci.nl\/#website\"},\"primaryImageOfPage\":{\"@id\":\"https:\/\/plakci.nl\/product\/yavuz-bingol-baharim-sensin-cd\/#primaryimage\"},\"image\":{\"@id\":\"https:\/\/plakci.nl\/product\/yavuz-bingol-baharim-sensin-cd\/#primaryimage\"},\"thumbnailUrl\":\"https:\/\/plakci.nl\/wp-content\/uploads\/2024\/08\/yavuz-bingol-baharim-sensin-cd-turk-ha-7-9ce9.jpg\",\"datePublished\":\"2024-08-08T19:13:54+00:00\",\"dateModified\":\"2026-02-18T15:38:19+00:00\",\"breadcrumb\":{\"@id\":\"https:\/\/plakci.nl\/product\/yavuz-bingol-baharim-sensin-cd\/#breadcrumb\"},\"inLanguage\":\"tr\",\"potentialAction\":[{\"@type\":\"ReadAction\",\"target\":[\"https:\/\/plakci.nl\/product\/yavuz-bingol-baharim-sensin-cd\/\"]}]},{\"@type\":\"ImageObject\",\"inLanguage\":\"tr\",\"@id\":\"https:\/\/plakci.nl\/product\/yavuz-bingol-baharim-sensin-cd\/#primaryimage\",\"url\":\"https:\/\/plakci.nl\/wp-content\/uploads\/2024\/08\/yavuz-bingol-baharim-sensin-cd-turk-ha-7-9ce9.jpg\",\"contentUrl\":\"https:\/\/plakci.nl\/wp-content\/uploads\/2024\/08\/yavuz-bingol-baharim-sensin-cd-turk-ha-7-9ce9.jpg\",\"width\":1200,\"height\":1200},{\"@type\":\"BreadcrumbList\",\"@id\":\"https:\/\/plakci.nl\/product\/yavuz-bingol-baharim-sensin-cd\/#breadcrumb\",\"itemListElement\":[{\"@type\":\"ListItem\",\"position\":1,\"name\":\"Home\",\"item\":\"https:\/\/plakci.nl\/\"},{\"@type\":\"ListItem\",\"position\":2,\"name\":\"Producten\",\"item\":\"https:\/\/plakci.nl\/producten\/\"},{\"@type\":\"ListItem\",\"position\":3,\"name\":\"[CD] Yavuz Bing\u00f6l &#8211; Bahar\u0131m Sensin\"}]},{\"@type\":\"WebSite\",\"@id\":\"https:\/\/plakci.nl\/#website\",\"url\":\"https:\/\/plakci.nl\/\",\"name\":\"Plakci.nl\",\"description\":\"T\u00fcrk\u00e7e Plak ve CD\",\"publisher\":{\"@id\":\"https:\/\/plakci.nl\/#organization\"},\"potentialAction\":[{\"@type\":\"SearchAction\",\"target\":{\"@type\":\"EntryPoint\",\"urlTemplate\":\"https:\/\/plakci.nl\/?s={search_term_string}\"},\"query-input\":{\"@type\":\"PropertyValueSpecification\",\"valueRequired\":true,\"valueName\":\"search_term_string\"}}],\"inLanguage\":\"tr\"},{\"@type\":\"Organization\",\"@id\":\"https:\/\/plakci.nl\/#organization\",\"name\":\"Plakci\",\"url\":\"https:\/\/plakci.nl\/\",\"logo\":{\"@type\":\"ImageObject\",\"inLanguage\":\"tr\",\"@id\":\"https:\/\/plakci.nl\/#\/schema\/logo\/image\/\",\"url\":\"https:\/\/plakci.nl\/wp-content\/uploads\/2020\/08\/onlinelogomaker-080320-2106-6551.png\",\"contentUrl\":\"https:\/\/plakci.nl\/wp-content\/uploads\/2020\/08\/onlinelogomaker-080320-2106-6551.png\",\"width\":451,\"height\":356,\"caption\":\"Plakci\"},\"image\":{\"@id\":\"https:\/\/plakci.nl\/#\/schema\/logo\/image\/\"},\"sameAs\":[\"https:\/\/www.facebook.com\/Plakci.nl\",\"https:\/\/www.instagram.com\/plakci.nl\/\"]}]}<\/script>\n<!-- \/ Yoast SEO plugin. -->","yoast_head_json":{"title":"Yavuz Bing\u00f6l - Bahar\u0131m Sensin - Plakci.nl","robots":{"index":"index","follow":"follow","max-snippet":"max-snippet:-1","max-image-preview":"max-image-preview:large","max-video-preview":"max-video-preview:-1"},"canonical":"https:\/\/plakci.nl\/tr\/product\/yavuz-bingol-baharim-sensin-cd\/","og_locale":"tr_TR","og_type":"article","og_title":"Yavuz Bing\u00f6l - Bahar\u0131m Sensin - Plakci.nl","og_description":"\u2714\ufe0f Saat 23:59 dan \u00f6nce verilen sipari\u015fler, ertesi \u00e7al\u0131\u015fma g\u00fcn\u00fc kargoya verilir \u2714\ufe0f\u00a0Klarna ile daha sonra \u00f6deme yap\u0131n \u2714\ufe0f Rotterdam\u2019dan teslim al\u0131n (Randevu ile) \u2714\ufe0f \u20ac100,00 \u00fczerindeki sipari\u015fler \u00fccretsiz g\u00f6nderilir \u2714\ufe0f Track &amp; Trace ile kargonu takip et","og_url":"https:\/\/plakci.nl\/product\/yavuz-bingol-baharim-sensin-cd\/","og_site_name":"Plakci.nl","article_publisher":"https:\/\/www.facebook.com\/Plakci.nl","article_modified_time":"2026-02-18T15:38:19+00:00","og_image":[{"width":1200,"height":1200,"url":"https:\/\/plakci.nl\/wp-content\/uploads\/2024\/08\/yavuz-bingol-baharim-sensin-cd-turk-ha-7-9ce9.jpg","type":"image\/jpeg"}],"twitter_card":"summary_large_image","twitter_misc":{"Tahmini okuma s\u00fcresi":"1 dakika"},"schema":{"@context":"https:\/\/schema.org","@graph":[{"@type":"WebPage","@id":"https:\/\/plakci.nl\/product\/yavuz-bingol-baharim-sensin-cd\/","url":"https:\/\/plakci.nl\/product\/yavuz-bingol-baharim-sensin-cd\/","name":"Yavuz Bing\u00f6l - Bahar\u0131m Sensin - Plakci.nl","isPartOf":{"@id":"https:\/\/plakci.nl\/#website"},"primaryImageOfPage":{"@id":"https:\/\/plakci.nl\/product\/yavuz-bingol-baharim-sensin-cd\/#primaryimage"},"image":{"@id":"https:\/\/plakci.nl\/product\/yavuz-bingol-baharim-sensin-cd\/#primaryimage"},"thumbnailUrl":"https:\/\/plakci.nl\/wp-content\/uploads\/2024\/08\/yavuz-bingol-baharim-sensin-cd-turk-ha-7-9ce9.jpg","datePublished":"2024-08-08T19:13:54+00:00","dateModified":"2026-02-18T15:38:19+00:00","breadcrumb":{"@id":"https:\/\/plakci.nl\/product\/yavuz-bingol-baharim-sensin-cd\/#breadcrumb"},"inLanguage":"tr","potentialAction":[{"@type":"ReadAction","target":["https:\/\/plakci.nl\/product\/yavuz-bingol-baharim-sensin-cd\/"]}]},{"@type":"ImageObject","inLanguage":"tr","@id":"https:\/\/plakci.nl\/product\/yavuz-bingol-baharim-sensin-cd\/#primaryimage","url":"https:\/\/plakci.nl\/wp-content\/uploads\/2024\/08\/yavuz-bingol-baharim-sensin-cd-turk-ha-7-9ce9.jpg","contentUrl":"https:\/\/plakci.nl\/wp-content\/uploads\/2024\/08\/yavuz-bingol-baharim-sensin-cd-turk-ha-7-9ce9.jpg","width":1200,"height":1200},{"@type":"BreadcrumbList","@id":"https:\/\/plakci.nl\/product\/yavuz-bingol-baharim-sensin-cd\/#breadcrumb","itemListElement":[{"@type":"ListItem","position":1,"name":"Home","item":"https:\/\/plakci.nl\/"},{"@type":"ListItem","position":2,"name":"Producten","item":"https:\/\/plakci.nl\/producten\/"},{"@type":"ListItem","position":3,"name":"[CD] Yavuz Bing\u00f6l &#8211; Bahar\u0131m Sensin"}]},{"@type":"WebSite","@id":"https:\/\/plakci.nl\/#website","url":"https:\/\/plakci.nl\/","name":"Plakci.nl","description":"T\u00fcrk\u00e7e Plak ve CD","publisher":{"@id":"https:\/\/plakci.nl\/#organization"},"potentialAction":[{"@type":"SearchAction","target":{"@type":"EntryPoint","urlTemplate":"https:\/\/plakci.nl\/?s={search_term_string}"},"query-input":{"@type":"PropertyValueSpecification","valueRequired":true,"valueName":"search_term_string"}}],"inLanguage":"tr"},{"@type":"Organization","@id":"https:\/\/plakci.nl\/#organization","name":"Plakci","url":"https:\/\/plakci.nl\/","logo":{"@type":"ImageObject","inLanguage":"tr","@id":"https:\/\/plakci.nl\/#\/schema\/logo\/image\/","url":"https:\/\/plakci.nl\/wp-content\/uploads\/2020\/08\/onlinelogomaker-080320-2106-6551.png","contentUrl":"https:\/\/plakci.nl\/wp-content\/uploads\/2020\/08\/onlinelogomaker-080320-2106-6551.png","width":451,"height":356,"caption":"Plakci"},"image":{"@id":"https:\/\/plakci.nl\/#\/schema\/logo\/image\/"},"sameAs":["https:\/\/www.facebook.com\/Plakci.nl","https:\/\/www.instagram.com\/plakci.nl\/"]}]}},"_links":{"self":[{"href":"https:\/\/plakci.nl\/tr\/wp-json\/wp\/v2\/product\/7010","targetHints":{"allow":["GET"]}}],"collection":[{"href":"https:\/\/plakci.nl\/tr\/wp-json\/wp\/v2\/product"}],"about":[{"href":"https:\/\/plakci.nl\/tr\/wp-json\/wp\/v2\/types\/product"}],"wp:featuredmedia":[{"embeddable":true,"href":"https:\/\/plakci.nl\/tr\/wp-json\/wp\/v2\/media\/7011"}],"wp:attachment":[{"href":"https:\/\/plakci.nl\/tr\/wp-json\/wp\/v2\/media?parent=7010"}],"wp:term":[{"taxonomy":"product_brand","embeddable":true,"href":"https:\/\/plakci.nl\/tr\/wp-json\/wp\/v2\/product_brand?post=7010"},{"taxonomy":"product_cat","embeddable":true,"href":"https:\/\/plakci.nl\/tr\/wp-json\/wp\/v2\/product_cat?post=7010"},{"taxonomy":"product_tag","embeddable":true,"href":"https:\/\/plakci.nl\/tr\/wp-json\/wp\/v2\/product_tag?post=7010"},{"taxonomy":"giftcard-category","embeddable":true,"href":"https:\/\/plakci.nl\/tr\/wp-json\/wp\/v2\/giftcard-category?post=7010"}],"curies":[{"name":"wp","href":"https:\/\/api.w.org\/{rel}","templated":true}]}}