{"id":7688,"date":"2025-01-25T12:03:30","date_gmt":"2025-01-25T10:03:30","guid":{"rendered":"https:\/\/plakci.nl\/?post_type=product&#038;p=7688"},"modified":"2025-01-25T12:04:25","modified_gmt":"2025-01-25T10:04:25","slug":"celal-ozsari-yuregimizdeki-ezgiler-3-cd","status":"publish","type":"product","link":"https:\/\/plakci.nl\/tr\/product\/celal-ozsari-yuregimizdeki-ezgiler-3-cd\/","title":{"rendered":"[CD] Celal \u00d6zsar\u0131 &#8211; Y\u00fcre\u011fimizdeki Ezgiler 3"},"content":{"rendered":"<p>1. Uzun \u0130nce Bir Yolday\u0131m<br \/>\n2. Siyah Per\u00e7emlerin Hatem Y\u00fczlerin<br \/>\n3. Ba\u011fland\u0131 Yollar\u0131m<br \/>\n4. Eklemedir Koca Konak<br \/>\n5. Ben A\u011flar\u0131m Yane Yane<br \/>\n6. G\u00fczel Ne G\u00fczel Olmu\u015fsun<br \/>\n7. Benim Sad\u0131k Yarim Kara Toprakt\u0131r<br \/>\n8. Gam Elinden Z\u00fclf\u00fc Siyah\u0131m<br \/>\n9. Benim Ad\u0131m Dertli Dolap<br \/>\n10. G\u00fcld\u00fcr G\u00fcl<br \/>\n11. Ben Gidersem Saz\u0131m Sen Kal D\u00fcnyada<br \/>\n12. Dostum Dostum<\/p>\n<p><iframe loading=\"lazy\" style=\"border-radius: 12px;\" src=\"https:\/\/open.spotify.com\/embed\/album\/6o6tRXIsPM8p5BQ4Kc6veM?utm_source=generator\" width=\"100%\" height=\"352\" frameborder=\"0\" allowfullscreen=\"allowfullscreen\"><\/iframe><\/p>\n","protected":false},"excerpt":{"rendered":"<p>\u2714\ufe0f <span class=\"icon-text\">Saat 23:59 dan \u00f6nce verilen sipari\u015fler, ertesi \u00e7al\u0131\u015fma g\u00fcn\u00fc kargoya verilir<br \/>\n<\/span>\u2714\ufe0f\u00a0Klarna ile daha sonra \u00f6deme yap\u0131n<br \/>\n\u2714\ufe0f Rotterdam\u2019dan teslim al\u0131n (Randevu ile)<br \/>\n\u2714\ufe0f \u20ac100,00 \u00fczerindeki sipari\u015fler \u00fccretsiz g\u00f6nderilir<br \/>\n\u2714\ufe0f Track &amp; Trace ile kargonu takip et<\/p>\n[wpcfb]\n","protected":false},"featured_media":7689,"template":"","meta":{"_joinchat":[]},"product_brand":[],"product_cat":[500,942,667],"product_tag":[712],"giftcard-category":[],"class_list":{"0":"post-7688","1":"product","2":"type-product","3":"status-publish","4":"has-post-thumbnail","6":"product_cat-cds","7":"product_cat-celal-ozsari","8":"product_cat-turk-halk","9":"product_tag-ada","10":"product_shipping_class-bb-pakket","12":"first","13":"instock","14":"taxable","15":"shipping-taxable","16":"purchasable","17":"product-type-simple","18":"add-to-wishlist-before_image"},"supplier_id":null,"supplier_sku":"","barcode":null,"atum_controlled":true,"out_stock_date":null,"out_stock_threshold":null,"inheritable":false,"inbound_stock":null,"stock_on_hold":0,"sold_today":0,"sales_last_days":0,"reserved_stock":null,"customer_returns":null,"warehouse_damage":null,"lost_in_post":null,"other_logs":null,"out_stock_days":0,"lost_sales":0,"has_location":false,"update_date":"2026-04-17T00:21:14","atum_locations":[],"atum_stock_status":"instock","restock_status":false,"low_stock_amount":"","sales_update_date":"2026-04-17T00:21:14","calc_backorders":null,"yoast_head":"<!-- This site is optimized with the Yoast SEO plugin v27.2 - https:\/\/yoast.com\/product\/yoast-seo-wordpress\/ -->\n<title>Celal \u00d6zsar\u0131 - Y\u00fcre\u011fimizdeki Ezgiler 3 - Plakci.nl<\/title>\n<meta name=\"robots\" content=\"index, follow, max-snippet:-1, max-image-preview:large, max-video-preview:-1\" \/>\n<link rel=\"canonical\" href=\"https:\/\/plakci.nl\/tr\/product\/celal-ozsari-yuregimizdeki-ezgiler-3-cd\/\" \/>\n<meta property=\"og:locale\" content=\"tr_TR\" \/>\n<meta property=\"og:type\" content=\"article\" \/>\n<meta property=\"og:title\" content=\"Celal \u00d6zsar\u0131 - Y\u00fcre\u011fimizdeki Ezgiler 3 - Plakci.nl\" \/>\n<meta property=\"og:description\" content=\"\u2714\ufe0f Saat 23:59 dan \u00f6nce verilen sipari\u015fler, ertesi \u00e7al\u0131\u015fma g\u00fcn\u00fc kargoya verilir \u2714\ufe0f\u00a0Klarna ile daha sonra \u00f6deme yap\u0131n \u2714\ufe0f Rotterdam\u2019dan teslim al\u0131n (Randevu ile) \u2714\ufe0f \u20ac100,00 \u00fczerindeki sipari\u015fler \u00fccretsiz g\u00f6nderilir \u2714\ufe0f Track &amp; Trace ile kargonu takip et\" \/>\n<meta property=\"og:url\" content=\"https:\/\/plakci.nl\/tr\/product\/celal-ozsari-yuregimizdeki-ezgiler-3-cd\/\" \/>\n<meta property=\"og:site_name\" content=\"Plakci.nl\" \/>\n<meta property=\"article:publisher\" content=\"https:\/\/www.facebook.com\/Plakci.nl\" \/>\n<meta property=\"article:modified_time\" content=\"2025-01-25T10:04:25+00:00\" \/>\n<meta property=\"og:image\" content=\"https:\/\/plakci.nl\/wp-content\/uploads\/2025\/01\/yuregimizdeki-ezgiler-3-cd-enstrumanta-44-e0f.jpg\" \/>\n\t<meta property=\"og:image:width\" content=\"1200\" \/>\n\t<meta property=\"og:image:height\" content=\"1200\" \/>\n\t<meta property=\"og:image:type\" content=\"image\/jpeg\" \/>\n<meta name=\"twitter:card\" content=\"summary_large_image\" \/>\n<meta name=\"twitter:label1\" content=\"Tahmini okuma s\u00fcresi\" \/>\n\t<meta name=\"twitter:data1\" content=\"1 dakika\" \/>\n<script type=\"application\/ld+json\" class=\"yoast-schema-graph\">{\"@context\":\"https:\/\/schema.org\",\"@graph\":[{\"@type\":\"WebPage\",\"@id\":\"https:\/\/plakci.nl\/tr\/product\/celal-ozsari-yuregimizdeki-ezgiler-3-cd\/\",\"url\":\"https:\/\/plakci.nl\/tr\/product\/celal-ozsari-yuregimizdeki-ezgiler-3-cd\/\",\"name\":\"Celal \u00d6zsar\u0131 - Y\u00fcre\u011fimizdeki Ezgiler 3 - Plakci.nl\",\"isPartOf\":{\"@id\":\"https:\/\/plakci.nl\/#website\"},\"primaryImageOfPage\":{\"@id\":\"https:\/\/plakci.nl\/tr\/product\/celal-ozsari-yuregimizdeki-ezgiler-3-cd\/#primaryimage\"},\"image\":{\"@id\":\"https:\/\/plakci.nl\/tr\/product\/celal-ozsari-yuregimizdeki-ezgiler-3-cd\/#primaryimage\"},\"thumbnailUrl\":\"https:\/\/plakci.nl\/wp-content\/uploads\/2025\/01\/yuregimizdeki-ezgiler-3-cd-enstrumanta-44-e0f.jpg\",\"datePublished\":\"2025-01-25T10:03:30+00:00\",\"dateModified\":\"2025-01-25T10:04:25+00:00\",\"breadcrumb\":{\"@id\":\"https:\/\/plakci.nl\/tr\/product\/celal-ozsari-yuregimizdeki-ezgiler-3-cd\/#breadcrumb\"},\"inLanguage\":\"tr\",\"potentialAction\":[{\"@type\":\"ReadAction\",\"target\":[\"https:\/\/plakci.nl\/tr\/product\/celal-ozsari-yuregimizdeki-ezgiler-3-cd\/\"]}]},{\"@type\":\"ImageObject\",\"inLanguage\":\"tr\",\"@id\":\"https:\/\/plakci.nl\/tr\/product\/celal-ozsari-yuregimizdeki-ezgiler-3-cd\/#primaryimage\",\"url\":\"https:\/\/plakci.nl\/wp-content\/uploads\/2025\/01\/yuregimizdeki-ezgiler-3-cd-enstrumanta-44-e0f.jpg\",\"contentUrl\":\"https:\/\/plakci.nl\/wp-content\/uploads\/2025\/01\/yuregimizdeki-ezgiler-3-cd-enstrumanta-44-e0f.jpg\",\"width\":1200,\"height\":1200},{\"@type\":\"BreadcrumbList\",\"@id\":\"https:\/\/plakci.nl\/tr\/product\/celal-ozsari-yuregimizdeki-ezgiler-3-cd\/#breadcrumb\",\"itemListElement\":[{\"@type\":\"ListItem\",\"position\":1,\"name\":\"Home\",\"item\":\"https:\/\/plakci.nl\/\"},{\"@type\":\"ListItem\",\"position\":2,\"name\":\"Producten\",\"item\":\"https:\/\/plakci.nl\/producten\/\"},{\"@type\":\"ListItem\",\"position\":3,\"name\":\"[CD] Celal \u00d6zsar\u0131 &#8211; Y\u00fcre\u011fimizdeki Ezgiler 3\"}]},{\"@type\":\"WebSite\",\"@id\":\"https:\/\/plakci.nl\/#website\",\"url\":\"https:\/\/plakci.nl\/\",\"name\":\"Plakci.nl\",\"description\":\"T\u00fcrk\u00e7e Plak ve CD\",\"publisher\":{\"@id\":\"https:\/\/plakci.nl\/#organization\"},\"potentialAction\":[{\"@type\":\"SearchAction\",\"target\":{\"@type\":\"EntryPoint\",\"urlTemplate\":\"https:\/\/plakci.nl\/?s={search_term_string}\"},\"query-input\":{\"@type\":\"PropertyValueSpecification\",\"valueRequired\":true,\"valueName\":\"search_term_string\"}}],\"inLanguage\":\"tr\"},{\"@type\":\"Organization\",\"@id\":\"https:\/\/plakci.nl\/#organization\",\"name\":\"Plakci\",\"url\":\"https:\/\/plakci.nl\/\",\"logo\":{\"@type\":\"ImageObject\",\"inLanguage\":\"tr\",\"@id\":\"https:\/\/plakci.nl\/#\/schema\/logo\/image\/\",\"url\":\"https:\/\/plakci.nl\/wp-content\/uploads\/2020\/08\/onlinelogomaker-080320-2106-6551.png\",\"contentUrl\":\"https:\/\/plakci.nl\/wp-content\/uploads\/2020\/08\/onlinelogomaker-080320-2106-6551.png\",\"width\":451,\"height\":356,\"caption\":\"Plakci\"},\"image\":{\"@id\":\"https:\/\/plakci.nl\/#\/schema\/logo\/image\/\"},\"sameAs\":[\"https:\/\/www.facebook.com\/Plakci.nl\",\"https:\/\/www.instagram.com\/plakci.nl\/\"]}]}<\/script>\n<!-- \/ Yoast SEO plugin. -->","yoast_head_json":{"title":"Celal \u00d6zsar\u0131 - Y\u00fcre\u011fimizdeki Ezgiler 3 - Plakci.nl","robots":{"index":"index","follow":"follow","max-snippet":"max-snippet:-1","max-image-preview":"max-image-preview:large","max-video-preview":"max-video-preview:-1"},"canonical":"https:\/\/plakci.nl\/tr\/product\/celal-ozsari-yuregimizdeki-ezgiler-3-cd\/","og_locale":"tr_TR","og_type":"article","og_title":"Celal \u00d6zsar\u0131 - Y\u00fcre\u011fimizdeki Ezgiler 3 - Plakci.nl","og_description":"\u2714\ufe0f Saat 23:59 dan \u00f6nce verilen sipari\u015fler, ertesi \u00e7al\u0131\u015fma g\u00fcn\u00fc kargoya verilir \u2714\ufe0f\u00a0Klarna ile daha sonra \u00f6deme yap\u0131n \u2714\ufe0f Rotterdam\u2019dan teslim al\u0131n (Randevu ile) \u2714\ufe0f \u20ac100,00 \u00fczerindeki sipari\u015fler \u00fccretsiz g\u00f6nderilir \u2714\ufe0f Track &amp; Trace ile kargonu takip et","og_url":"https:\/\/plakci.nl\/tr\/product\/celal-ozsari-yuregimizdeki-ezgiler-3-cd\/","og_site_name":"Plakci.nl","article_publisher":"https:\/\/www.facebook.com\/Plakci.nl","article_modified_time":"2025-01-25T10:04:25+00:00","og_image":[{"width":1200,"height":1200,"url":"https:\/\/plakci.nl\/wp-content\/uploads\/2025\/01\/yuregimizdeki-ezgiler-3-cd-enstrumanta-44-e0f.jpg","type":"image\/jpeg"}],"twitter_card":"summary_large_image","twitter_misc":{"Tahmini okuma s\u00fcresi":"1 dakika"},"schema":{"@context":"https:\/\/schema.org","@graph":[{"@type":"WebPage","@id":"https:\/\/plakci.nl\/tr\/product\/celal-ozsari-yuregimizdeki-ezgiler-3-cd\/","url":"https:\/\/plakci.nl\/tr\/product\/celal-ozsari-yuregimizdeki-ezgiler-3-cd\/","name":"Celal \u00d6zsar\u0131 - Y\u00fcre\u011fimizdeki Ezgiler 3 - Plakci.nl","isPartOf":{"@id":"https:\/\/plakci.nl\/#website"},"primaryImageOfPage":{"@id":"https:\/\/plakci.nl\/tr\/product\/celal-ozsari-yuregimizdeki-ezgiler-3-cd\/#primaryimage"},"image":{"@id":"https:\/\/plakci.nl\/tr\/product\/celal-ozsari-yuregimizdeki-ezgiler-3-cd\/#primaryimage"},"thumbnailUrl":"https:\/\/plakci.nl\/wp-content\/uploads\/2025\/01\/yuregimizdeki-ezgiler-3-cd-enstrumanta-44-e0f.jpg","datePublished":"2025-01-25T10:03:30+00:00","dateModified":"2025-01-25T10:04:25+00:00","breadcrumb":{"@id":"https:\/\/plakci.nl\/tr\/product\/celal-ozsari-yuregimizdeki-ezgiler-3-cd\/#breadcrumb"},"inLanguage":"tr","potentialAction":[{"@type":"ReadAction","target":["https:\/\/plakci.nl\/tr\/product\/celal-ozsari-yuregimizdeki-ezgiler-3-cd\/"]}]},{"@type":"ImageObject","inLanguage":"tr","@id":"https:\/\/plakci.nl\/tr\/product\/celal-ozsari-yuregimizdeki-ezgiler-3-cd\/#primaryimage","url":"https:\/\/plakci.nl\/wp-content\/uploads\/2025\/01\/yuregimizdeki-ezgiler-3-cd-enstrumanta-44-e0f.jpg","contentUrl":"https:\/\/plakci.nl\/wp-content\/uploads\/2025\/01\/yuregimizdeki-ezgiler-3-cd-enstrumanta-44-e0f.jpg","width":1200,"height":1200},{"@type":"BreadcrumbList","@id":"https:\/\/plakci.nl\/tr\/product\/celal-ozsari-yuregimizdeki-ezgiler-3-cd\/#breadcrumb","itemListElement":[{"@type":"ListItem","position":1,"name":"Home","item":"https:\/\/plakci.nl\/"},{"@type":"ListItem","position":2,"name":"Producten","item":"https:\/\/plakci.nl\/producten\/"},{"@type":"ListItem","position":3,"name":"[CD] Celal \u00d6zsar\u0131 &#8211; Y\u00fcre\u011fimizdeki Ezgiler 3"}]},{"@type":"WebSite","@id":"https:\/\/plakci.nl\/#website","url":"https:\/\/plakci.nl\/","name":"Plakci.nl","description":"T\u00fcrk\u00e7e Plak ve CD","publisher":{"@id":"https:\/\/plakci.nl\/#organization"},"potentialAction":[{"@type":"SearchAction","target":{"@type":"EntryPoint","urlTemplate":"https:\/\/plakci.nl\/?s={search_term_string}"},"query-input":{"@type":"PropertyValueSpecification","valueRequired":true,"valueName":"search_term_string"}}],"inLanguage":"tr"},{"@type":"Organization","@id":"https:\/\/plakci.nl\/#organization","name":"Plakci","url":"https:\/\/plakci.nl\/","logo":{"@type":"ImageObject","inLanguage":"tr","@id":"https:\/\/plakci.nl\/#\/schema\/logo\/image\/","url":"https:\/\/plakci.nl\/wp-content\/uploads\/2020\/08\/onlinelogomaker-080320-2106-6551.png","contentUrl":"https:\/\/plakci.nl\/wp-content\/uploads\/2020\/08\/onlinelogomaker-080320-2106-6551.png","width":451,"height":356,"caption":"Plakci"},"image":{"@id":"https:\/\/plakci.nl\/#\/schema\/logo\/image\/"},"sameAs":["https:\/\/www.facebook.com\/Plakci.nl","https:\/\/www.instagram.com\/plakci.nl\/"]}]}},"_links":{"self":[{"href":"https:\/\/plakci.nl\/tr\/wp-json\/wp\/v2\/product\/7688","targetHints":{"allow":["GET"]}}],"collection":[{"href":"https:\/\/plakci.nl\/tr\/wp-json\/wp\/v2\/product"}],"about":[{"href":"https:\/\/plakci.nl\/tr\/wp-json\/wp\/v2\/types\/product"}],"wp:featuredmedia":[{"embeddable":true,"href":"https:\/\/plakci.nl\/tr\/wp-json\/wp\/v2\/media\/7689"}],"wp:attachment":[{"href":"https:\/\/plakci.nl\/tr\/wp-json\/wp\/v2\/media?parent=7688"}],"wp:term":[{"taxonomy":"product_brand","embeddable":true,"href":"https:\/\/plakci.nl\/tr\/wp-json\/wp\/v2\/product_brand?post=7688"},{"taxonomy":"product_cat","embeddable":true,"href":"https:\/\/plakci.nl\/tr\/wp-json\/wp\/v2\/product_cat?post=7688"},{"taxonomy":"product_tag","embeddable":true,"href":"https:\/\/plakci.nl\/tr\/wp-json\/wp\/v2\/product_tag?post=7688"},{"taxonomy":"giftcard-category","embeddable":true,"href":"https:\/\/plakci.nl\/tr\/wp-json\/wp\/v2\/giftcard-category?post=7688"}],"curies":[{"name":"wp","href":"https:\/\/api.w.org\/{rel}","templated":true}]}}