{"id":7980,"date":"2025-04-29T19:06:11","date_gmt":"2025-04-29T17:06:11","guid":{"rendered":"https:\/\/plakci.nl\/?post_type=product&#038;p=7980"},"modified":"2026-01-14T21:12:10","modified_gmt":"2026-01-14T19:12:10","slug":"turkce-mabel-matiz-fatih-2-lp","status":"publish","type":"product","link":"https:\/\/plakci.nl\/tr\/product\/turkce-mabel-matiz-fatih-2-lp\/","title":{"rendered":"[LP] Mabel Matiz &#8211; Fatih (2 LP)"},"content":{"rendered":"<p>1A:<\/p>\n<ol>\n<li>Derin Olur<\/li>\n<li>D\u00fcld\u00fcl feat. Melike \u015eahin<\/li>\n<li>A\u015fk \u00c7e\u015fmesi feat. Kalben<\/li>\n<li>Aferin<\/li>\n<li>\u00d6k\u00fcz feat. Tomer Katz<\/li>\n<\/ol>\n<p>1B:<\/p>\n<ol>\n<li>Numarac\u0131<\/li>\n<li>Fan<\/li>\n<li>Dalga<\/li>\n<li>\u00c7i\u00e7e\u011fim<\/li>\n<li>Cicim Sarho\u015f<\/li>\n<li>Enderun\u2019da A\u015fk feat. Artz<\/li>\n<\/ol>\n<p>2A<\/p>\n<ol>\n<li>\u0130ki Sat\u0131r Yara Feat. A\u015fk\u0131n Nur Yengi<\/li>\n<li>Karakol<\/li>\n<li>Mor Perdeler<\/li>\n<li>Kara Dantelli Gen\u00e7li\u011fimize<\/li>\n<li>M\u00fcphem<\/li>\n<\/ol>\n<p>2B:<\/p>\n<ol>\n<li>Yeni Yaz<\/li>\n<li>Bir Ser\u00e7e \u00dcz\u00fcl\u00fcr<\/li>\n<li>Bah\u00e7emin En Zor G\u00fcl\u00fc<\/li>\n<li>A\u015fk\u0131m G\u00fcl\u00fcm feat. Zeid Hamdan<\/li>\n<\/ol>\n<p><iframe loading=\"lazy\" style=\"border-radius: 12px;\" src=\"https:\/\/open.spotify.com\/embed\/album\/7eB3zd25eiAwsUMCcLpRCf?utm_source=generator\" width=\"100%\" height=\"352\" frameborder=\"0\" allowfullscreen=\"allowfullscreen\"><\/iframe><\/p>\n","protected":false},"excerpt":{"rendered":"<p>\u2714\ufe0f <span class=\"icon-text\">Saat 23:59 dan \u00f6nce verilen sipari\u015fler, ertesi \u00e7al\u0131\u015fma g\u00fcn\u00fc kargoya verilir<br \/>\n<\/span>\u2714\ufe0f\u00a0Klarna ile daha sonra \u00f6deme yap\u0131n<br \/>\n\u2714\ufe0f Rotterdam\u2019dan teslim al\u0131n (Randevu ile)<br \/>\n\u2714\ufe0f \u20ac100,00 \u00fczerindeki sipari\u015fler \u00fccretsiz g\u00f6nderilir<br \/>\n\u2714\ufe0f Track &amp; Trace ile kargonu takip et<\/p>\n[wpcfb]\n","protected":false},"featured_media":7981,"template":"","meta":{"_joinchat":[]},"product_brand":[],"product_cat":[592,323,664],"product_tag":[953],"giftcard-category":[],"class_list":{"0":"post-7980","1":"product","2":"type-product","3":"status-publish","4":"has-post-thumbnail","6":"product_cat-lps","7":"product_cat-mabel-matiz","8":"product_cat-pop","9":"product_tag-pose","11":"first","12":"instock","13":"taxable","14":"shipping-taxable","15":"purchasable","16":"product-type-simple","17":"add-to-wishlist-before_image"},"supplier_id":null,"supplier_sku":"","barcode":null,"atum_controlled":true,"out_stock_date":null,"out_stock_threshold":null,"inheritable":false,"inbound_stock":null,"stock_on_hold":0,"sold_today":0,"sales_last_days":0,"reserved_stock":null,"customer_returns":null,"warehouse_damage":null,"lost_in_post":null,"other_logs":null,"out_stock_days":0,"lost_sales":0,"has_location":false,"update_date":"2026-05-02T00:09:04","atum_locations":[],"atum_stock_status":"instock","restock_status":false,"low_stock_amount":"","sales_update_date":"2026-05-02T00:09:04","calc_backorders":null,"yoast_head":"<!-- This site is optimized with the Yoast SEO plugin v27.5 - https:\/\/yoast.com\/product\/yoast-seo-wordpress\/ -->\n<title>Mabel Matiz - Fatih (2 LP) - Plakci.nl<\/title>\n<meta name=\"robots\" content=\"index, follow, max-snippet:-1, max-image-preview:large, max-video-preview:-1\" \/>\n<link rel=\"canonical\" href=\"https:\/\/plakci.nl\/tr\/product\/turkce-mabel-matiz-fatih-2-lp\/\" \/>\n<meta property=\"og:locale\" content=\"tr_TR\" \/>\n<meta property=\"og:type\" content=\"article\" \/>\n<meta property=\"og:title\" content=\"Mabel Matiz - Fatih (2 LP) - Plakci.nl\" \/>\n<meta property=\"og:description\" content=\"\u2714\ufe0f Saat 23:59 dan \u00f6nce verilen sipari\u015fler, ertesi \u00e7al\u0131\u015fma g\u00fcn\u00fc kargoya verilir \u2714\ufe0f\u00a0Klarna ile daha sonra \u00f6deme yap\u0131n \u2714\ufe0f Rotterdam\u2019dan teslim al\u0131n (Randevu ile) \u2714\ufe0f \u20ac100,00 \u00fczerindeki sipari\u015fler \u00fccretsiz g\u00f6nderilir \u2714\ufe0f Track &amp; Trace ile kargonu takip et\" \/>\n<meta property=\"og:url\" content=\"https:\/\/plakci.nl\/product\/turkce-mabel-matiz-fatih-2-lp\/\" \/>\n<meta property=\"og:site_name\" content=\"Plakci.nl\" \/>\n<meta property=\"article:publisher\" content=\"https:\/\/www.facebook.com\/Plakci.nl\" \/>\n<meta property=\"article:modified_time\" content=\"2026-01-14T19:12:10+00:00\" \/>\n<meta property=\"og:image\" content=\"https:\/\/plakci.nl\/wp-content\/uploads\/2025\/04\/Mabel-Matiz-Fatih-Plak1.jpg\" \/>\n\t<meta property=\"og:image:width\" content=\"1200\" \/>\n\t<meta property=\"og:image:height\" content=\"1200\" \/>\n\t<meta property=\"og:image:type\" content=\"image\/jpeg\" \/>\n<meta name=\"twitter:card\" content=\"summary_large_image\" \/>\n<meta name=\"twitter:label1\" content=\"Tahmini okuma s\u00fcresi\" \/>\n\t<meta name=\"twitter:data1\" content=\"1 dakika\" \/>\n<script type=\"application\/ld+json\" class=\"yoast-schema-graph\">{\"@context\":\"https:\\\/\\\/schema.org\",\"@graph\":[{\"@type\":\"WebPage\",\"@id\":\"https:\\\/\\\/plakci.nl\\\/product\\\/turkce-mabel-matiz-fatih-2-lp\\\/\",\"url\":\"https:\\\/\\\/plakci.nl\\\/product\\\/turkce-mabel-matiz-fatih-2-lp\\\/\",\"name\":\"Mabel Matiz - Fatih (2 LP) - Plakci.nl\",\"isPartOf\":{\"@id\":\"https:\\\/\\\/plakci.nl\\\/#website\"},\"primaryImageOfPage\":{\"@id\":\"https:\\\/\\\/plakci.nl\\\/product\\\/turkce-mabel-matiz-fatih-2-lp\\\/#primaryimage\"},\"image\":{\"@id\":\"https:\\\/\\\/plakci.nl\\\/product\\\/turkce-mabel-matiz-fatih-2-lp\\\/#primaryimage\"},\"thumbnailUrl\":\"https:\\\/\\\/plakci.nl\\\/wp-content\\\/uploads\\\/2025\\\/04\\\/Mabel-Matiz-Fatih-Plak1.jpg\",\"datePublished\":\"2025-04-29T17:06:11+00:00\",\"dateModified\":\"2026-01-14T19:12:10+00:00\",\"breadcrumb\":{\"@id\":\"https:\\\/\\\/plakci.nl\\\/product\\\/turkce-mabel-matiz-fatih-2-lp\\\/#breadcrumb\"},\"inLanguage\":\"tr\",\"potentialAction\":[{\"@type\":\"ReadAction\",\"target\":[\"https:\\\/\\\/plakci.nl\\\/product\\\/turkce-mabel-matiz-fatih-2-lp\\\/\"]}]},{\"@type\":\"ImageObject\",\"inLanguage\":\"tr\",\"@id\":\"https:\\\/\\\/plakci.nl\\\/product\\\/turkce-mabel-matiz-fatih-2-lp\\\/#primaryimage\",\"url\":\"https:\\\/\\\/plakci.nl\\\/wp-content\\\/uploads\\\/2025\\\/04\\\/Mabel-Matiz-Fatih-Plak1.jpg\",\"contentUrl\":\"https:\\\/\\\/plakci.nl\\\/wp-content\\\/uploads\\\/2025\\\/04\\\/Mabel-Matiz-Fatih-Plak1.jpg\",\"width\":1200,\"height\":1200},{\"@type\":\"BreadcrumbList\",\"@id\":\"https:\\\/\\\/plakci.nl\\\/product\\\/turkce-mabel-matiz-fatih-2-lp\\\/#breadcrumb\",\"itemListElement\":[{\"@type\":\"ListItem\",\"position\":1,\"name\":\"Home\",\"item\":\"https:\\\/\\\/plakci.nl\\\/\"},{\"@type\":\"ListItem\",\"position\":2,\"name\":\"Producten\",\"item\":\"https:\\\/\\\/plakci.nl\\\/producten\\\/\"},{\"@type\":\"ListItem\",\"position\":3,\"name\":\"[LP] Mabel Matiz &#8211; Fatih (2 LP)\"}]},{\"@type\":\"WebSite\",\"@id\":\"https:\\\/\\\/plakci.nl\\\/#website\",\"url\":\"https:\\\/\\\/plakci.nl\\\/\",\"name\":\"Plakci.nl\",\"description\":\"T\u00fcrk\u00e7e Plak ve CD\",\"publisher\":{\"@id\":\"https:\\\/\\\/plakci.nl\\\/#organization\"},\"potentialAction\":[{\"@type\":\"SearchAction\",\"target\":{\"@type\":\"EntryPoint\",\"urlTemplate\":\"https:\\\/\\\/plakci.nl\\\/?s={search_term_string}\"},\"query-input\":{\"@type\":\"PropertyValueSpecification\",\"valueRequired\":true,\"valueName\":\"search_term_string\"}}],\"inLanguage\":\"tr\"},{\"@type\":\"Organization\",\"@id\":\"https:\\\/\\\/plakci.nl\\\/#organization\",\"name\":\"Plakci\",\"url\":\"https:\\\/\\\/plakci.nl\\\/\",\"logo\":{\"@type\":\"ImageObject\",\"inLanguage\":\"tr\",\"@id\":\"https:\\\/\\\/plakci.nl\\\/#\\\/schema\\\/logo\\\/image\\\/\",\"url\":\"https:\\\/\\\/plakci.nl\\\/wp-content\\\/uploads\\\/2021\\\/08\\\/Logo_Plakci_transparent-1.png\",\"contentUrl\":\"https:\\\/\\\/plakci.nl\\\/wp-content\\\/uploads\\\/2021\\\/08\\\/Logo_Plakci_transparent-1.png\",\"width\":89,\"height\":70,\"caption\":\"Plakci\"},\"image\":{\"@id\":\"https:\\\/\\\/plakci.nl\\\/#\\\/schema\\\/logo\\\/image\\\/\"},\"sameAs\":[\"https:\\\/\\\/www.facebook.com\\\/Plakci.nl\",\"https:\\\/\\\/www.instagram.com\\\/plakci.nl\\\/\",\"https:\\\/\\\/www.tiktok.com\\\/@plakci.nl\"]}]}<\/script>\n<!-- \/ Yoast SEO plugin. -->","yoast_head_json":{"title":"Mabel Matiz - Fatih (2 LP) - Plakci.nl","robots":{"index":"index","follow":"follow","max-snippet":"max-snippet:-1","max-image-preview":"max-image-preview:large","max-video-preview":"max-video-preview:-1"},"canonical":"https:\/\/plakci.nl\/tr\/product\/turkce-mabel-matiz-fatih-2-lp\/","og_locale":"tr_TR","og_type":"article","og_title":"Mabel Matiz - Fatih (2 LP) - Plakci.nl","og_description":"\u2714\ufe0f Saat 23:59 dan \u00f6nce verilen sipari\u015fler, ertesi \u00e7al\u0131\u015fma g\u00fcn\u00fc kargoya verilir \u2714\ufe0f\u00a0Klarna ile daha sonra \u00f6deme yap\u0131n \u2714\ufe0f Rotterdam\u2019dan teslim al\u0131n (Randevu ile) \u2714\ufe0f \u20ac100,00 \u00fczerindeki sipari\u015fler \u00fccretsiz g\u00f6nderilir \u2714\ufe0f Track &amp; Trace ile kargonu takip et","og_url":"https:\/\/plakci.nl\/product\/turkce-mabel-matiz-fatih-2-lp\/","og_site_name":"Plakci.nl","article_publisher":"https:\/\/www.facebook.com\/Plakci.nl","article_modified_time":"2026-01-14T19:12:10+00:00","og_image":[{"width":1200,"height":1200,"url":"https:\/\/plakci.nl\/wp-content\/uploads\/2025\/04\/Mabel-Matiz-Fatih-Plak1.jpg","type":"image\/jpeg"}],"twitter_card":"summary_large_image","twitter_misc":{"Tahmini okuma s\u00fcresi":"1 dakika"},"schema":{"@context":"https:\/\/schema.org","@graph":[{"@type":"WebPage","@id":"https:\/\/plakci.nl\/product\/turkce-mabel-matiz-fatih-2-lp\/","url":"https:\/\/plakci.nl\/product\/turkce-mabel-matiz-fatih-2-lp\/","name":"Mabel Matiz - Fatih (2 LP) - Plakci.nl","isPartOf":{"@id":"https:\/\/plakci.nl\/#website"},"primaryImageOfPage":{"@id":"https:\/\/plakci.nl\/product\/turkce-mabel-matiz-fatih-2-lp\/#primaryimage"},"image":{"@id":"https:\/\/plakci.nl\/product\/turkce-mabel-matiz-fatih-2-lp\/#primaryimage"},"thumbnailUrl":"https:\/\/plakci.nl\/wp-content\/uploads\/2025\/04\/Mabel-Matiz-Fatih-Plak1.jpg","datePublished":"2025-04-29T17:06:11+00:00","dateModified":"2026-01-14T19:12:10+00:00","breadcrumb":{"@id":"https:\/\/plakci.nl\/product\/turkce-mabel-matiz-fatih-2-lp\/#breadcrumb"},"inLanguage":"tr","potentialAction":[{"@type":"ReadAction","target":["https:\/\/plakci.nl\/product\/turkce-mabel-matiz-fatih-2-lp\/"]}]},{"@type":"ImageObject","inLanguage":"tr","@id":"https:\/\/plakci.nl\/product\/turkce-mabel-matiz-fatih-2-lp\/#primaryimage","url":"https:\/\/plakci.nl\/wp-content\/uploads\/2025\/04\/Mabel-Matiz-Fatih-Plak1.jpg","contentUrl":"https:\/\/plakci.nl\/wp-content\/uploads\/2025\/04\/Mabel-Matiz-Fatih-Plak1.jpg","width":1200,"height":1200},{"@type":"BreadcrumbList","@id":"https:\/\/plakci.nl\/product\/turkce-mabel-matiz-fatih-2-lp\/#breadcrumb","itemListElement":[{"@type":"ListItem","position":1,"name":"Home","item":"https:\/\/plakci.nl\/"},{"@type":"ListItem","position":2,"name":"Producten","item":"https:\/\/plakci.nl\/producten\/"},{"@type":"ListItem","position":3,"name":"[LP] Mabel Matiz &#8211; Fatih (2 LP)"}]},{"@type":"WebSite","@id":"https:\/\/plakci.nl\/#website","url":"https:\/\/plakci.nl\/","name":"Plakci.nl","description":"T\u00fcrk\u00e7e Plak ve CD","publisher":{"@id":"https:\/\/plakci.nl\/#organization"},"potentialAction":[{"@type":"SearchAction","target":{"@type":"EntryPoint","urlTemplate":"https:\/\/plakci.nl\/?s={search_term_string}"},"query-input":{"@type":"PropertyValueSpecification","valueRequired":true,"valueName":"search_term_string"}}],"inLanguage":"tr"},{"@type":"Organization","@id":"https:\/\/plakci.nl\/#organization","name":"Plakci","url":"https:\/\/plakci.nl\/","logo":{"@type":"ImageObject","inLanguage":"tr","@id":"https:\/\/plakci.nl\/#\/schema\/logo\/image\/","url":"https:\/\/plakci.nl\/wp-content\/uploads\/2021\/08\/Logo_Plakci_transparent-1.png","contentUrl":"https:\/\/plakci.nl\/wp-content\/uploads\/2021\/08\/Logo_Plakci_transparent-1.png","width":89,"height":70,"caption":"Plakci"},"image":{"@id":"https:\/\/plakci.nl\/#\/schema\/logo\/image\/"},"sameAs":["https:\/\/www.facebook.com\/Plakci.nl","https:\/\/www.instagram.com\/plakci.nl\/","https:\/\/www.tiktok.com\/@plakci.nl"]}]}},"_links":{"self":[{"href":"https:\/\/plakci.nl\/tr\/wp-json\/wp\/v2\/product\/7980","targetHints":{"allow":["GET"]}}],"collection":[{"href":"https:\/\/plakci.nl\/tr\/wp-json\/wp\/v2\/product"}],"about":[{"href":"https:\/\/plakci.nl\/tr\/wp-json\/wp\/v2\/types\/product"}],"wp:featuredmedia":[{"embeddable":true,"href":"https:\/\/plakci.nl\/tr\/wp-json\/wp\/v2\/media\/7981"}],"wp:attachment":[{"href":"https:\/\/plakci.nl\/tr\/wp-json\/wp\/v2\/media?parent=7980"}],"wp:term":[{"taxonomy":"product_brand","embeddable":true,"href":"https:\/\/plakci.nl\/tr\/wp-json\/wp\/v2\/product_brand?post=7980"},{"taxonomy":"product_cat","embeddable":true,"href":"https:\/\/plakci.nl\/tr\/wp-json\/wp\/v2\/product_cat?post=7980"},{"taxonomy":"product_tag","embeddable":true,"href":"https:\/\/plakci.nl\/tr\/wp-json\/wp\/v2\/product_tag?post=7980"},{"taxonomy":"giftcard-category","embeddable":true,"href":"https:\/\/plakci.nl\/tr\/wp-json\/wp\/v2\/giftcard-category?post=7980"}],"curies":[{"name":"wp","href":"https:\/\/api.w.org\/{rel}","templated":true}]}}