{"id":956,"date":"2021-02-13T12:24:04","date_gmt":"2021-02-13T11:24:04","guid":{"rendered":"http:\/\/plakci.nl\/?post_type=product&#038;p=956"},"modified":"2026-02-24T15:06:08","modified_gmt":"2026-02-24T13:06:08","slug":"platenborstel","status":"publish","type":"product","link":"https:\/\/plakci.nl\/tr\/product\/platenborstel\/","title":{"rendered":"Plak F\u0131r\u00e7as\u0131"},"content":{"rendered":"<p>Bu Stylus f\u0131r\u00e7as\u0131 saysesinde plaklar\u0131n\u0131zdaki toz ve parmak izlerini ve plak \u00e7alar\u0131n\u0131z\u0131n i\u011fnesindeki tozu temizlemek i\u00e7in uygundur.<\/p>\n<p>Bu sayede plaklar\u0131n\u0131z ve plak \u00e7alar\u0131n\u0131z en iyi durumda kal\u0131r!<\/p>","protected":false},"excerpt":{"rendered":"<p>Bu Stylus f\u0131r\u00e7as\u0131 saysesinde plaklar\u0131n\u0131zdaki toz ve parmak izlerini ve plak \u00e7alar\u0131n\u0131z\u0131n i\u011fnesindeki tozu temizlemek i\u00e7in uygundur. Bu sayede plaklar\u0131n\u0131z ve plak \u00e7alar\u0131n\u0131z en iyi durumda kal\u0131r!<\/p>\n","protected":false},"featured_media":960,"template":"","meta":{"_joinchat":[]},"product_brand":[],"product_cat":[23,823],"product_tag":[303],"giftcard-category":[],"class_list":{"0":"post-956","1":"product","2":"type-product","3":"status-publish","4":"has-post-thumbnail","6":"product_cat-onderdelen","7":"product_cat-schoonmaakproducten","8":"product_tag-platenborstel","10":"first","11":"instock","12":"taxable","13":"shipping-taxable","14":"purchasable","15":"product-type-simple","16":"add-to-wishlist-before_image"},"supplier_id":null,"supplier_sku":"","barcode":null,"atum_controlled":true,"out_stock_date":null,"out_stock_threshold":null,"inheritable":false,"inbound_stock":null,"stock_on_hold":0,"sold_today":0,"sales_last_days":0,"reserved_stock":null,"customer_returns":null,"warehouse_damage":null,"lost_in_post":null,"other_logs":null,"out_stock_days":0,"lost_sales":0,"has_location":false,"update_date":"2026-04-17T00:20:50","atum_locations":[],"atum_stock_status":"instock","restock_status":false,"low_stock_amount":"","sales_update_date":"2026-04-17T00:20:50","calc_backorders":null,"yoast_head":"<!-- This site is optimized with the Yoast SEO plugin v27.2 - https:\/\/yoast.com\/product\/yoast-seo-wordpress\/ -->\n<title>Plak F\u0131r\u00e7as\u0131 - Plakci.nl<\/title>\n<meta name=\"description\" content=\"Maak gemakkelijk en snel uw LP platen stofvrij schoon met deze handige set. De borstel is zacht en zorgt ervoor dat de plaat schoongemaakt word, zonder dat er krassen op de plaat ontstaan. Perfect voor elke verzamelaar!\" \/>\n<meta name=\"robots\" content=\"index, follow, max-snippet:-1, max-image-preview:large, max-video-preview:-1\" \/>\n<link rel=\"canonical\" href=\"https:\/\/plakci.nl\/tr\/product\/platenborstel\/\" \/>\n<meta property=\"og:locale\" content=\"tr_TR\" \/>\n<meta property=\"og:type\" content=\"article\" \/>\n<meta property=\"og:title\" content=\"Plak F\u0131r\u00e7as\u0131 - Plakci.nl\" \/>\n<meta property=\"og:description\" content=\"Maak gemakkelijk en snel uw LP platen stofvrij schoon met deze handige set. De borstel is zacht en zorgt ervoor dat de plaat schoongemaakt word, zonder dat er krassen op de plaat ontstaan. Perfect voor elke verzamelaar!\" \/>\n<meta property=\"og:url\" content=\"https:\/\/plakci.nl\/product\/platenborstel\/\" \/>\n<meta property=\"og:site_name\" content=\"Plakci.nl\" \/>\n<meta property=\"article:publisher\" content=\"https:\/\/www.facebook.com\/Plakci.nl\" \/>\n<meta property=\"article:modified_time\" content=\"2026-02-24T13:06:08+00:00\" \/>\n<meta property=\"og:image\" content=\"https:\/\/plakci.nl\/wp-content\/uploads\/2021\/02\/IMG_8106.jpg\" \/>\n\t<meta property=\"og:image:width\" content=\"900\" \/>\n\t<meta property=\"og:image:height\" content=\"900\" \/>\n\t<meta property=\"og:image:type\" content=\"image\/jpeg\" \/>\n<meta name=\"twitter:card\" content=\"summary_large_image\" \/>\n<meta name=\"twitter:label1\" content=\"Tahmini okuma s\u00fcresi\" \/>\n\t<meta name=\"twitter:data1\" content=\"1 dakika\" \/>\n<script type=\"application\/ld+json\" class=\"yoast-schema-graph\">{\"@context\":\"https:\/\/schema.org\",\"@graph\":[{\"@type\":\"WebPage\",\"@id\":\"https:\/\/plakci.nl\/product\/platenborstel\/\",\"url\":\"https:\/\/plakci.nl\/product\/platenborstel\/\",\"name\":\"Plak F\u0131r\u00e7as\u0131 - Plakci.nl\",\"isPartOf\":{\"@id\":\"https:\/\/plakci.nl\/#website\"},\"primaryImageOfPage\":{\"@id\":\"https:\/\/plakci.nl\/product\/platenborstel\/#primaryimage\"},\"image\":{\"@id\":\"https:\/\/plakci.nl\/product\/platenborstel\/#primaryimage\"},\"thumbnailUrl\":\"https:\/\/plakci.nl\/wp-content\/uploads\/2021\/02\/IMG_8106.jpg\",\"datePublished\":\"2021-02-13T11:24:04+00:00\",\"dateModified\":\"2026-02-24T13:06:08+00:00\",\"description\":\"Maak gemakkelijk en snel uw LP platen stofvrij schoon met deze handige set. De borstel is zacht en zorgt ervoor dat de plaat schoongemaakt word, zonder dat er krassen op de plaat ontstaan. Perfect voor elke verzamelaar!\",\"breadcrumb\":{\"@id\":\"https:\/\/plakci.nl\/product\/platenborstel\/#breadcrumb\"},\"inLanguage\":\"tr\",\"potentialAction\":[{\"@type\":\"ReadAction\",\"target\":[\"https:\/\/plakci.nl\/product\/platenborstel\/\"]}]},{\"@type\":\"ImageObject\",\"inLanguage\":\"tr\",\"@id\":\"https:\/\/plakci.nl\/product\/platenborstel\/#primaryimage\",\"url\":\"https:\/\/plakci.nl\/wp-content\/uploads\/2021\/02\/IMG_8106.jpg\",\"contentUrl\":\"https:\/\/plakci.nl\/wp-content\/uploads\/2021\/02\/IMG_8106.jpg\",\"width\":900,\"height\":900},{\"@type\":\"BreadcrumbList\",\"@id\":\"https:\/\/plakci.nl\/product\/platenborstel\/#breadcrumb\",\"itemListElement\":[{\"@type\":\"ListItem\",\"position\":1,\"name\":\"Home\",\"item\":\"https:\/\/plakci.nl\/\"},{\"@type\":\"ListItem\",\"position\":2,\"name\":\"Producten\",\"item\":\"https:\/\/plakci.nl\/producten\/\"},{\"@type\":\"ListItem\",\"position\":3,\"name\":\"Platenborstel\"}]},{\"@type\":\"WebSite\",\"@id\":\"https:\/\/plakci.nl\/#website\",\"url\":\"https:\/\/plakci.nl\/\",\"name\":\"Plakci.nl\",\"description\":\"T\u00fcrk\u00e7e Plak ve CD\",\"publisher\":{\"@id\":\"https:\/\/plakci.nl\/#organization\"},\"potentialAction\":[{\"@type\":\"SearchAction\",\"target\":{\"@type\":\"EntryPoint\",\"urlTemplate\":\"https:\/\/plakci.nl\/?s={search_term_string}\"},\"query-input\":{\"@type\":\"PropertyValueSpecification\",\"valueRequired\":true,\"valueName\":\"search_term_string\"}}],\"inLanguage\":\"tr\"},{\"@type\":\"Organization\",\"@id\":\"https:\/\/plakci.nl\/#organization\",\"name\":\"Plakci\",\"url\":\"https:\/\/plakci.nl\/\",\"logo\":{\"@type\":\"ImageObject\",\"inLanguage\":\"tr\",\"@id\":\"https:\/\/plakci.nl\/#\/schema\/logo\/image\/\",\"url\":\"https:\/\/plakci.nl\/wp-content\/uploads\/2020\/08\/onlinelogomaker-080320-2106-6551.png\",\"contentUrl\":\"https:\/\/plakci.nl\/wp-content\/uploads\/2020\/08\/onlinelogomaker-080320-2106-6551.png\",\"width\":451,\"height\":356,\"caption\":\"Plakci\"},\"image\":{\"@id\":\"https:\/\/plakci.nl\/#\/schema\/logo\/image\/\"},\"sameAs\":[\"https:\/\/www.facebook.com\/Plakci.nl\",\"https:\/\/www.instagram.com\/plakci.nl\/\"]}]}<\/script>\n<!-- \/ Yoast SEO plugin. -->","yoast_head_json":{"title":"Plak F\u0131r\u00e7as\u0131 - Plakci.nl","description":"Maak gemakkelijk en snel uw LP platen stofvrij schoon met deze handige set. De borstel is zacht en zorgt ervoor dat de plaat schoongemaakt word, zonder dat er krassen op de plaat ontstaan. Perfect voor elke verzamelaar!","robots":{"index":"index","follow":"follow","max-snippet":"max-snippet:-1","max-image-preview":"max-image-preview:large","max-video-preview":"max-video-preview:-1"},"canonical":"https:\/\/plakci.nl\/tr\/product\/platenborstel\/","og_locale":"tr_TR","og_type":"article","og_title":"Plak F\u0131r\u00e7as\u0131 - Plakci.nl","og_description":"Maak gemakkelijk en snel uw LP platen stofvrij schoon met deze handige set. De borstel is zacht en zorgt ervoor dat de plaat schoongemaakt word, zonder dat er krassen op de plaat ontstaan. Perfect voor elke verzamelaar!","og_url":"https:\/\/plakci.nl\/product\/platenborstel\/","og_site_name":"Plakci.nl","article_publisher":"https:\/\/www.facebook.com\/Plakci.nl","article_modified_time":"2026-02-24T13:06:08+00:00","og_image":[{"width":900,"height":900,"url":"https:\/\/plakci.nl\/wp-content\/uploads\/2021\/02\/IMG_8106.jpg","type":"image\/jpeg"}],"twitter_card":"summary_large_image","twitter_misc":{"Tahmini okuma s\u00fcresi":"1 dakika"},"schema":{"@context":"https:\/\/schema.org","@graph":[{"@type":"WebPage","@id":"https:\/\/plakci.nl\/product\/platenborstel\/","url":"https:\/\/plakci.nl\/product\/platenborstel\/","name":"Plak F\u0131r\u00e7as\u0131 - Plakci.nl","isPartOf":{"@id":"https:\/\/plakci.nl\/#website"},"primaryImageOfPage":{"@id":"https:\/\/plakci.nl\/product\/platenborstel\/#primaryimage"},"image":{"@id":"https:\/\/plakci.nl\/product\/platenborstel\/#primaryimage"},"thumbnailUrl":"https:\/\/plakci.nl\/wp-content\/uploads\/2021\/02\/IMG_8106.jpg","datePublished":"2021-02-13T11:24:04+00:00","dateModified":"2026-02-24T13:06:08+00:00","description":"Maak gemakkelijk en snel uw LP platen stofvrij schoon met deze handige set. De borstel is zacht en zorgt ervoor dat de plaat schoongemaakt word, zonder dat er krassen op de plaat ontstaan. Perfect voor elke verzamelaar!","breadcrumb":{"@id":"https:\/\/plakci.nl\/product\/platenborstel\/#breadcrumb"},"inLanguage":"tr","potentialAction":[{"@type":"ReadAction","target":["https:\/\/plakci.nl\/product\/platenborstel\/"]}]},{"@type":"ImageObject","inLanguage":"tr","@id":"https:\/\/plakci.nl\/product\/platenborstel\/#primaryimage","url":"https:\/\/plakci.nl\/wp-content\/uploads\/2021\/02\/IMG_8106.jpg","contentUrl":"https:\/\/plakci.nl\/wp-content\/uploads\/2021\/02\/IMG_8106.jpg","width":900,"height":900},{"@type":"BreadcrumbList","@id":"https:\/\/plakci.nl\/product\/platenborstel\/#breadcrumb","itemListElement":[{"@type":"ListItem","position":1,"name":"Home","item":"https:\/\/plakci.nl\/"},{"@type":"ListItem","position":2,"name":"Producten","item":"https:\/\/plakci.nl\/producten\/"},{"@type":"ListItem","position":3,"name":"Platenborstel"}]},{"@type":"WebSite","@id":"https:\/\/plakci.nl\/#website","url":"https:\/\/plakci.nl\/","name":"Plakci.nl","description":"T\u00fcrk\u00e7e Plak ve CD","publisher":{"@id":"https:\/\/plakci.nl\/#organization"},"potentialAction":[{"@type":"SearchAction","target":{"@type":"EntryPoint","urlTemplate":"https:\/\/plakci.nl\/?s={search_term_string}"},"query-input":{"@type":"PropertyValueSpecification","valueRequired":true,"valueName":"search_term_string"}}],"inLanguage":"tr"},{"@type":"Organization","@id":"https:\/\/plakci.nl\/#organization","name":"Plakci","url":"https:\/\/plakci.nl\/","logo":{"@type":"ImageObject","inLanguage":"tr","@id":"https:\/\/plakci.nl\/#\/schema\/logo\/image\/","url":"https:\/\/plakci.nl\/wp-content\/uploads\/2020\/08\/onlinelogomaker-080320-2106-6551.png","contentUrl":"https:\/\/plakci.nl\/wp-content\/uploads\/2020\/08\/onlinelogomaker-080320-2106-6551.png","width":451,"height":356,"caption":"Plakci"},"image":{"@id":"https:\/\/plakci.nl\/#\/schema\/logo\/image\/"},"sameAs":["https:\/\/www.facebook.com\/Plakci.nl","https:\/\/www.instagram.com\/plakci.nl\/"]}]}},"_links":{"self":[{"href":"https:\/\/plakci.nl\/tr\/wp-json\/wp\/v2\/product\/956","targetHints":{"allow":["GET"]}}],"collection":[{"href":"https:\/\/plakci.nl\/tr\/wp-json\/wp\/v2\/product"}],"about":[{"href":"https:\/\/plakci.nl\/tr\/wp-json\/wp\/v2\/types\/product"}],"wp:featuredmedia":[{"embeddable":true,"href":"https:\/\/plakci.nl\/tr\/wp-json\/wp\/v2\/media\/960"}],"wp:attachment":[{"href":"https:\/\/plakci.nl\/tr\/wp-json\/wp\/v2\/media?parent=956"}],"wp:term":[{"taxonomy":"product_brand","embeddable":true,"href":"https:\/\/plakci.nl\/tr\/wp-json\/wp\/v2\/product_brand?post=956"},{"taxonomy":"product_cat","embeddable":true,"href":"https:\/\/plakci.nl\/tr\/wp-json\/wp\/v2\/product_cat?post=956"},{"taxonomy":"product_tag","embeddable":true,"href":"https:\/\/plakci.nl\/tr\/wp-json\/wp\/v2\/product_tag?post=956"},{"taxonomy":"giftcard-category","embeddable":true,"href":"https:\/\/plakci.nl\/tr\/wp-json\/wp\/v2\/giftcard-category?post=956"}],"curies":[{"name":"wp","href":"https:\/\/api.w.org\/{rel}","templated":true}]}}