{"id":995,"date":"2021-02-23T12:23:00","date_gmt":"2021-02-23T10:23:00","guid":{"rendered":"http:\/\/plakci.nl\/?post_type=product&#038;p=995"},"modified":"2026-04-29T21:09:55","modified_gmt":"2026-04-29T19:09:55","slug":"cesitli-sanatcilar-arabesk-firtinasi-2","status":"publish","type":"product","link":"https:\/\/plakci.nl\/tr\/product\/cesitli-sanatcilar-arabesk-firtinasi-2\/","title":{"rendered":"[LP] \u00c7e\u015fitli Sanat\u00e7\u0131lar &#8211; Arabesk F\u0131rt\u0131nas\u0131 2"},"content":{"rendered":"<p><span style=\"font-size: medium;\">A:<\/span><\/p>\n<ol>\n<li><span style=\"font-size: medium;\">M\u00fcsl\u00fcm G\u00fcrses<br \/>\n\u00dcst\u00fcme D\u00fc\u015fme Benim<br \/>\n<\/span><\/li>\n<li><span style=\"font-size: medium;\">Ferdi Tayfur<br \/>\nBana Sevda \u00c7ekme Derler<br \/>\n<\/span><\/li>\n<li><span style=\"font-size: medium;\">B\u00fclent Ersoy<br \/>\nHasretine Al\u0131\u015ft\u0131m<br \/>\n<\/span><\/li>\n<li><span style=\"font-size: medium;\">Kamuran Akkor<br \/>\nYanl\u0131\u015f Ad\u0131mlar<br \/>\n<\/span><\/li>\n<li><span style=\"font-size: medium;\">Ali Tekint\u00fcre\u00a0(Solist:\u00a0Yunus B\u00fclb\u00fcl)<br \/>\nNerdesin<br \/>\n<\/span><\/li>\n<li><span style=\"font-size: medium;\">Sibel Alt\u0131n<br \/>\nEsmerler G\u00fczeli<\/span><\/li>\n<\/ol>\n<p><span style=\"font-size: medium;\">B:<\/span><\/p>\n<ol>\n<li><span style=\"font-size: medium;\">G\u00f6n\u00fcl Yazar<br \/>\nZaman Almas\u0131n<br \/>\n<\/span><\/li>\n<li><span style=\"font-size: medium;\">Ay\u015fe Tunal\u0131<br \/>\nDavac\u0131y\u0131m<br \/>\n<\/span><\/li>\n<li><span style=\"font-size: medium;\">Zeki M\u00fcren<br \/>\nEsmerim<br \/>\n<\/span><\/li>\n<li><span style=\"font-size: medium;\">Semiha Yank\u0131<br \/>\n\u015eark\u0131lar A\u011fl\u0131yor<br \/>\n<\/span><\/li>\n<li><span style=\"font-size: medium;\">Ay\u015fem<\/span><br \/>\n<span style=\"font-size: medium;\">Dert Zengini<br \/>\n<\/span><\/li>\n<li><span style=\"font-size: medium;\">G\u00fcng\u00f6r Bayrak<\/span><br \/>\n<span style=\"font-size: medium;\">\u0130ste Yavrum \u0130ste<br \/>\n<\/span><\/li>\n<\/ol>\n","protected":false},"excerpt":{"rendered":"<p>A: M\u00fcsl\u00fcm G\u00fcrses \u00dcst\u00fcme D\u00fc\u015fme Benim Ferdi Tayfur Bana Sevda \u00c7ekme Derler B\u00fclent Ersoy Hasretine Al\u0131\u015ft\u0131m Kamuran Akkor Yanl\u0131\u015f Ad\u0131mlar Ali Tekint\u00fcre\u00a0(Solist:\u00a0Yunus B\u00fclb\u00fcl) Nerdesin Sibel Alt\u0131n Esmerler G\u00fczeli B: G\u00f6n\u00fcl Yazar Zaman Almas\u0131n Ay\u015fe Tunal\u0131 Davac\u0131y\u0131m Zeki M\u00fcren Esmerim Semiha Yank\u0131 \u015eark\u0131lar A\u011fl\u0131yor Ay\u015fem Dert Zengini G\u00fcng\u00f6r Bayrak \u0130ste Yavrum \u0130ste<\/p>\n","protected":false},"featured_media":996,"template":"","meta":{"_joinchat":[]},"product_brand":[],"product_cat":[653,114,305,592],"product_tag":[685],"giftcard-category":[],"class_list":{"0":"post-995","1":"product","2":"type-product","3":"status-publish","4":"has-post-thumbnail","6":"product_cat-arabesk","7":"product_cat-arabesk-firtinasi","8":"product_cat-cesitli-sanatcilar","9":"product_cat-lps","10":"product_tag-elenor","12":"first","13":"outofstock","14":"taxable","15":"shipping-taxable","16":"purchasable","17":"product-type-simple","18":"add-to-wishlist-before_image"},"supplier_id":795,"supplier_sku":"8693968227774","barcode":null,"atum_controlled":true,"out_stock_date":"2026-04-29 21:09:55","out_stock_threshold":null,"inheritable":false,"inbound_stock":null,"stock_on_hold":0,"sold_today":0,"sales_last_days":1,"reserved_stock":null,"customer_returns":null,"warehouse_damage":null,"lost_in_post":null,"other_logs":null,"out_stock_days":5,"lost_sales":21,"has_location":false,"update_date":"2026-05-05T00:10:16","atum_locations":[],"atum_stock_status":"outofstock","restock_status":false,"low_stock_amount":"","sales_update_date":"2026-05-05T00:10:16","calc_backorders":null,"yoast_head":"<!-- This site is optimized with the Yoast SEO plugin v27.5 - https:\/\/yoast.com\/product\/yoast-seo-wordpress\/ -->\n<title>\u00c7e\u015fitli Sanat\u00e7\u0131lar - Arabesk F\u0131rt\u0131nas\u0131 2 - Plakci.nl<\/title>\n<meta name=\"robots\" content=\"index, follow, max-snippet:-1, max-image-preview:large, max-video-preview:-1\" \/>\n<link rel=\"canonical\" href=\"https:\/\/plakci.nl\/tr\/product\/cesitli-sanatcilar-arabesk-firtinasi-2\/\" \/>\n<meta property=\"og:locale\" content=\"tr_TR\" \/>\n<meta property=\"og:type\" content=\"article\" \/>\n<meta property=\"og:title\" content=\"\u00c7e\u015fitli Sanat\u00e7\u0131lar - Arabesk F\u0131rt\u0131nas\u0131 2 - Plakci.nl\" \/>\n<meta property=\"og:description\" content=\"A: M\u00fcsl\u00fcm G\u00fcrses \u00dcst\u00fcme D\u00fc\u015fme Benim Ferdi Tayfur Bana Sevda \u00c7ekme Derler B\u00fclent Ersoy Hasretine Al\u0131\u015ft\u0131m Kamuran Akkor Yanl\u0131\u015f Ad\u0131mlar Ali Tekint\u00fcre\u00a0(Solist:\u00a0Yunus B\u00fclb\u00fcl) Nerdesin Sibel Alt\u0131n Esmerler G\u00fczeli B: G\u00f6n\u00fcl Yazar Zaman Almas\u0131n Ay\u015fe Tunal\u0131 Davac\u0131y\u0131m Zeki M\u00fcren Esmerim Semiha Yank\u0131 \u015eark\u0131lar A\u011fl\u0131yor Ay\u015fem Dert Zengini G\u00fcng\u00f6r Bayrak \u0130ste Yavrum \u0130ste\" \/>\n<meta property=\"og:url\" content=\"https:\/\/plakci.nl\/product\/cesitli-sanatcilar-arabesk-firtinasi-2\/\" \/>\n<meta property=\"og:site_name\" content=\"Plakci.nl\" \/>\n<meta property=\"article:publisher\" content=\"https:\/\/www.facebook.com\/Plakci.nl\" \/>\n<meta property=\"article:modified_time\" content=\"2026-04-29T19:09:55+00:00\" \/>\n<meta property=\"og:image\" content=\"https:\/\/plakci.nl\/wp-content\/uploads\/2021\/02\/8693968227774-arabesk-firtinasi-2-ce-6b-aaf.jpg\" \/>\n\t<meta property=\"og:image:width\" content=\"1200\" \/>\n\t<meta property=\"og:image:height\" content=\"1200\" \/>\n\t<meta property=\"og:image:type\" content=\"image\/jpeg\" \/>\n<meta name=\"twitter:card\" content=\"summary_large_image\" \/>\n<meta name=\"twitter:label1\" content=\"Tahmini okuma s\u00fcresi\" \/>\n\t<meta name=\"twitter:data1\" content=\"1 dakika\" \/>\n<script type=\"application\/ld+json\" class=\"yoast-schema-graph\">{\"@context\":\"https:\\\/\\\/schema.org\",\"@graph\":[{\"@type\":\"WebPage\",\"@id\":\"https:\\\/\\\/plakci.nl\\\/product\\\/cesitli-sanatcilar-arabesk-firtinasi-2\\\/\",\"url\":\"https:\\\/\\\/plakci.nl\\\/product\\\/cesitli-sanatcilar-arabesk-firtinasi-2\\\/\",\"name\":\"\u00c7e\u015fitli Sanat\u00e7\u0131lar - Arabesk F\u0131rt\u0131nas\u0131 2 - Plakci.nl\",\"isPartOf\":{\"@id\":\"https:\\\/\\\/plakci.nl\\\/#website\"},\"primaryImageOfPage\":{\"@id\":\"https:\\\/\\\/plakci.nl\\\/product\\\/cesitli-sanatcilar-arabesk-firtinasi-2\\\/#primaryimage\"},\"image\":{\"@id\":\"https:\\\/\\\/plakci.nl\\\/product\\\/cesitli-sanatcilar-arabesk-firtinasi-2\\\/#primaryimage\"},\"thumbnailUrl\":\"https:\\\/\\\/plakci.nl\\\/wp-content\\\/uploads\\\/2021\\\/02\\\/8693968227774-arabesk-firtinasi-2-ce-6b-aaf.jpg\",\"datePublished\":\"2021-02-23T10:23:00+00:00\",\"dateModified\":\"2026-04-29T19:09:55+00:00\",\"breadcrumb\":{\"@id\":\"https:\\\/\\\/plakci.nl\\\/product\\\/cesitli-sanatcilar-arabesk-firtinasi-2\\\/#breadcrumb\"},\"inLanguage\":\"tr\",\"potentialAction\":[{\"@type\":\"ReadAction\",\"target\":[\"https:\\\/\\\/plakci.nl\\\/product\\\/cesitli-sanatcilar-arabesk-firtinasi-2\\\/\"]}]},{\"@type\":\"ImageObject\",\"inLanguage\":\"tr\",\"@id\":\"https:\\\/\\\/plakci.nl\\\/product\\\/cesitli-sanatcilar-arabesk-firtinasi-2\\\/#primaryimage\",\"url\":\"https:\\\/\\\/plakci.nl\\\/wp-content\\\/uploads\\\/2021\\\/02\\\/8693968227774-arabesk-firtinasi-2-ce-6b-aaf.jpg\",\"contentUrl\":\"https:\\\/\\\/plakci.nl\\\/wp-content\\\/uploads\\\/2021\\\/02\\\/8693968227774-arabesk-firtinasi-2-ce-6b-aaf.jpg\",\"width\":1200,\"height\":1200},{\"@type\":\"BreadcrumbList\",\"@id\":\"https:\\\/\\\/plakci.nl\\\/product\\\/cesitli-sanatcilar-arabesk-firtinasi-2\\\/#breadcrumb\",\"itemListElement\":[{\"@type\":\"ListItem\",\"position\":1,\"name\":\"Home\",\"item\":\"https:\\\/\\\/plakci.nl\\\/\"},{\"@type\":\"ListItem\",\"position\":2,\"name\":\"Producten\",\"item\":\"https:\\\/\\\/plakci.nl\\\/producten\\\/\"},{\"@type\":\"ListItem\",\"position\":3,\"name\":\"[LP] \u00c7e\u015fitli Sanat\u00e7\u0131lar &#8211; Arabesk F\u0131rt\u0131nas\u0131 2\"}]},{\"@type\":\"WebSite\",\"@id\":\"https:\\\/\\\/plakci.nl\\\/#website\",\"url\":\"https:\\\/\\\/plakci.nl\\\/\",\"name\":\"Plakci.nl\",\"description\":\"T\u00fcrk\u00e7e Plak ve CD\",\"publisher\":{\"@id\":\"https:\\\/\\\/plakci.nl\\\/#organization\"},\"potentialAction\":[{\"@type\":\"SearchAction\",\"target\":{\"@type\":\"EntryPoint\",\"urlTemplate\":\"https:\\\/\\\/plakci.nl\\\/?s={search_term_string}\"},\"query-input\":{\"@type\":\"PropertyValueSpecification\",\"valueRequired\":true,\"valueName\":\"search_term_string\"}}],\"inLanguage\":\"tr\"},{\"@type\":\"Organization\",\"@id\":\"https:\\\/\\\/plakci.nl\\\/#organization\",\"name\":\"Plakci\",\"url\":\"https:\\\/\\\/plakci.nl\\\/\",\"logo\":{\"@type\":\"ImageObject\",\"inLanguage\":\"tr\",\"@id\":\"https:\\\/\\\/plakci.nl\\\/#\\\/schema\\\/logo\\\/image\\\/\",\"url\":\"https:\\\/\\\/plakci.nl\\\/wp-content\\\/uploads\\\/2021\\\/08\\\/Logo_Plakci_transparent-1.png\",\"contentUrl\":\"https:\\\/\\\/plakci.nl\\\/wp-content\\\/uploads\\\/2021\\\/08\\\/Logo_Plakci_transparent-1.png\",\"width\":89,\"height\":70,\"caption\":\"Plakci\"},\"image\":{\"@id\":\"https:\\\/\\\/plakci.nl\\\/#\\\/schema\\\/logo\\\/image\\\/\"},\"sameAs\":[\"https:\\\/\\\/www.facebook.com\\\/Plakci.nl\",\"https:\\\/\\\/www.instagram.com\\\/plakci.nl\\\/\",\"https:\\\/\\\/www.tiktok.com\\\/@plakci.nl\"]}]}<\/script>\n<!-- \/ Yoast SEO plugin. -->","yoast_head_json":{"title":"\u00c7e\u015fitli Sanat\u00e7\u0131lar - Arabesk F\u0131rt\u0131nas\u0131 2 - Plakci.nl","robots":{"index":"index","follow":"follow","max-snippet":"max-snippet:-1","max-image-preview":"max-image-preview:large","max-video-preview":"max-video-preview:-1"},"canonical":"https:\/\/plakci.nl\/tr\/product\/cesitli-sanatcilar-arabesk-firtinasi-2\/","og_locale":"tr_TR","og_type":"article","og_title":"\u00c7e\u015fitli Sanat\u00e7\u0131lar - Arabesk F\u0131rt\u0131nas\u0131 2 - Plakci.nl","og_description":"A: M\u00fcsl\u00fcm G\u00fcrses \u00dcst\u00fcme D\u00fc\u015fme Benim Ferdi Tayfur Bana Sevda \u00c7ekme Derler B\u00fclent Ersoy Hasretine Al\u0131\u015ft\u0131m Kamuran Akkor Yanl\u0131\u015f Ad\u0131mlar Ali Tekint\u00fcre\u00a0(Solist:\u00a0Yunus B\u00fclb\u00fcl) Nerdesin Sibel Alt\u0131n Esmerler G\u00fczeli B: G\u00f6n\u00fcl Yazar Zaman Almas\u0131n Ay\u015fe Tunal\u0131 Davac\u0131y\u0131m Zeki M\u00fcren Esmerim Semiha Yank\u0131 \u015eark\u0131lar A\u011fl\u0131yor Ay\u015fem Dert Zengini G\u00fcng\u00f6r Bayrak \u0130ste Yavrum \u0130ste","og_url":"https:\/\/plakci.nl\/product\/cesitli-sanatcilar-arabesk-firtinasi-2\/","og_site_name":"Plakci.nl","article_publisher":"https:\/\/www.facebook.com\/Plakci.nl","article_modified_time":"2026-04-29T19:09:55+00:00","og_image":[{"width":1200,"height":1200,"url":"https:\/\/plakci.nl\/wp-content\/uploads\/2021\/02\/8693968227774-arabesk-firtinasi-2-ce-6b-aaf.jpg","type":"image\/jpeg"}],"twitter_card":"summary_large_image","twitter_misc":{"Tahmini okuma s\u00fcresi":"1 dakika"},"schema":{"@context":"https:\/\/schema.org","@graph":[{"@type":"WebPage","@id":"https:\/\/plakci.nl\/product\/cesitli-sanatcilar-arabesk-firtinasi-2\/","url":"https:\/\/plakci.nl\/product\/cesitli-sanatcilar-arabesk-firtinasi-2\/","name":"\u00c7e\u015fitli Sanat\u00e7\u0131lar - Arabesk F\u0131rt\u0131nas\u0131 2 - Plakci.nl","isPartOf":{"@id":"https:\/\/plakci.nl\/#website"},"primaryImageOfPage":{"@id":"https:\/\/plakci.nl\/product\/cesitli-sanatcilar-arabesk-firtinasi-2\/#primaryimage"},"image":{"@id":"https:\/\/plakci.nl\/product\/cesitli-sanatcilar-arabesk-firtinasi-2\/#primaryimage"},"thumbnailUrl":"https:\/\/plakci.nl\/wp-content\/uploads\/2021\/02\/8693968227774-arabesk-firtinasi-2-ce-6b-aaf.jpg","datePublished":"2021-02-23T10:23:00+00:00","dateModified":"2026-04-29T19:09:55+00:00","breadcrumb":{"@id":"https:\/\/plakci.nl\/product\/cesitli-sanatcilar-arabesk-firtinasi-2\/#breadcrumb"},"inLanguage":"tr","potentialAction":[{"@type":"ReadAction","target":["https:\/\/plakci.nl\/product\/cesitli-sanatcilar-arabesk-firtinasi-2\/"]}]},{"@type":"ImageObject","inLanguage":"tr","@id":"https:\/\/plakci.nl\/product\/cesitli-sanatcilar-arabesk-firtinasi-2\/#primaryimage","url":"https:\/\/plakci.nl\/wp-content\/uploads\/2021\/02\/8693968227774-arabesk-firtinasi-2-ce-6b-aaf.jpg","contentUrl":"https:\/\/plakci.nl\/wp-content\/uploads\/2021\/02\/8693968227774-arabesk-firtinasi-2-ce-6b-aaf.jpg","width":1200,"height":1200},{"@type":"BreadcrumbList","@id":"https:\/\/plakci.nl\/product\/cesitli-sanatcilar-arabesk-firtinasi-2\/#breadcrumb","itemListElement":[{"@type":"ListItem","position":1,"name":"Home","item":"https:\/\/plakci.nl\/"},{"@type":"ListItem","position":2,"name":"Producten","item":"https:\/\/plakci.nl\/producten\/"},{"@type":"ListItem","position":3,"name":"[LP] \u00c7e\u015fitli Sanat\u00e7\u0131lar &#8211; Arabesk F\u0131rt\u0131nas\u0131 2"}]},{"@type":"WebSite","@id":"https:\/\/plakci.nl\/#website","url":"https:\/\/plakci.nl\/","name":"Plakci.nl","description":"T\u00fcrk\u00e7e Plak ve CD","publisher":{"@id":"https:\/\/plakci.nl\/#organization"},"potentialAction":[{"@type":"SearchAction","target":{"@type":"EntryPoint","urlTemplate":"https:\/\/plakci.nl\/?s={search_term_string}"},"query-input":{"@type":"PropertyValueSpecification","valueRequired":true,"valueName":"search_term_string"}}],"inLanguage":"tr"},{"@type":"Organization","@id":"https:\/\/plakci.nl\/#organization","name":"Plakci","url":"https:\/\/plakci.nl\/","logo":{"@type":"ImageObject","inLanguage":"tr","@id":"https:\/\/plakci.nl\/#\/schema\/logo\/image\/","url":"https:\/\/plakci.nl\/wp-content\/uploads\/2021\/08\/Logo_Plakci_transparent-1.png","contentUrl":"https:\/\/plakci.nl\/wp-content\/uploads\/2021\/08\/Logo_Plakci_transparent-1.png","width":89,"height":70,"caption":"Plakci"},"image":{"@id":"https:\/\/plakci.nl\/#\/schema\/logo\/image\/"},"sameAs":["https:\/\/www.facebook.com\/Plakci.nl","https:\/\/www.instagram.com\/plakci.nl\/","https:\/\/www.tiktok.com\/@plakci.nl"]}]}},"_links":{"self":[{"href":"https:\/\/plakci.nl\/tr\/wp-json\/wp\/v2\/product\/995","targetHints":{"allow":["GET"]}}],"collection":[{"href":"https:\/\/plakci.nl\/tr\/wp-json\/wp\/v2\/product"}],"about":[{"href":"https:\/\/plakci.nl\/tr\/wp-json\/wp\/v2\/types\/product"}],"wp:featuredmedia":[{"embeddable":true,"href":"https:\/\/plakci.nl\/tr\/wp-json\/wp\/v2\/media\/996"}],"wp:attachment":[{"href":"https:\/\/plakci.nl\/tr\/wp-json\/wp\/v2\/media?parent=995"}],"wp:term":[{"taxonomy":"product_brand","embeddable":true,"href":"https:\/\/plakci.nl\/tr\/wp-json\/wp\/v2\/product_brand?post=995"},{"taxonomy":"product_cat","embeddable":true,"href":"https:\/\/plakci.nl\/tr\/wp-json\/wp\/v2\/product_cat?post=995"},{"taxonomy":"product_tag","embeddable":true,"href":"https:\/\/plakci.nl\/tr\/wp-json\/wp\/v2\/product_tag?post=995"},{"taxonomy":"giftcard-category","embeddable":true,"href":"https:\/\/plakci.nl\/tr\/wp-json\/wp\/v2\/giftcard-category?post=995"}],"curies":[{"name":"wp","href":"https:\/\/api.w.org\/{rel}","templated":true}]}}